{"id":9931688,"date":"2024-12-02T00:02:13","date_gmt":"2024-12-01T23:02:13","guid":{"rendered":"https:\/\/varjasfutofolia.hu\/?post_type=product&#038;p=9931688"},"modified":"2024-12-02T00:02:17","modified_gmt":"2024-12-01T23:02:17","slug":"premium-wifi-smart-infrapanelek-1000-watt","status":"publish","type":"product","link":"https:\/\/varjasfutofolia.hu\/de\/termek\/premium-wifi-smart-infrapanelek-1000-watt\/","title":{"rendered":"Pr\u00e9mium Wifi smart Infrapanelek 1000 Watt"},"content":{"rendered":"<p>Napjainkban ahogy cs\u00f6kken az \u00e9p\u00fcletek energiavesztes\u00e9ge, \u00fagy emelkedik az elektromos f\u0171t\u00e9sek gyakoribb felhaszn\u00e1l\u00e1sa.\u00a0 A kedvez\u0151 beruh\u00e1z\u00e1si k\u00f6lts\u00e9g mellett nagy el\u0151ny a gyors \u00e9s komfortos meleg.<\/p>\n<p><a href=\"https:\/\/www.futofolia.hu\/infrafutes\/\">Az infraf\u0171t\u00e9s<\/a> a sug\u00e1rz\u00f3 h\u0151nek k\u00f6sz\u00f6nhet\u0151en k\u00f6zvetlen\u00fcl az embert meleg\u00edti \u00e9s. a t\u00e1rgyakat, majd a leveg\u0151 csak ezt k\u00f6vet\u0151en melegszik fel, \u00edgy a komfortos meleg el\u00e9r\u00e9se t\u00f6red\u00e9ke m\u00e1s f\u0171t\u00e9shez k\u00e9pest, \u00e9s az energia felhaszn\u00e1l\u00e1s is optim\u00e1lisabb.<\/p>\n<p>Az infrapanelek felhaszn\u00e1l\u00e1si lehet\u0151s\u00e9ge korl\u00e1tlan. Tehetj\u00fck a falra \u00e1ll\u00edtva vagy fektetve. Telep\u00edthet\u0151 mennyezetre vagy tehetj\u00fck \u00e1llv\u00e1nyra. Lehet a telep\u00edt\u00e9s fix vagy mobil is.<\/p>\n<p>A k\u00fcl\u00f6nb\u00f6z\u0151 m\u00e9reteknek \u00e9s teljes\u00edtm\u00e9nynek k\u00f6sz\u00f6nhet\u0151en minden alapter\u00fclethez meg van a megfelel\u0151 infrapanel.<\/p>\n<p>A felhelyezett infrapanel el\u0151lapja k\u00e9pezi a sug\u00e1rz\u00f3 fel\u00fcletet. A h\u0151lead\u00f3 k\u00e9pess\u00e9g f\u00fcgg a panel m\u00e9ret\u00e9t\u0151l \u00e9s t\u00edpus\u00e1t\u00f3l is. K\u00fclt\u00e9ren \u00e9s belt\u00e9ren is alkalmas a k\u00edv\u00e1nt komfortos meleg el\u00e9r\u00e9s\u00e9re. Az infrapanel nagy hat\u00e9konys\u00e1g\u00fa f\u0171t\u00e9si rendszer, ami az energia 99%-\u00e1t tudja h\u0151energi\u00e1v\u00e1 alak\u00edtani, \u00edgy a h\u0151vesztes\u00e9ge minim\u00e1lis.<\/p>\n<p>Az infrapanel nagy el\u0151nye m\u00e9g a komfortos meleg \u00e9rzet. A ny\u00e1ri napsug\u00e1rz\u00e1shoz lehet legjobban hasonl\u00edtani, teljesen m\u00e1s min\u0151s\u00e9g\u0171 meleget \u00e1ll\u00edt el\u0151, mint m\u00e1s f\u0171t\u00e9srendszerek.<\/p>\n<h3><strong>Gazdas\u00e1gos fentart\u00e1s<\/strong><\/h3>\n<p>Nem ig\u00e9nyel az infrapanel \u00e9venk\u00e9nti karbantart\u00e1st\u00f3l, ezzel nem vagyunk kiszolg\u00e1ltatva a szakember hi\u00e1nynak \u00e9s a felesleges, de m\u00e1s f\u0171t\u00e9si rendszerekn\u00e9l sz\u00fcks\u00e9ges karbantart\u00e1si k\u00f6lts\u00e9gnek.<\/p>\n<h3><strong>Vez\u00e9rl\u00e9s<\/strong><\/h3>\n<p>Az infrapanelek mindegyike tartalmaz egy r\u00e1di\u00f3frekvenci\u00e1s vez\u00e9rl\u0151 egys\u00e9get, mely a saj\u00e1t termoszt\u00e1tj\u00e1val vezet\u00e9k n\u00e9lk\u00fcl kommunik\u00e1l, a panelban t\u00f6bb \u00e9rz\u00e9kel\u0151 van elhelyezve, hogy a fel\u00fclet\u00e9t mindig az optim\u00e1lis h\u0151fokon tartsa, ne melegedjen t\u00fal \u00e9s ne is h\u0171lj\u00f6n vissza t\u00falzottan. B\u00e1rmelyik infrapanel\u00fcnkre \u00e9rv\u00e9nyes, t\u00f6bb fajta t\u00edpust lehet kombin\u00e1lni, legyen sz\u00f3 \u00fcveg, t\u00fck\u00f6r v\u00e1ltozatr\u00f3l.<\/p>\n<p>A vez\u00e9rl\u00e9s ig\u00e9ny eset\u00e9n egyszer\u0171 termoszt\u00e1ttal is m\u0171k\u00f6dtethet\u0151, vagy ak\u00e1r okos otthon rendszerrel kombin\u00e1lhat\u00f3, \u00edgy a smartotthonunk r\u00e9sz\u00e9v\u00e9 tud v\u00e1lni.<\/p>\n<h3><a href=\"https:\/\/www.futofolia.hu\/termek\/smart-plug-wifi-konnektor-termosztat\/\">Smart Plug Wifi konnektor termoszt\u00e1t<\/a><\/h3>\n<p><a href=\"https:\/\/www.futofolia.hu\/termek\/smart-plug-wifi-konnektor-termosztat\/\"><img loading=\"lazy\" decoding=\"async\" class=\"alignnone wp-image-9903386 size-medium\" src=\"https:\/\/www.futofolia.hu\/wp-content\/uploads\/2020\/07\/wifi_termosztat-300x227.png\" alt=\"wifi_termosztat\" width=\"300\" height=\"227\" \/><\/a><\/p>\n<p>Falon k\u00edv\u00fclre szerelhet\u0151 elemes r\u00e1di\u00f3frekvenci\u00e1s programozhat\u00f3 termoszt\u00e1t, telefonr\u00f3l ifin kereszt\u00fcl nem vez\u00e9relhet\u0151, de a helys\u00e9gen bel\u00fcl vezet\u00e9k n\u00e9lk\u00fcl az infra panellel \u00f6sszek\u00f6thet\u0151. Olyan helyekre aj\u00e1nljuk, ahol nincs lehet\u0151s\u00e9g a falbont\u00e1sra, \u00e9s nincs ig\u00e9ny a t\u00e1voli el\u00e9r\u00e9sre, nem szeretn\u00e9k vezet\u00e9kkel \u00f6sszek\u00f6tni az \u00f6sszes infrapanelt a vez\u00e9rl\u00e9ssel.<\/p>\n<h3><a href=\"https:\/\/www.futofolia.hu\/termek\/smart-rf-termosztat\/\">Smart 1.0 RF termoszt\u00e1t<\/a><\/h3>\n<p><a href=\"https:\/\/www.futofolia.hu\/termek\/smart-rf-termosztat\/\"><img loading=\"lazy\" decoding=\"async\" class=\"alignnone wp-image-9903392 size-medium\" src=\"https:\/\/www.futofolia.hu\/wp-content\/uploads\/2020\/07\/rf_termosztat-1-300x224.png\" alt=\"rf_termosztat\" width=\"300\" height=\"224\" \/><\/a><\/p>\n<p>Falon k\u00edv\u00fclre szerelhet\u0151 elemes r\u00e1di\u00f3frekvenci\u00e1s programozhat\u00f3 termoszt\u00e1t, telefonr\u00f3l ifin kereszt\u00fcl nem vez\u00e9relhet\u0151, de a helys\u00e9gen bel\u00fcl vezet\u00e9k n\u00e9lk\u00fcl az infra panellel \u00f6sszek\u00f6thet\u0151. Olyan helyekre aj\u00e1nljuk, ahol nincs lehet\u0151s\u00e9g a falbont\u00e1sra, \u00e9s nincs ig\u00e9ny a t\u00e1voli el\u00e9r\u00e9sre, nem szeretn\u00e9k vezet\u00e9kkel \u00f6sszek\u00f6tni az \u00f6sszes infrapanelt a vez\u00e9rl\u00e9ssel.<\/p>\n<h3><a href=\"https:\/\/www.futofolia.hu\/termek\/smart-1-0-pro-wifi-termosztat-2\/\">Smart 1.0 Pro Wifi termoszt\u00e1t<\/a><\/h3>\n<p><a href=\"https:\/\/www.futofolia.hu\/termek\/smart-1-0-pro-wifi-termosztat-2\/\"><img loading=\"lazy\" decoding=\"async\" class=\"alignnone wp-image-9903396 size-medium\" src=\"https:\/\/www.futofolia.hu\/wp-content\/uploads\/2020\/07\/wifi_termosztat-3-300x203.png\" alt=\"wifi_termosztat\" width=\"300\" height=\"203\" \/><\/a><\/p>\n<p>65 mm-es szerelv\u00e9nydobozba helyezhet\u0151. Ajt\u00f3nyit\u00e1s \u00e9rz\u00e9kel\u0151vel \u00e9s \u00f6ntanul\u00f3 funkci\u00f3val rendelkez\u0151 okos termoszt\u00e1t, mely telefonr\u00f3l a vil\u00e1g b\u00e1rmely pontj\u00e1r\u00f3l k\u00f6nnyen haszn\u00e1lhat\u00f3.<\/p>\n<p>&nbsp;<\/p>\n<h4><strong>Falra \u00e9s mennyezetre szerelhet\u0151 Infrapanel\u00a0<\/strong> m\u0171szaki adatok.<\/h4>\n<ul>\n<li>Teljes\u00edtm\u00e9ny t\u00edpusok Pr\u00e9mium Wifi Smart sz\u00e9ria: 350-380-540-700-1000W<\/li>\n<li>Teljes\u00edtm\u00e9ny t\u00edpusok Pr\u00e9mium Wifi Smart \u00dcveg sz\u00e9ria: 400-600-800W<\/li>\n<li>Teljes\u00edtm\u00e9ny t\u00edpusok Pr\u00e9mium Wifi Smart T\u00fck\u00f6r sz\u00e9ria: 300-450-650W<\/li>\n<li>Teljes\u00edtm\u00e9ny t\u00edpusok<\/li>\n<li>Fel\u00fcleti h\u0151m\u00e9rs\u00e9klet: 90 &#8211; 95 \u00b0C<\/li>\n<li>Fesz\u00fclts\u00e9g: 230V<\/li>\n<li>V\u00e9delmi besorol\u00e1s: IPX2, vagy IP44<\/li>\n<li>F\u0171t\u0151panel jellege: Carbon-Silver pr\u00e9mium<\/li>\n<li>R\u00f6gz\u00edt\u00e9s: fali (szerel\u0151sablon) vagy mennyezeti konzol (v\u00e1laszthat\u00f3 opci\u00f3), alum\u00ednium tart\u00f3szerkezet (l\u00e1bak)<\/li>\n<li>Keret:\u00a0 Feh\u00e9r (tiszt\u00edthat\u00f3) (Pr\u00e9mium wifi smart alap modellekn\u00e9l)<\/li>\n<li>Fel\u00fclet: Feh\u00e9r (tiszt\u00edthat\u00f3), vagy \u00fcveg vagy t\u00fck\u00f6r<\/li>\n<li>H\u00e1tlap: teljes fel\u00fclet\u0171 alum\u00ednium<\/li>\n<li>T\u00falmeleged\u00e9s v\u00e9delem: t\u00f6bbsz\u00f6r\u00f6s elektronikus<\/li>\n<li>Csatlakoz\u00f3 vezet\u00e9k: 1,3m (lev\u00e1ghat\u00f3) + szabv\u00e1ny dug alj<\/li>\n<li>Csomagol\u00e1s: pr\u00e9mium k\u00f6rnyezetbar\u00e1t doboz<\/li>\n<li>Tan\u00fas\u00edtv\u00e1nyok: CE , T\u00dcV, ROHS<\/li>\n<li>Alacsony beruh\u00e1z\u00e1si \u00e9s \u00fczemeltet\u00e9si k\u00f6lts\u00e9gek, karbantart\u00e1smentes m\u0171k\u00f6d\u00e9s<\/li>\n<\/ul>\n<p>&nbsp;<\/p>\n<p>Minden lak\u00e1sba, falra, mennyezetre teraszra telep\u00edtet\u0151, ahol elektromos \u00e1ram rendelkez\u00e9sre \u00e1ll. Hat\u00e9konys\u00e1ga m\u00e1s elektromos f\u0171t\u00e9shez k\u00e9pest jobb, hisz az infrasugarak a t\u00e1rgyakat \u00e9s embereket meleg\u00edti. Azoknak, akiknek az eg\u00e9szs\u00e9g is fontos j\u00f3 v\u00e1laszt\u00e1s ez a term\u00e9k, hisz nem \u00e1ramoltatja. a leveg\u0151t, \u00e9s az infrasugarak j\u00f3 hat\u00e1ssal vannak az emberi szervezetre.<\/p>\n<h4><strong>El\u0151ny\u00f6k<\/strong><\/h4>\n<ul>\n<li>Fah\u00e1zakba, nyaral\u00f3kba, irod\u00e1kba, teraszokra is felszerelhet\u0151<\/li>\n<li>Nem tartalmaz mozg\u00f3 alkatr\u00e9szt, szinte korl\u00e1tlan \u00e9lettartam\u00fa<\/li>\n<li>Komfortos meleget biztos\u00edt gazdas\u00e1gos fogyaszt\u00e1s mellett.<\/li>\n<li>Be\u00fczemel\u00e9s ut\u00e1n tov\u00e1bbi r\u00e1ford\u00edt\u00e1st nem ig\u00e9nyel, nincs \u00e9ves karbantart\u00e1si k\u00f6lts\u00e9g<\/li>\n<li>\u00a0\u00c9jszakai \u00e1ramr\u00f3l is \u00fczemeltethet\u0151 a megfelel\u0151 \u00e1ramv\u00e1lt\u00f3 be\u00e9p\u00edt\u00e9s\u00e9vel (ez ak\u00e1r 40% energia megtakar\u00edt\u00e1st is jelenthet)<\/li>\n<\/ul>\n<p>&nbsp;<\/p>\n<p>A Sundirect Smart alkalmaz\u00e1sok let\u00f6lthet\u0151ek az App Storeb\u00f3l \u00e9s a Google Play \u00e1ruh\u00e1zb\u00f3l:<\/p>\n<p><a href=\"https:\/\/play.google.com\/store\/apps\/details?id=com.sundirect.smart&amp;hl=hu&amp;gl=US\"><img loading=\"lazy\" decoding=\"async\" class=\"alignnone size-medium wp-image-9935143\" src=\"https:\/\/www.futofolia.hu\/wp-content\/uploads\/2020\/05\/googleplay-300x93.png\" alt=\"\" width=\"300\" height=\"93\" \/><\/a> <a href=\"https:\/\/apps.apple.com\/us\/app\/sundirect-smart\/id1398707078\"><img loading=\"lazy\" decoding=\"async\" class=\"alignnone size-medium wp-image-9935144\" src=\"https:\/\/www.futofolia.hu\/wp-content\/uploads\/2020\/05\/app_store-300x104.png\" alt=\"App Store \" width=\"300\" height=\"104\" \/><\/a><\/p>\n<p><a href=\"https:\/\/www.futofolia.hu\/infrapanel\/\">N\u00e9zze meg a t\u00f6bbi infrapanel v\u00e1laszt\u00e9kunkat is.<\/a><\/p>\n","protected":false},"excerpt":{"rendered":"<p><strong>M\u0171szaki adatok:<\/strong><\/p>\n<p>T\u00edpus: <strong>Infrapanel<\/strong><br \/>\nTerm\u00e9k jellege: Wifi infrapanel<\/p>\n<p>Teljes\u00edtm\u00e9ny \/ Watt: 1000 Watt<br \/>\nTeljes\u00edtm\u00e9ny \/ Amper: 4,34 A<\/p>\n<p>S\u00faly: 10 kg<\/p>\n<p>M\u00e9ret (sz\u00e9less\u00e9g, hossz\u00fas\u00e1g, vastags\u00e1g): 85 120 x 3 cm<br \/>\nVez\u00e9rl\u00e9s: Saj\u00e1t RF termoszt\u00e1t (k\u00fcl\u00f6n rendelhet\u0151)<br \/>\n\u00dczemi h\u0151m\u00e9rs\u00e9klet: 80 &#8211; 95 \u00b0C<br \/>\nFesz\u00fclts\u00e9g: 230 V<br \/>\nV\u00e9delem: Be\u00e9p\u00edtett t\u00falmeleged\u00e9s g\u00e1tl\u00f3 (\u00f6tsz\u00f6r\u00f6s elektronikus)<br \/>\nFel\u00fclet, h\u00e1tlap: Feh\u00e9r el\u0151lap (tiszt\u00edthat\u00f3) , elox\u00e1lt aluminum h\u00e1tlap<br \/>\nKeret anyaga: aluminium<br \/>\nV\u00e9delmi besorol\u00e1s: IPX2<br \/>\nCsatlakoz\u00f3 vezet\u00e9k: h\u00e1ts\u00f3 kivezet\u00e9s<br \/>\nCsomagol\u00e1s: Doboz<br \/>\nTan\u00fas\u00edtv\u00e1nyok: Ce, T\u00fcv, Roch<\/p>\n","protected":false},"featured_media":9921326,"comment_status":"open","ping_status":"closed","template":"","meta":{"_et_pb_use_builder":"","_et_pb_old_content":"","_et_gb_content_width":""},"product_brand":[],"product_cat":[30,39],"product_tag":[41,33,34],"class_list":{"0":"post-9931688","1":"product","2":"type-product","3":"status-publish","4":"has-post-thumbnail","6":"product_cat-infrapanel","7":"product_cat-premium-infrapanel","8":"product_tag-elektromos-futes","9":"product_tag-infrafutes","10":"product_tag-infrapanel","12":"first","13":"instock","14":"taxable","15":"shipping-taxable","16":"purchasable","17":"product-type-simple"},"yoast_head":"<!-- This site is optimized with the Yoast SEO plugin v26.0 - https:\/\/yoast.com\/wordpress\/plugins\/seo\/ -->\n<title>Pr\u00e9mium Wifi smart Infrapanelek 1000 Watt - Varjas F\u0171t\u0151f\u00f3lia<\/title>\n<meta name=\"robots\" content=\"index, follow, max-snippet:-1, max-image-preview:large, max-video-preview:-1\" \/>\n<link rel=\"canonical\" href=\"https:\/\/varjasfutofolia.hu\/de\/termek\/premium-wifi-smart-infrapanelek-1000-watt\/\" \/>\n<meta property=\"og:locale\" content=\"de_DE\" \/>\n<meta property=\"og:locale:alternate\" content=\"en_US\" \/>\n<meta property=\"og:locale:alternate\" content=\"hu_HU\" \/>\n<meta property=\"og:type\" content=\"article\" \/>\n<meta property=\"og:title\" content=\"Pr\u00e9mium Wifi smart Infrapanelek 1000 Watt - Varjas F\u0171t\u0151f\u00f3lia\" \/>\n<meta property=\"og:description\" content=\"M\u0171szaki adatok:  T\u00edpus: Infrapanel Term\u00e9k jellege: Wifi infrapanel  Teljes\u00edtm\u00e9ny \/ Watt: 1000 Watt Teljes\u00edtm\u00e9ny \/ Amper: 4,34 A  S\u00faly: 10 kg  M\u00e9ret (sz\u00e9less\u00e9g, hossz\u00fas\u00e1g, vastags\u00e1g): 85 120 x 3 cm Vez\u00e9rl\u00e9s: Saj\u00e1t RF termoszt\u00e1t (k\u00fcl\u00f6n rendelhet\u0151) \u00dczemi h\u0151m\u00e9rs\u00e9klet: 80 - 95 \u00b0C Fesz\u00fclts\u00e9g: 230 V V\u00e9delem: Be\u00e9p\u00edtett t\u00falmeleged\u00e9s g\u00e1tl\u00f3 (\u00f6tsz\u00f6r\u00f6s elektronikus) Fel\u00fclet, h\u00e1tlap: Feh\u00e9r el\u0151lap (tiszt\u00edthat\u00f3) , elox\u00e1lt aluminum h\u00e1tlap Keret anyaga: aluminium V\u00e9delmi besorol\u00e1s: IPX2 Csatlakoz\u00f3 vezet\u00e9k: h\u00e1ts\u00f3 kivezet\u00e9s Csomagol\u00e1s: Doboz Tan\u00fas\u00edtv\u00e1nyok: Ce, T\u00fcv, Roch\" \/>\n<meta property=\"og:url\" content=\"https:\/\/varjasfutofolia.hu\/de\/termek\/premium-wifi-smart-infrapanelek-1000-watt\/\" \/>\n<meta property=\"og:site_name\" content=\"Varjas F\u0171t\u0151f\u00f3lia\" \/>\n<meta property=\"article:modified_time\" content=\"2024-12-01T23:02:17+00:00\" \/>\n<meta name=\"twitter:card\" content=\"summary_large_image\" \/>\n<meta name=\"twitter:label1\" content=\"Gesch\u00e4tzte Lesezeit\" \/>\n\t<meta name=\"twitter:data1\" content=\"5\u00a0Minuten\" \/>\n<script type=\"application\/ld+json\" class=\"yoast-schema-graph\">{\"@context\":\"https:\/\/schema.org\",\"@graph\":[{\"@type\":\"WebPage\",\"@id\":\"https:\/\/varjasfutofolia.hu\/termek\/premium-wifi-smart-infrapanelek-1000-watt\/\",\"url\":\"https:\/\/varjasfutofolia.hu\/termek\/premium-wifi-smart-infrapanelek-1000-watt\/\",\"name\":\"Pr\u00e9mium Wifi smart Infrapanelek 1000 Watt - Varjas F\u0171t\u0151f\u00f3lia\",\"isPartOf\":{\"@id\":\"https:\/\/varjasfutofolia.hu\/#website\"},\"primaryImageOfPage\":{\"@id\":\"https:\/\/varjasfutofolia.hu\/termek\/premium-wifi-smart-infrapanelek-1000-watt\/#primaryimage\"},\"image\":{\"@id\":\"https:\/\/varjasfutofolia.hu\/termek\/premium-wifi-smart-infrapanelek-1000-watt\/#primaryimage\"},\"thumbnailUrl\":\"https:\/\/varjasfutofolia.hu\/wp-content\/uploads\/2021\/11\/PE1000-Plus.jpg\",\"datePublished\":\"2024-12-01T23:02:13+00:00\",\"dateModified\":\"2024-12-01T23:02:17+00:00\",\"breadcrumb\":{\"@id\":\"https:\/\/varjasfutofolia.hu\/termek\/premium-wifi-smart-infrapanelek-1000-watt\/#breadcrumb\"},\"inLanguage\":\"de-DE\",\"potentialAction\":[{\"@type\":\"ReadAction\",\"target\":[\"https:\/\/varjasfutofolia.hu\/termek\/premium-wifi-smart-infrapanelek-1000-watt\/\"]}]},{\"@type\":\"ImageObject\",\"inLanguage\":\"de-DE\",\"@id\":\"https:\/\/varjasfutofolia.hu\/termek\/premium-wifi-smart-infrapanelek-1000-watt\/#primaryimage\",\"url\":\"https:\/\/varjasfutofolia.hu\/wp-content\/uploads\/2021\/11\/PE1000-Plus.jpg\",\"contentUrl\":\"https:\/\/varjasfutofolia.hu\/wp-content\/uploads\/2021\/11\/PE1000-Plus.jpg\",\"width\":366,\"height\":550},{\"@type\":\"BreadcrumbList\",\"@id\":\"https:\/\/varjasfutofolia.hu\/termek\/premium-wifi-smart-infrapanelek-1000-watt\/#breadcrumb\",\"itemListElement\":[{\"@type\":\"ListItem\",\"position\":1,\"name\":\"Kezd\u0151lap\",\"item\":\"https:\/\/varjasfutofolia.hu\/\"},{\"@type\":\"ListItem\",\"position\":2,\"name\":\"\u00dczlet\",\"item\":\"https:\/\/varjasfutofolia.hu\/uzlet\/\"},{\"@type\":\"ListItem\",\"position\":3,\"name\":\"Pr\u00e9mium Wifi smart Infrapanelek 1000 Watt\"}]},{\"@type\":\"WebSite\",\"@id\":\"https:\/\/varjasfutofolia.hu\/#website\",\"url\":\"https:\/\/varjasfutofolia.hu\/\",\"name\":\"Varjas F\u0171t\u0151f\u00f3lia\",\"description\":\"A Nap melege az \u00d6n otthon\u00e1ban\",\"potentialAction\":[{\"@type\":\"SearchAction\",\"target\":{\"@type\":\"EntryPoint\",\"urlTemplate\":\"https:\/\/varjasfutofolia.hu\/?s={search_term_string}\"},\"query-input\":{\"@type\":\"PropertyValueSpecification\",\"valueRequired\":true,\"valueName\":\"search_term_string\"}}],\"inLanguage\":\"de-DE\"}]}<\/script>\n<!-- \/ Yoast SEO plugin. -->","yoast_head_json":{"title":"Pr\u00e9mium Wifi smart Infrapanelek 1000 Watt - Varjas F\u0171t\u0151f\u00f3lia","robots":{"index":"index","follow":"follow","max-snippet":"max-snippet:-1","max-image-preview":"max-image-preview:large","max-video-preview":"max-video-preview:-1"},"canonical":"https:\/\/varjasfutofolia.hu\/de\/termek\/premium-wifi-smart-infrapanelek-1000-watt\/","og_locale":"de_DE","og_type":"article","og_title":"Pr\u00e9mium Wifi smart Infrapanelek 1000 Watt - Varjas F\u0171t\u0151f\u00f3lia","og_description":"M\u0171szaki adatok:  T\u00edpus: Infrapanel Term\u00e9k jellege: Wifi infrapanel  Teljes\u00edtm\u00e9ny \/ Watt: 1000 Watt Teljes\u00edtm\u00e9ny \/ Amper: 4,34 A  S\u00faly: 10 kg  M\u00e9ret (sz\u00e9less\u00e9g, hossz\u00fas\u00e1g, vastags\u00e1g): 85 120 x 3 cm Vez\u00e9rl\u00e9s: Saj\u00e1t RF termoszt\u00e1t (k\u00fcl\u00f6n rendelhet\u0151) \u00dczemi h\u0151m\u00e9rs\u00e9klet: 80 - 95 \u00b0C Fesz\u00fclts\u00e9g: 230 V V\u00e9delem: Be\u00e9p\u00edtett t\u00falmeleged\u00e9s g\u00e1tl\u00f3 (\u00f6tsz\u00f6r\u00f6s elektronikus) Fel\u00fclet, h\u00e1tlap: Feh\u00e9r el\u0151lap (tiszt\u00edthat\u00f3) , elox\u00e1lt aluminum h\u00e1tlap Keret anyaga: aluminium V\u00e9delmi besorol\u00e1s: IPX2 Csatlakoz\u00f3 vezet\u00e9k: h\u00e1ts\u00f3 kivezet\u00e9s Csomagol\u00e1s: Doboz Tan\u00fas\u00edtv\u00e1nyok: Ce, T\u00fcv, Roch","og_url":"https:\/\/varjasfutofolia.hu\/de\/termek\/premium-wifi-smart-infrapanelek-1000-watt\/","og_site_name":"Varjas F\u0171t\u0151f\u00f3lia","article_modified_time":"2024-12-01T23:02:17+00:00","twitter_card":"summary_large_image","twitter_misc":{"Gesch\u00e4tzte Lesezeit":"5\u00a0Minuten"},"schema":{"@context":"https:\/\/schema.org","@graph":[{"@type":"WebPage","@id":"https:\/\/varjasfutofolia.hu\/termek\/premium-wifi-smart-infrapanelek-1000-watt\/","url":"https:\/\/varjasfutofolia.hu\/termek\/premium-wifi-smart-infrapanelek-1000-watt\/","name":"Pr\u00e9mium Wifi smart Infrapanelek 1000 Watt - Varjas F\u0171t\u0151f\u00f3lia","isPartOf":{"@id":"https:\/\/varjasfutofolia.hu\/#website"},"primaryImageOfPage":{"@id":"https:\/\/varjasfutofolia.hu\/termek\/premium-wifi-smart-infrapanelek-1000-watt\/#primaryimage"},"image":{"@id":"https:\/\/varjasfutofolia.hu\/termek\/premium-wifi-smart-infrapanelek-1000-watt\/#primaryimage"},"thumbnailUrl":"https:\/\/varjasfutofolia.hu\/wp-content\/uploads\/2021\/11\/PE1000-Plus.jpg","datePublished":"2024-12-01T23:02:13+00:00","dateModified":"2024-12-01T23:02:17+00:00","breadcrumb":{"@id":"https:\/\/varjasfutofolia.hu\/termek\/premium-wifi-smart-infrapanelek-1000-watt\/#breadcrumb"},"inLanguage":"de-DE","potentialAction":[{"@type":"ReadAction","target":["https:\/\/varjasfutofolia.hu\/termek\/premium-wifi-smart-infrapanelek-1000-watt\/"]}]},{"@type":"ImageObject","inLanguage":"de-DE","@id":"https:\/\/varjasfutofolia.hu\/termek\/premium-wifi-smart-infrapanelek-1000-watt\/#primaryimage","url":"https:\/\/varjasfutofolia.hu\/wp-content\/uploads\/2021\/11\/PE1000-Plus.jpg","contentUrl":"https:\/\/varjasfutofolia.hu\/wp-content\/uploads\/2021\/11\/PE1000-Plus.jpg","width":366,"height":550},{"@type":"BreadcrumbList","@id":"https:\/\/varjasfutofolia.hu\/termek\/premium-wifi-smart-infrapanelek-1000-watt\/#breadcrumb","itemListElement":[{"@type":"ListItem","position":1,"name":"Kezd\u0151lap","item":"https:\/\/varjasfutofolia.hu\/"},{"@type":"ListItem","position":2,"name":"\u00dczlet","item":"https:\/\/varjasfutofolia.hu\/uzlet\/"},{"@type":"ListItem","position":3,"name":"Pr\u00e9mium Wifi smart Infrapanelek 1000 Watt"}]},{"@type":"WebSite","@id":"https:\/\/varjasfutofolia.hu\/#website","url":"https:\/\/varjasfutofolia.hu\/","name":"Varjas F\u0171t\u0151f\u00f3lia","description":"A Nap melege az \u00d6n otthon\u00e1ban","potentialAction":[{"@type":"SearchAction","target":{"@type":"EntryPoint","urlTemplate":"https:\/\/varjasfutofolia.hu\/?s={search_term_string}"},"query-input":{"@type":"PropertyValueSpecification","valueRequired":true,"valueName":"search_term_string"}}],"inLanguage":"de-DE"}]}},"_links":{"self":[{"href":"https:\/\/varjasfutofolia.hu\/de\/wp-json\/wp\/v2\/product\/9931688","targetHints":{"allow":["GET"]}}],"collection":[{"href":"https:\/\/varjasfutofolia.hu\/de\/wp-json\/wp\/v2\/product"}],"about":[{"href":"https:\/\/varjasfutofolia.hu\/de\/wp-json\/wp\/v2\/types\/product"}],"replies":[{"embeddable":true,"href":"https:\/\/varjasfutofolia.hu\/de\/wp-json\/wp\/v2\/comments?post=9931688"}],"wp:featuredmedia":[{"embeddable":true,"href":"https:\/\/varjasfutofolia.hu\/de\/wp-json\/wp\/v2\/media\/9921326"}],"wp:attachment":[{"href":"https:\/\/varjasfutofolia.hu\/de\/wp-json\/wp\/v2\/media?parent=9931688"}],"wp:term":[{"taxonomy":"product_brand","embeddable":true,"href":"https:\/\/varjasfutofolia.hu\/de\/wp-json\/wp\/v2\/product_brand?post=9931688"},{"taxonomy":"product_cat","embeddable":true,"href":"https:\/\/varjasfutofolia.hu\/de\/wp-json\/wp\/v2\/product_cat?post=9931688"},{"taxonomy":"product_tag","embeddable":true,"href":"https:\/\/varjasfutofolia.hu\/de\/wp-json\/wp\/v2\/product_tag?post=9931688"}],"curies":[{"name":"wp","href":"https:\/\/api.w.org\/{rel}","templated":true}]}}