{"id":9931675,"date":"2024-12-02T00:02:11","date_gmt":"2024-12-01T23:02:11","guid":{"rendered":"https:\/\/varjasfutofolia.hu\/?post_type=product&#038;p=9931675"},"modified":"2025-09-28T03:10:09","modified_gmt":"2025-09-28T01:10:09","slug":"thermor-riva-4-750w-elektromos-torolkozoszarito-radiator","status":"publish","type":"product","link":"https:\/\/varjasfutofolia.hu\/de\/termek\/thermor-riva-4-750w-elektromos-torolkozoszarito-radiator\/","title":{"rendered":"Thermor RIVA 4 750W Elektromos t\u00f6r\u00f6lk\u00f6z\u0151sz\u00e1r\u00edt\u00f3 radi\u00e1tor"},"content":{"rendered":"<p>Thermor t\u00f6r\u00f6lk\u00f6z\u0151 sz\u00e1r\u00edt\u00f3 radi\u00e1tor az egyik legszerencs\u00e9sebb v\u00e1laszt\u00e1s az elektromos radi\u00e1torok piac\u00e1r\u00f3l. Eleg\u00e1ns \u00e9s praktikus kivitelez\u00e9ssel rendelkezik.<\/p>\n<p>Az elektromos\u00a0 t\u00f6r\u00f6lk\u00f6z\u0151sz\u00e1r\u00edt\u00f3 gy\u00e1rilag fel van t\u00f6ltve fagy\u00e1ll\u00f3 f\u0171t\u0151folyad\u00e9kkal, azaz a v\u00e1s\u00e1rl\u00e1s \u00e9s felszerel\u00e9s ut\u00e1n azonnal haszn\u00e1lhat\u00f3!\u00a0\u00dczemk\u00e9sz\u00a0a villamos bek\u00f6t\u00e9s ut\u00e1n.<\/p>\n<p>Programoz\u00e1si lehet\u0151s\u00e9gek:<\/p>\n<p><strong>Nagy pontoss\u00e1g\u00fa digit\u00e1lis termoszt\u00e1t heti\u00a0 24\/7 programozhat\u00f3s\u00e1ggal, LCD kijelz\u0151, fagyv\u00e9d\u0151 funkci\u00f3, be\u00e1ll\u00edthat\u00f3 komfort h\u0151m\u00e9rs\u00e9klet,\u00a0 id\u0151z\u00edthet\u0151 turb\u00f3 m\u00f3d, IP24 v\u00e9detts\u00e9g<br \/>\n<\/strong><\/p>\n<p><strong>Teljes\u00edtm\u00e9nyek:\u00a0500 \u2013 750 \u2013 1000W<\/strong><\/p>\n<p><strong>M\u00e9retek:<\/strong>\u00a050 x 109cm,\u00a0 50 x 158,2 cm,\u00a0 55 x 183 cm \u2013 11,5 cm m\u00e9lys\u00e9ggel<\/p>\n<p>F\u00fcrd\u0151szobai\u00a0<strong>f\u0151f\u0171t\u00e9sre<\/strong>\u00a0\u2013 h\u0151szigetel\u00e9st\u0151l f\u00fcgg\u0151en \u2013 \u00edgy az\u00a0<strong>500W 1-4 m2<\/strong>\u00a0alapter\u00fcletig, a<strong>\u00a0750W 4-6 m2<\/strong>-ig, az\u00a0<strong>1000W 5-9 m2-<\/strong>ig javasolt norm\u00e1l belmagass\u00e1gn\u00e1l.<\/p>\n<p><strong>\u00a0be\u00e1ll\u00edtott funkci\u00f3kat, \u00e9s az elektromos t\u00f6r\u00f6lk\u00f6z\u0151f\u0171t\u00e9s \u00e1llapot\u00e1t a\u00a0kezel\u0151szerveken\u00a0vil\u00e1g\u00edt\u00f3 LED-ek jelzik.<\/strong><\/p>\n<p><strong>\u00a0IP24 v\u00e9detts\u00e9g,\u00a05 \u00e9v garancia.<\/strong><\/p>\n\n<p>&nbsp;<\/p>\n<h2 style=\"text-align: center;\"><strong>Thermor RIVA 3 750W Elektromos t\u00f6r\u00f6lk\u00f6z\u0151 sz\u00e1r\u00edt\u00f3 radi\u00e1tor<\/strong><\/h2>\n<p>&nbsp;<\/p>\n<p><a href=\"https:\/\/www.futofolia.hu\/torolkozoszarito\/\">N\u00e9zze meg a t\u00f6bbi t\u00f6r\u00f6lk\u00f6z\u0151sz\u00e1r\u00edt\u00f3 term\u00e9k\u00fcnket is.<\/a><\/p>\n<p>&nbsp;<\/p>\n","protected":false},"excerpt":{"rendered":"<p>T\u00edpus: T\u00f6r\u00f6lk\u00f6z\u0151 sz\u00e1r\u00edt\u00f3 radi\u00e1tor<\/p>\n<p>Felhaszn\u00e1l\u00e1s: Falra szerelhet\u0151 f\u00fcrd\u0151szob\u00e1ba<\/p>\n<p>Fesz\u00fclts\u00e9g: 230V<\/p>\n<p>Teljes\u00edtm\u00e9ny \/ Watt: 750 Watt<\/p>\n<p>Teljes\u00edtm\u00e9ny \/ Amper: 3,26 A<\/p>\n<p>Sz\u00e9less\u00e9g: 50 cm<\/p>\n<p>Magass\u00e1g: 158,2 cm<\/p>\n<p>M\u00e9lys\u00e9g: 11,5 cm<\/p>\n<p>Be\u00e9p\u00edtett termoszt\u00e1t: igen<\/p>\n<p>Programozhat\u00f3: igen, programozhat\u00f3 LCD<\/p>\n<p>Termoszt\u00e1t t\u00edpus: digit\u00e1lis<\/p>\n<p>V\u00e9detts\u00e9g: IP24<\/p>\n<p>Garancia: 5 \u00e9v<\/p>\n","protected":false},"featured_media":9921288,"comment_status":"open","ping_status":"closed","template":"","meta":{"_et_pb_use_builder":"","_et_pb_old_content":"","_et_gb_content_width":""},"product_brand":[],"product_cat":[40],"product_tag":[41,82],"class_list":{"0":"post-9931675","1":"product","2":"type-product","3":"status-publish","4":"has-post-thumbnail","6":"product_cat-torolkozo-szarito","7":"product_tag-elektromos-futes","8":"product_tag-torolkozoszarito","10":"first","11":"outofstock","12":"taxable","13":"shipping-taxable","14":"purchasable","15":"product-type-simple"},"yoast_head":"<!-- This site is optimized with the Yoast SEO plugin v26.0 - https:\/\/yoast.com\/wordpress\/plugins\/seo\/ -->\n<title>Thermor RIVA 4 750W Elektromos t\u00f6r\u00f6lk\u00f6z\u0151sz\u00e1r\u00edt\u00f3 radi\u00e1tor - Varjas F\u0171t\u0151f\u00f3lia<\/title>\n<meta name=\"robots\" content=\"index, follow, max-snippet:-1, max-image-preview:large, max-video-preview:-1\" \/>\n<link rel=\"canonical\" href=\"https:\/\/varjasfutofolia.hu\/de\/termek\/thermor-riva-4-750w-elektromos-torolkozoszarito-radiator\/\" \/>\n<meta property=\"og:locale\" content=\"de_DE\" \/>\n<meta property=\"og:locale:alternate\" content=\"en_US\" \/>\n<meta property=\"og:locale:alternate\" content=\"hu_HU\" \/>\n<meta property=\"og:type\" content=\"article\" \/>\n<meta property=\"og:title\" content=\"Thermor RIVA 4 750W Elektromos t\u00f6r\u00f6lk\u00f6z\u0151sz\u00e1r\u00edt\u00f3 radi\u00e1tor - Varjas F\u0171t\u0151f\u00f3lia\" \/>\n<meta property=\"og:description\" content=\"T\u00edpus: T\u00f6r\u00f6lk\u00f6z\u0151 sz\u00e1r\u00edt\u00f3 radi\u00e1tor  Felhaszn\u00e1l\u00e1s: Falra szerelhet\u0151 f\u00fcrd\u0151szob\u00e1ba  Fesz\u00fclts\u00e9g: 230V  Teljes\u00edtm\u00e9ny \/ Watt: 750 Watt  Teljes\u00edtm\u00e9ny \/ Amper: 3,26 A  Sz\u00e9less\u00e9g: 50 cm  Magass\u00e1g: 158,2 cm  M\u00e9lys\u00e9g: 11,5 cm  Be\u00e9p\u00edtett termoszt\u00e1t: igen  Programozhat\u00f3: igen, programozhat\u00f3 LCD  Termoszt\u00e1t t\u00edpus: digit\u00e1lis  V\u00e9detts\u00e9g: IP24  Garancia: 5 \u00e9v\" \/>\n<meta property=\"og:url\" content=\"https:\/\/varjasfutofolia.hu\/de\/termek\/thermor-riva-4-750w-elektromos-torolkozoszarito-radiator\/\" \/>\n<meta property=\"og:site_name\" content=\"Varjas F\u0171t\u0151f\u00f3lia\" \/>\n<meta property=\"article:modified_time\" content=\"2025-09-28T01:10:09+00:00\" \/>\n<meta name=\"twitter:card\" content=\"summary_large_image\" \/>\n<meta name=\"twitter:label1\" content=\"Gesch\u00e4tzte Lesezeit\" \/>\n\t<meta name=\"twitter:data1\" content=\"1\u00a0Minute\" \/>\n<script type=\"application\/ld+json\" class=\"yoast-schema-graph\">{\"@context\":\"https:\/\/schema.org\",\"@graph\":[{\"@type\":\"WebPage\",\"@id\":\"https:\/\/varjasfutofolia.hu\/termek\/thermor-riva-4-750w-elektromos-torolkozoszarito-radiator\/\",\"url\":\"https:\/\/varjasfutofolia.hu\/termek\/thermor-riva-4-750w-elektromos-torolkozoszarito-radiator\/\",\"name\":\"Thermor RIVA 4 750W Elektromos t\u00f6r\u00f6lk\u00f6z\u0151sz\u00e1r\u00edt\u00f3 radi\u00e1tor - Varjas F\u0171t\u0151f\u00f3lia\",\"isPartOf\":{\"@id\":\"https:\/\/varjasfutofolia.hu\/#website\"},\"primaryImageOfPage\":{\"@id\":\"https:\/\/varjasfutofolia.hu\/termek\/thermor-riva-4-750w-elektromos-torolkozoszarito-radiator\/#primaryimage\"},\"image\":{\"@id\":\"https:\/\/varjasfutofolia.hu\/termek\/thermor-riva-4-750w-elektromos-torolkozoszarito-radiator\/#primaryimage\"},\"thumbnailUrl\":\"https:\/\/varjasfutofolia.hu\/wp-content\/uploads\/2021\/11\/torolkozo-szarito-digitalis-5.png\",\"datePublished\":\"2024-12-01T23:02:11+00:00\",\"dateModified\":\"2025-09-28T01:10:09+00:00\",\"breadcrumb\":{\"@id\":\"https:\/\/varjasfutofolia.hu\/termek\/thermor-riva-4-750w-elektromos-torolkozoszarito-radiator\/#breadcrumb\"},\"inLanguage\":\"de-DE\",\"potentialAction\":[{\"@type\":\"ReadAction\",\"target\":[\"https:\/\/varjasfutofolia.hu\/termek\/thermor-riva-4-750w-elektromos-torolkozoszarito-radiator\/\"]}]},{\"@type\":\"ImageObject\",\"inLanguage\":\"de-DE\",\"@id\":\"https:\/\/varjasfutofolia.hu\/termek\/thermor-riva-4-750w-elektromos-torolkozoszarito-radiator\/#primaryimage\",\"url\":\"https:\/\/varjasfutofolia.hu\/wp-content\/uploads\/2021\/11\/torolkozo-szarito-digitalis-5.png\",\"contentUrl\":\"https:\/\/varjasfutofolia.hu\/wp-content\/uploads\/2021\/11\/torolkozo-szarito-digitalis-5.png\",\"width\":454,\"height\":537},{\"@type\":\"BreadcrumbList\",\"@id\":\"https:\/\/varjasfutofolia.hu\/termek\/thermor-riva-4-750w-elektromos-torolkozoszarito-radiator\/#breadcrumb\",\"itemListElement\":[{\"@type\":\"ListItem\",\"position\":1,\"name\":\"Kezd\u0151lap\",\"item\":\"https:\/\/varjasfutofolia.hu\/\"},{\"@type\":\"ListItem\",\"position\":2,\"name\":\"\u00dczlet\",\"item\":\"https:\/\/varjasfutofolia.hu\/uzlet\/\"},{\"@type\":\"ListItem\",\"position\":3,\"name\":\"Thermor RIVA 4 750W Elektromos t\u00f6r\u00f6lk\u00f6z\u0151sz\u00e1r\u00edt\u00f3 radi\u00e1tor\"}]},{\"@type\":\"WebSite\",\"@id\":\"https:\/\/varjasfutofolia.hu\/#website\",\"url\":\"https:\/\/varjasfutofolia.hu\/\",\"name\":\"Varjas F\u0171t\u0151f\u00f3lia\",\"description\":\"A Nap melege az \u00d6n otthon\u00e1ban\",\"potentialAction\":[{\"@type\":\"SearchAction\",\"target\":{\"@type\":\"EntryPoint\",\"urlTemplate\":\"https:\/\/varjasfutofolia.hu\/?s={search_term_string}\"},\"query-input\":{\"@type\":\"PropertyValueSpecification\",\"valueRequired\":true,\"valueName\":\"search_term_string\"}}],\"inLanguage\":\"de-DE\"}]}<\/script>\n<!-- \/ Yoast SEO plugin. -->","yoast_head_json":{"title":"Thermor RIVA 4 750W Elektromos t\u00f6r\u00f6lk\u00f6z\u0151sz\u00e1r\u00edt\u00f3 radi\u00e1tor - Varjas F\u0171t\u0151f\u00f3lia","robots":{"index":"index","follow":"follow","max-snippet":"max-snippet:-1","max-image-preview":"max-image-preview:large","max-video-preview":"max-video-preview:-1"},"canonical":"https:\/\/varjasfutofolia.hu\/de\/termek\/thermor-riva-4-750w-elektromos-torolkozoszarito-radiator\/","og_locale":"de_DE","og_type":"article","og_title":"Thermor RIVA 4 750W Elektromos t\u00f6r\u00f6lk\u00f6z\u0151sz\u00e1r\u00edt\u00f3 radi\u00e1tor - Varjas F\u0171t\u0151f\u00f3lia","og_description":"T\u00edpus: T\u00f6r\u00f6lk\u00f6z\u0151 sz\u00e1r\u00edt\u00f3 radi\u00e1tor  Felhaszn\u00e1l\u00e1s: Falra szerelhet\u0151 f\u00fcrd\u0151szob\u00e1ba  Fesz\u00fclts\u00e9g: 230V  Teljes\u00edtm\u00e9ny \/ Watt: 750 Watt  Teljes\u00edtm\u00e9ny \/ Amper: 3,26 A  Sz\u00e9less\u00e9g: 50 cm  Magass\u00e1g: 158,2 cm  M\u00e9lys\u00e9g: 11,5 cm  Be\u00e9p\u00edtett termoszt\u00e1t: igen  Programozhat\u00f3: igen, programozhat\u00f3 LCD  Termoszt\u00e1t t\u00edpus: digit\u00e1lis  V\u00e9detts\u00e9g: IP24  Garancia: 5 \u00e9v","og_url":"https:\/\/varjasfutofolia.hu\/de\/termek\/thermor-riva-4-750w-elektromos-torolkozoszarito-radiator\/","og_site_name":"Varjas F\u0171t\u0151f\u00f3lia","article_modified_time":"2025-09-28T01:10:09+00:00","twitter_card":"summary_large_image","twitter_misc":{"Gesch\u00e4tzte Lesezeit":"1\u00a0Minute"},"schema":{"@context":"https:\/\/schema.org","@graph":[{"@type":"WebPage","@id":"https:\/\/varjasfutofolia.hu\/termek\/thermor-riva-4-750w-elektromos-torolkozoszarito-radiator\/","url":"https:\/\/varjasfutofolia.hu\/termek\/thermor-riva-4-750w-elektromos-torolkozoszarito-radiator\/","name":"Thermor RIVA 4 750W Elektromos t\u00f6r\u00f6lk\u00f6z\u0151sz\u00e1r\u00edt\u00f3 radi\u00e1tor - Varjas F\u0171t\u0151f\u00f3lia","isPartOf":{"@id":"https:\/\/varjasfutofolia.hu\/#website"},"primaryImageOfPage":{"@id":"https:\/\/varjasfutofolia.hu\/termek\/thermor-riva-4-750w-elektromos-torolkozoszarito-radiator\/#primaryimage"},"image":{"@id":"https:\/\/varjasfutofolia.hu\/termek\/thermor-riva-4-750w-elektromos-torolkozoszarito-radiator\/#primaryimage"},"thumbnailUrl":"https:\/\/varjasfutofolia.hu\/wp-content\/uploads\/2021\/11\/torolkozo-szarito-digitalis-5.png","datePublished":"2024-12-01T23:02:11+00:00","dateModified":"2025-09-28T01:10:09+00:00","breadcrumb":{"@id":"https:\/\/varjasfutofolia.hu\/termek\/thermor-riva-4-750w-elektromos-torolkozoszarito-radiator\/#breadcrumb"},"inLanguage":"de-DE","potentialAction":[{"@type":"ReadAction","target":["https:\/\/varjasfutofolia.hu\/termek\/thermor-riva-4-750w-elektromos-torolkozoszarito-radiator\/"]}]},{"@type":"ImageObject","inLanguage":"de-DE","@id":"https:\/\/varjasfutofolia.hu\/termek\/thermor-riva-4-750w-elektromos-torolkozoszarito-radiator\/#primaryimage","url":"https:\/\/varjasfutofolia.hu\/wp-content\/uploads\/2021\/11\/torolkozo-szarito-digitalis-5.png","contentUrl":"https:\/\/varjasfutofolia.hu\/wp-content\/uploads\/2021\/11\/torolkozo-szarito-digitalis-5.png","width":454,"height":537},{"@type":"BreadcrumbList","@id":"https:\/\/varjasfutofolia.hu\/termek\/thermor-riva-4-750w-elektromos-torolkozoszarito-radiator\/#breadcrumb","itemListElement":[{"@type":"ListItem","position":1,"name":"Kezd\u0151lap","item":"https:\/\/varjasfutofolia.hu\/"},{"@type":"ListItem","position":2,"name":"\u00dczlet","item":"https:\/\/varjasfutofolia.hu\/uzlet\/"},{"@type":"ListItem","position":3,"name":"Thermor RIVA 4 750W Elektromos t\u00f6r\u00f6lk\u00f6z\u0151sz\u00e1r\u00edt\u00f3 radi\u00e1tor"}]},{"@type":"WebSite","@id":"https:\/\/varjasfutofolia.hu\/#website","url":"https:\/\/varjasfutofolia.hu\/","name":"Varjas F\u0171t\u0151f\u00f3lia","description":"A Nap melege az \u00d6n otthon\u00e1ban","potentialAction":[{"@type":"SearchAction","target":{"@type":"EntryPoint","urlTemplate":"https:\/\/varjasfutofolia.hu\/?s={search_term_string}"},"query-input":{"@type":"PropertyValueSpecification","valueRequired":true,"valueName":"search_term_string"}}],"inLanguage":"de-DE"}]}},"_links":{"self":[{"href":"https:\/\/varjasfutofolia.hu\/de\/wp-json\/wp\/v2\/product\/9931675","targetHints":{"allow":["GET"]}}],"collection":[{"href":"https:\/\/varjasfutofolia.hu\/de\/wp-json\/wp\/v2\/product"}],"about":[{"href":"https:\/\/varjasfutofolia.hu\/de\/wp-json\/wp\/v2\/types\/product"}],"replies":[{"embeddable":true,"href":"https:\/\/varjasfutofolia.hu\/de\/wp-json\/wp\/v2\/comments?post=9931675"}],"wp:featuredmedia":[{"embeddable":true,"href":"https:\/\/varjasfutofolia.hu\/de\/wp-json\/wp\/v2\/media\/9921288"}],"wp:attachment":[{"href":"https:\/\/varjasfutofolia.hu\/de\/wp-json\/wp\/v2\/media?parent=9931675"}],"wp:term":[{"taxonomy":"product_brand","embeddable":true,"href":"https:\/\/varjasfutofolia.hu\/de\/wp-json\/wp\/v2\/product_brand?post=9931675"},{"taxonomy":"product_cat","embeddable":true,"href":"https:\/\/varjasfutofolia.hu\/de\/wp-json\/wp\/v2\/product_cat?post=9931675"},{"taxonomy":"product_tag","embeddable":true,"href":"https:\/\/varjasfutofolia.hu\/de\/wp-json\/wp\/v2\/product_tag?post=9931675"}],"curies":[{"name":"wp","href":"https:\/\/api.w.org\/{rel}","templated":true}]}}