{"id":9931663,"date":"2024-12-02T00:02:05","date_gmt":"2024-12-01T23:02:05","guid":{"rendered":"https:\/\/varjasfutofolia.hu\/?post_type=product&#038;p=9931663"},"modified":"2025-09-28T03:10:09","modified_gmt":"2025-09-28T01:10:09","slug":"onszabalyzo-futokabel-30-watt-meter","status":"publish","type":"product","link":"https:\/\/varjasfutofolia.hu\/de\/termek\/onszabalyzo-futokabel-30-watt-meter\/","title":{"rendered":"\u00d6nszab\u00e1lyz\u00f3 f\u0171t\u0151k\u00e1bel 30 Watt \/ m\u00e9ter"},"content":{"rendered":"","protected":false},"excerpt":{"rendered":"<div class=\"data_tab_title\">Adatok<\/div>\n<div id=\"page_artdet_product_param_spec_2\">\n<table id=\"page_artdet_product_param_sepc_table\" border=\"0\" cellspacing=\"0\" cellpadding=\"0\">\n<tbody>\n<tr id=\"page_artdet_product_param_spec_111563\" class=\"page_artdet_product_param_spec_item\">\n<td class=\"page_artdet_product_param_spec_title text_normal\" style=\"width: 165px;\">\n<div>T\u00edpus:<\/div>\n<\/td>\n<td class=\"page_artdet_product_param_spec_value text_normal\" style=\"width: 183px;\">\n<div id=\"page_artdet_product_param_spec_273511\" class=\"artdet__spec-param py-3 product_param_type_text\">\n<div class=\"row gutters-10 align-items-center text-left\">\n<div class=\"col-6\">\n<div class=\"artdet__spec-param-value\">Dupa szigetel\u00e9s\u0171 f\u00f6ldelt f\u0171t\u0151k\u00e1bel<\/div>\n<\/div>\n<\/div>\n<\/div>\n<\/td>\n<\/tr>\n<tr id=\"page_artdet_product_param_spec_111571\" class=\"page_artdet_product_param_spec_item\">\n<td class=\"page_artdet_product_param_spec_title text_normal\" style=\"width: 165px;\">\n<div>Felhaszn\u00e1l\u00e1s:<\/div>\n<\/td>\n<td class=\"page_artdet_product_param_spec_value text_normal\" style=\"width: 183px;\">\n<div id=\"page_artdet_product_param_spec_273514\" class=\"artdet__spec-param py-3 product_param_type_text\">\n<div class=\"row gutters-10 align-items-center text-left\">\n<div class=\"col-6\">\n<div class=\"artdet__spec-param-value\">fagymentes\u00edt\u00e9s,cs\u0151f\u0171t\u00e9s<\/div>\n<\/div>\n<\/div>\n<\/div>\n<\/td>\n<\/tr>\n<tr id=\"page_artdet_product_param_spec_110508\" class=\"page_artdet_product_param_spec_item\">\n<td class=\"page_artdet_product_param_spec_title text_normal\" style=\"width: 165px;\">Teljes\u00edtm\u00e9ny \/ m\u00e9ter<\/td>\n<td class=\"page_artdet_product_param_spec_value text_normal\" style=\"width: 183px;\">30 Watt \/ m\u00e9ter<\/td>\n<\/tr>\n<tr id=\"page_artdet_product_param_spec_111535\" class=\"page_artdet_product_param_spec_item\">\n<td class=\"page_artdet_product_param_spec_title text_normal\" style=\"width: 165px;\">Teljes\u00edtm\u00e9ny \/ Amper<\/td>\n<td class=\"page_artdet_product_param_spec_value text_normal\" style=\"width: 183px;\">\n<div id=\"page_artdet_product_param_spec_273538\" class=\"artdet__spec-param py-3 product_param_type_text\">\n<div class=\"row gutters-10 align-items-center text-left\">\n<div class=\"col-6\">\n<div class=\"artdet__spec-param-value\">0.13 A \/ m\u00e9ter<\/div>\n<\/div>\n<\/div>\n<\/div>\n<\/td>\n<\/tr>\n<tr id=\"page_artdet_product_param_spec_112232\" class=\"page_artdet_product_param_spec_item\">\n<td class=\"page_artdet_product_param_spec_title text_normal\" style=\"width: 165px;\">R\u00f6gz\u00edt\u00e9s<\/td>\n<td class=\"page_artdet_product_param_spec_value text_normal\" style=\"width: 183px;\">\n<div id=\"page_artdet_product_param_spec_273526\" class=\"artdet__spec-param py-3 product_param_type_text\">\n<div class=\"row gutters-10 align-items-center text-left\">\n<div class=\"col-6\">\n<div class=\"artdet__spec-param-value\">r\u00f6gz\u00edt\u0151 szalag<\/div>\n<\/div>\n<\/div>\n<\/div>\n<\/td>\n<\/tr>\n<tr id=\"page_artdet_product_param_spec_112242\" class=\"page_artdet_product_param_spec_item\">\n<td class=\"page_artdet_product_param_spec_title text_normal\" style=\"width: 165px;\"><span class=\"param-name\">F\u0171t\u0151k\u00e1bel szigetel\u00e9se<\/span><\/td>\n<td class=\"page_artdet_product_param_spec_value text_normal\" style=\"width: 183px;\">Fluoropolimer<\/td>\n<\/tr>\n<tr id=\"page_artdet_product_param_spec_111585\" class=\"page_artdet_product_param_spec_item\">\n<td class=\"page_artdet_product_param_spec_title text_normal\" style=\"width: 165px;\"><span class=\"param-name\">Burkolat szigetel\u00e9se<\/span><\/td>\n<td class=\"page_artdet_product_param_spec_value text_normal\" style=\"width: 183px;\">Fluoropolimer<\/td>\n<\/tr>\n<tr id=\"page_artdet_product_param_spec_111540\" class=\"page_artdet_product_param_spec_item\">\n<td class=\"page_artdet_product_param_spec_title text_normal\" style=\"width: 165px;\">Vez\u00e9rl\u00e9s<\/td>\n<td class=\"page_artdet_product_param_spec_value text_normal\" style=\"width: 183px;\">\n<div id=\"page_artdet_product_param_spec_273541\" class=\"artdet__spec-param py-3 product_param_type_text\">\n<div class=\"row gutters-10 align-items-center text-left\">\n<div class=\"col-6\">\n<div class=\"artdet__spec-param-value\">\u00f6nszab\u00e1lyz\u00f3<\/div>\n<\/div>\n<\/div>\n<\/div>\n<\/td>\n<\/tr>\n<tr id=\"page_artdet_product_param_spec_112290\" class=\"page_artdet_product_param_spec_item\">\n<td class=\"page_artdet_product_param_spec_title text_normal\" style=\"width: 165px;\">Tanus\u00edtv\u00e1ny<\/td>\n<td class=\"page_artdet_product_param_spec_value text_normal\" style=\"width: 183px;\">CE<\/td>\n<\/tr>\n<tr id=\"page_artdet_product_param_spec_111650\" class=\"page_artdet_product_param_spec_item\">\n<td class=\"page_artdet_product_param_spec_title text_normal\" style=\"width: 165px;\"><span class=\"param-name\">IP V\u00e9delem<\/span><\/td>\n<td class=\"page_artdet_product_param_spec_value text_normal\" style=\"width: 183px;\">IP67<\/td>\n<\/tr>\n<tr id=\"page_artdet_product_param_spec_112234\" class=\"page_artdet_product_param_spec_item\">\n<td class=\"page_artdet_product_param_spec_title text_normal\" style=\"width: 165px;\"><\/td>\n<td class=\"page_artdet_product_param_spec_value text_normal\" style=\"width: 183px;\"><\/td>\n<\/tr>\n<tr id=\"page_artdet_product_param_spec_112233\" class=\"page_artdet_product_param_spec_item\">\n<td class=\"page_artdet_product_param_spec_title text_normal\" style=\"width: 165px;\"><\/td>\n<td class=\"page_artdet_product_param_spec_value text_normal\" style=\"width: 183px;\"><\/td>\n<\/tr>\n<tr id=\"page_artdet_product_param_spec_111557\" class=\"page_artdet_product_param_spec_item\">\n<td class=\"page_artdet_product_param_spec_title text_normal\" style=\"width: 165px;\"><\/td>\n<td class=\"page_artdet_product_param_spec_value text_normal\" style=\"width: 183px;\"><\/td>\n<\/tr>\n<tr id=\"page_artdet_product_param_spec_111551\" class=\"page_artdet_product_param_spec_item\">\n<td class=\"page_artdet_product_param_spec_title text_normal\" style=\"width: 165px;\"><\/td>\n<td class=\"page_artdet_product_param_spec_value text_normal\" style=\"width: 183px;\"><\/td>\n<\/tr>\n<\/tbody>\n<\/table>\n<\/div>\n","protected":false},"featured_media":9921221,"comment_status":"open","ping_status":"closed","template":"","meta":{"_et_pb_use_builder":"","_et_pb_old_content":"","_et_gb_content_width":""},"product_brand":[],"product_cat":[50,79],"product_tag":[],"class_list":{"0":"post-9931663","1":"product","2":"type-product","3":"status-publish","4":"has-post-thumbnail","6":"product_cat-futokabel","7":"product_cat-onszabalyzo-futokabel","9":"first","10":"instock","11":"taxable","12":"shipping-taxable","13":"purchasable","14":"product-type-simple"},"yoast_head":"<!-- This site is optimized with the Yoast SEO plugin v26.0 - https:\/\/yoast.com\/wordpress\/plugins\/seo\/ -->\n<title>\u00d6nszab\u00e1lyz\u00f3 f\u0171t\u0151k\u00e1bel 30 Watt \/ m\u00e9ter - Varjas F\u0171t\u0151f\u00f3lia<\/title>\n<meta name=\"robots\" content=\"index, follow, max-snippet:-1, max-image-preview:large, max-video-preview:-1\" \/>\n<link rel=\"canonical\" href=\"https:\/\/varjasfutofolia.hu\/de\/termek\/onszabalyzo-futokabel-30-watt-meter\/\" \/>\n<meta property=\"og:locale\" content=\"de_DE\" \/>\n<meta property=\"og:locale:alternate\" content=\"en_US\" \/>\n<meta property=\"og:locale:alternate\" content=\"hu_HU\" \/>\n<meta property=\"og:type\" content=\"article\" \/>\n<meta property=\"og:title\" content=\"\u00d6nszab\u00e1lyz\u00f3 f\u0171t\u0151k\u00e1bel 30 Watt \/ m\u00e9ter - Varjas F\u0171t\u0151f\u00f3lia\" \/>\n<meta property=\"og:description\" content=\"Adatok      T\u00edpus:     Dupa szigetel\u00e9s\u0171 f\u00f6ldelt f\u0171t\u0151k\u00e1bel       Felhaszn\u00e1l\u00e1s:     fagymentes\u00edt\u00e9s,cs\u0151f\u0171t\u00e9s      Teljes\u00edtm\u00e9ny \/ m\u00e9ter 30 Watt \/ m\u00e9ter   Teljes\u00edtm\u00e9ny \/ Amper     0.13 A \/ m\u00e9ter      R\u00f6gz\u00edt\u00e9s     r\u00f6gz\u00edt\u0151 szalag      F\u0171t\u0151k\u00e1bel szigetel\u00e9se Fluoropolimer   Burkolat szigetel\u00e9se Fluoropolimer   Vez\u00e9rl\u00e9s     \u00f6nszab\u00e1lyz\u00f3      Tanus\u00edtv\u00e1ny CE   IP V\u00e9delem IP67\" \/>\n<meta property=\"og:url\" content=\"https:\/\/varjasfutofolia.hu\/de\/termek\/onszabalyzo-futokabel-30-watt-meter\/\" \/>\n<meta property=\"og:site_name\" content=\"Varjas F\u0171t\u0151f\u00f3lia\" \/>\n<meta property=\"article:modified_time\" content=\"2025-09-28T01:10:09+00:00\" \/>\n<meta name=\"twitter:card\" content=\"summary_large_image\" \/>\n<script type=\"application\/ld+json\" class=\"yoast-schema-graph\">{\"@context\":\"https:\/\/schema.org\",\"@graph\":[{\"@type\":\"WebPage\",\"@id\":\"https:\/\/varjasfutofolia.hu\/termek\/onszabalyzo-futokabel-30-watt-meter\/\",\"url\":\"https:\/\/varjasfutofolia.hu\/termek\/onszabalyzo-futokabel-30-watt-meter\/\",\"name\":\"\u00d6nszab\u00e1lyz\u00f3 f\u0171t\u0151k\u00e1bel 30 Watt \/ m\u00e9ter - Varjas F\u0171t\u0151f\u00f3lia\",\"isPartOf\":{\"@id\":\"https:\/\/varjasfutofolia.hu\/#website\"},\"primaryImageOfPage\":{\"@id\":\"https:\/\/varjasfutofolia.hu\/termek\/onszabalyzo-futokabel-30-watt-meter\/#primaryimage\"},\"image\":{\"@id\":\"https:\/\/varjasfutofolia.hu\/termek\/onszabalyzo-futokabel-30-watt-meter\/#primaryimage\"},\"thumbnailUrl\":\"https:\/\/varjasfutofolia.hu\/wp-content\/uploads\/2021\/11\/onszabalyzo-futokabel-1.png\",\"datePublished\":\"2024-12-01T23:02:05+00:00\",\"dateModified\":\"2025-09-28T01:10:09+00:00\",\"breadcrumb\":{\"@id\":\"https:\/\/varjasfutofolia.hu\/termek\/onszabalyzo-futokabel-30-watt-meter\/#breadcrumb\"},\"inLanguage\":\"de-DE\",\"potentialAction\":[{\"@type\":\"ReadAction\",\"target\":[\"https:\/\/varjasfutofolia.hu\/termek\/onszabalyzo-futokabel-30-watt-meter\/\"]}]},{\"@type\":\"ImageObject\",\"inLanguage\":\"de-DE\",\"@id\":\"https:\/\/varjasfutofolia.hu\/termek\/onszabalyzo-futokabel-30-watt-meter\/#primaryimage\",\"url\":\"https:\/\/varjasfutofolia.hu\/wp-content\/uploads\/2021\/11\/onszabalyzo-futokabel-1.png\",\"contentUrl\":\"https:\/\/varjasfutofolia.hu\/wp-content\/uploads\/2021\/11\/onszabalyzo-futokabel-1.png\",\"width\":540,\"height\":393},{\"@type\":\"BreadcrumbList\",\"@id\":\"https:\/\/varjasfutofolia.hu\/termek\/onszabalyzo-futokabel-30-watt-meter\/#breadcrumb\",\"itemListElement\":[{\"@type\":\"ListItem\",\"position\":1,\"name\":\"Kezd\u0151lap\",\"item\":\"https:\/\/varjasfutofolia.hu\/\"},{\"@type\":\"ListItem\",\"position\":2,\"name\":\"\u00dczlet\",\"item\":\"https:\/\/varjasfutofolia.hu\/uzlet\/\"},{\"@type\":\"ListItem\",\"position\":3,\"name\":\"\u00d6nszab\u00e1lyz\u00f3 f\u0171t\u0151k\u00e1bel 30 Watt \/ m\u00e9ter\"}]},{\"@type\":\"WebSite\",\"@id\":\"https:\/\/varjasfutofolia.hu\/#website\",\"url\":\"https:\/\/varjasfutofolia.hu\/\",\"name\":\"Varjas F\u0171t\u0151f\u00f3lia\",\"description\":\"A Nap melege az \u00d6n otthon\u00e1ban\",\"potentialAction\":[{\"@type\":\"SearchAction\",\"target\":{\"@type\":\"EntryPoint\",\"urlTemplate\":\"https:\/\/varjasfutofolia.hu\/?s={search_term_string}\"},\"query-input\":{\"@type\":\"PropertyValueSpecification\",\"valueRequired\":true,\"valueName\":\"search_term_string\"}}],\"inLanguage\":\"de-DE\"}]}<\/script>\n<!-- \/ Yoast SEO plugin. -->","yoast_head_json":{"title":"\u00d6nszab\u00e1lyz\u00f3 f\u0171t\u0151k\u00e1bel 30 Watt \/ m\u00e9ter - Varjas F\u0171t\u0151f\u00f3lia","robots":{"index":"index","follow":"follow","max-snippet":"max-snippet:-1","max-image-preview":"max-image-preview:large","max-video-preview":"max-video-preview:-1"},"canonical":"https:\/\/varjasfutofolia.hu\/de\/termek\/onszabalyzo-futokabel-30-watt-meter\/","og_locale":"de_DE","og_type":"article","og_title":"\u00d6nszab\u00e1lyz\u00f3 f\u0171t\u0151k\u00e1bel 30 Watt \/ m\u00e9ter - Varjas F\u0171t\u0151f\u00f3lia","og_description":"Adatok      T\u00edpus:     Dupa szigetel\u00e9s\u0171 f\u00f6ldelt f\u0171t\u0151k\u00e1bel       Felhaszn\u00e1l\u00e1s:     fagymentes\u00edt\u00e9s,cs\u0151f\u0171t\u00e9s      Teljes\u00edtm\u00e9ny \/ m\u00e9ter 30 Watt \/ m\u00e9ter   Teljes\u00edtm\u00e9ny \/ Amper     0.13 A \/ m\u00e9ter      R\u00f6gz\u00edt\u00e9s     r\u00f6gz\u00edt\u0151 szalag      F\u0171t\u0151k\u00e1bel szigetel\u00e9se Fluoropolimer   Burkolat szigetel\u00e9se Fluoropolimer   Vez\u00e9rl\u00e9s     \u00f6nszab\u00e1lyz\u00f3      Tanus\u00edtv\u00e1ny CE   IP V\u00e9delem IP67","og_url":"https:\/\/varjasfutofolia.hu\/de\/termek\/onszabalyzo-futokabel-30-watt-meter\/","og_site_name":"Varjas F\u0171t\u0151f\u00f3lia","article_modified_time":"2025-09-28T01:10:09+00:00","twitter_card":"summary_large_image","schema":{"@context":"https:\/\/schema.org","@graph":[{"@type":"WebPage","@id":"https:\/\/varjasfutofolia.hu\/termek\/onszabalyzo-futokabel-30-watt-meter\/","url":"https:\/\/varjasfutofolia.hu\/termek\/onszabalyzo-futokabel-30-watt-meter\/","name":"\u00d6nszab\u00e1lyz\u00f3 f\u0171t\u0151k\u00e1bel 30 Watt \/ m\u00e9ter - Varjas F\u0171t\u0151f\u00f3lia","isPartOf":{"@id":"https:\/\/varjasfutofolia.hu\/#website"},"primaryImageOfPage":{"@id":"https:\/\/varjasfutofolia.hu\/termek\/onszabalyzo-futokabel-30-watt-meter\/#primaryimage"},"image":{"@id":"https:\/\/varjasfutofolia.hu\/termek\/onszabalyzo-futokabel-30-watt-meter\/#primaryimage"},"thumbnailUrl":"https:\/\/varjasfutofolia.hu\/wp-content\/uploads\/2021\/11\/onszabalyzo-futokabel-1.png","datePublished":"2024-12-01T23:02:05+00:00","dateModified":"2025-09-28T01:10:09+00:00","breadcrumb":{"@id":"https:\/\/varjasfutofolia.hu\/termek\/onszabalyzo-futokabel-30-watt-meter\/#breadcrumb"},"inLanguage":"de-DE","potentialAction":[{"@type":"ReadAction","target":["https:\/\/varjasfutofolia.hu\/termek\/onszabalyzo-futokabel-30-watt-meter\/"]}]},{"@type":"ImageObject","inLanguage":"de-DE","@id":"https:\/\/varjasfutofolia.hu\/termek\/onszabalyzo-futokabel-30-watt-meter\/#primaryimage","url":"https:\/\/varjasfutofolia.hu\/wp-content\/uploads\/2021\/11\/onszabalyzo-futokabel-1.png","contentUrl":"https:\/\/varjasfutofolia.hu\/wp-content\/uploads\/2021\/11\/onszabalyzo-futokabel-1.png","width":540,"height":393},{"@type":"BreadcrumbList","@id":"https:\/\/varjasfutofolia.hu\/termek\/onszabalyzo-futokabel-30-watt-meter\/#breadcrumb","itemListElement":[{"@type":"ListItem","position":1,"name":"Kezd\u0151lap","item":"https:\/\/varjasfutofolia.hu\/"},{"@type":"ListItem","position":2,"name":"\u00dczlet","item":"https:\/\/varjasfutofolia.hu\/uzlet\/"},{"@type":"ListItem","position":3,"name":"\u00d6nszab\u00e1lyz\u00f3 f\u0171t\u0151k\u00e1bel 30 Watt \/ m\u00e9ter"}]},{"@type":"WebSite","@id":"https:\/\/varjasfutofolia.hu\/#website","url":"https:\/\/varjasfutofolia.hu\/","name":"Varjas F\u0171t\u0151f\u00f3lia","description":"A Nap melege az \u00d6n otthon\u00e1ban","potentialAction":[{"@type":"SearchAction","target":{"@type":"EntryPoint","urlTemplate":"https:\/\/varjasfutofolia.hu\/?s={search_term_string}"},"query-input":{"@type":"PropertyValueSpecification","valueRequired":true,"valueName":"search_term_string"}}],"inLanguage":"de-DE"}]}},"_links":{"self":[{"href":"https:\/\/varjasfutofolia.hu\/de\/wp-json\/wp\/v2\/product\/9931663","targetHints":{"allow":["GET"]}}],"collection":[{"href":"https:\/\/varjasfutofolia.hu\/de\/wp-json\/wp\/v2\/product"}],"about":[{"href":"https:\/\/varjasfutofolia.hu\/de\/wp-json\/wp\/v2\/types\/product"}],"replies":[{"embeddable":true,"href":"https:\/\/varjasfutofolia.hu\/de\/wp-json\/wp\/v2\/comments?post=9931663"}],"wp:featuredmedia":[{"embeddable":true,"href":"https:\/\/varjasfutofolia.hu\/de\/wp-json\/wp\/v2\/media\/9921221"}],"wp:attachment":[{"href":"https:\/\/varjasfutofolia.hu\/de\/wp-json\/wp\/v2\/media?parent=9931663"}],"wp:term":[{"taxonomy":"product_brand","embeddable":true,"href":"https:\/\/varjasfutofolia.hu\/de\/wp-json\/wp\/v2\/product_brand?post=9931663"},{"taxonomy":"product_cat","embeddable":true,"href":"https:\/\/varjasfutofolia.hu\/de\/wp-json\/wp\/v2\/product_cat?post=9931663"},{"taxonomy":"product_tag","embeddable":true,"href":"https:\/\/varjasfutofolia.hu\/de\/wp-json\/wp\/v2\/product_tag?post=9931663"}],"curies":[{"name":"wp","href":"https:\/\/api.w.org\/{rel}","templated":true}]}}