{"id":9931650,"date":"2024-12-02T00:02:04","date_gmt":"2024-12-01T23:02:04","guid":{"rendered":"https:\/\/varjasfutofolia.hu\/?post_type=product&#038;p=9931650"},"modified":"2025-09-28T03:10:09","modified_gmt":"2025-09-28T01:10:09","slug":"adax-neo-wifi-l-elektromos-futopanel-1000w-keskeny-modell","status":"publish","type":"product","link":"https:\/\/varjasfutofolia.hu\/de\/termek\/adax-neo-wifi-l-elektromos-futopanel-1000w-keskeny-modell\/","title":{"rendered":"Adax Neo Wifi &#8222;L&#8220; elektromos f\u0171t\u0151panel 1000W keskeny modell"},"content":{"rendered":"\n","protected":false},"excerpt":{"rendered":"<p>T\u00edpus: F\u00fct\u0151panel<br \/>\nFelhaszn\u00e1l\u00e1s: Falra szerelhet\u0151 f\u0171t\u00e9s<br \/>\nFesz\u00fclts\u00e9g: 230V<br \/>\nTeljes\u00edtm\u00e9ny \/ Watt: 1000 Watt<br \/>\nTeljes\u00edtm\u00e9ny \/ Amper: 4,35 A<br \/>\nSz\u00e9less\u00e9g: 138 cm<br \/>\nMagass\u00e1g: 21 cm<br \/>\nM\u00e9lys\u00e9g: 9,5 cm<br \/>\nBe\u00e9p\u00edtett termoszt\u00e1t: igen<br \/>\nProgramozhat\u00f3: igen<br \/>\nTermoszt\u00e1t t\u00edpus: digit\u00e1lis, wifi termoszt\u00e1t<br \/>\nV\u00e9detts\u00e9g: IP24<br \/>\nGarancia: 5 \u00e9v<br \/>\nSz\u00edn: Feh\u00e9r<\/p>\n","protected":false},"featured_media":9921186,"comment_status":"open","ping_status":"closed","template":"","meta":{"_et_pb_use_builder":"","_et_pb_old_content":"","_et_gb_content_width":""},"product_brand":[],"product_cat":[68,74,54],"product_tag":[75,61],"class_list":{"0":"post-9931650","1":"product","2":"type-product","3":"status-publish","4":"has-post-thumbnail","6":"product_cat-adax-neo","7":"product_cat-adax-wifi","8":"product_cat-futopanel","9":"product_tag-adax-neo","10":"product_tag-futopanel","12":"first","13":"outofstock","14":"taxable","15":"shipping-taxable","16":"purchasable","17":"product-type-simple"},"yoast_head":"<!-- This site is optimized with the Yoast SEO plugin v26.0 - https:\/\/yoast.com\/wordpress\/plugins\/seo\/ -->\n<title>Adax Neo Wifi &quot;L&quot; elektromos f\u0171t\u0151panel 1000W keskeny modell - Varjas F\u0171t\u0151f\u00f3lia<\/title>\n<meta name=\"robots\" content=\"index, follow, max-snippet:-1, max-image-preview:large, max-video-preview:-1\" \/>\n<link rel=\"canonical\" href=\"https:\/\/varjasfutofolia.hu\/de\/termek\/adax-neo-wifi-l-elektromos-futopanel-1000w-keskeny-modell\/\" \/>\n<meta property=\"og:locale\" content=\"de_DE\" \/>\n<meta property=\"og:locale:alternate\" content=\"en_US\" \/>\n<meta property=\"og:locale:alternate\" content=\"hu_HU\" \/>\n<meta property=\"og:type\" content=\"article\" \/>\n<meta property=\"og:title\" content=\"Adax Neo Wifi &quot;L&quot; elektromos f\u0171t\u0151panel 1000W keskeny modell - Varjas F\u0171t\u0151f\u00f3lia\" \/>\n<meta property=\"og:description\" content=\"T\u00edpus: F\u00fct\u0151panel Felhaszn\u00e1l\u00e1s: Falra szerelhet\u0151 f\u0171t\u00e9s Fesz\u00fclts\u00e9g: 230V Teljes\u00edtm\u00e9ny \/ Watt: 1000 Watt Teljes\u00edtm\u00e9ny \/ Amper: 4,35 A Sz\u00e9less\u00e9g: 138 cm Magass\u00e1g: 21 cm M\u00e9lys\u00e9g: 9,5 cm Be\u00e9p\u00edtett termoszt\u00e1t: igen Programozhat\u00f3: igen Termoszt\u00e1t t\u00edpus: digit\u00e1lis, wifi termoszt\u00e1t V\u00e9detts\u00e9g: IP24 Garancia: 5 \u00e9v Sz\u00edn: Feh\u00e9r\" \/>\n<meta property=\"og:url\" content=\"https:\/\/varjasfutofolia.hu\/de\/termek\/adax-neo-wifi-l-elektromos-futopanel-1000w-keskeny-modell\/\" \/>\n<meta property=\"og:site_name\" content=\"Varjas F\u0171t\u0151f\u00f3lia\" \/>\n<meta property=\"article:modified_time\" content=\"2025-09-28T01:10:09+00:00\" \/>\n<meta name=\"twitter:card\" content=\"summary_large_image\" \/>\n<script type=\"application\/ld+json\" class=\"yoast-schema-graph\">{\"@context\":\"https:\/\/schema.org\",\"@graph\":[{\"@type\":\"WebPage\",\"@id\":\"https:\/\/varjasfutofolia.hu\/termek\/adax-neo-wifi-l-elektromos-futopanel-1000w-keskeny-modell\/\",\"url\":\"https:\/\/varjasfutofolia.hu\/termek\/adax-neo-wifi-l-elektromos-futopanel-1000w-keskeny-modell\/\",\"name\":\"Adax Neo Wifi \\\"L\\\" elektromos f\u0171t\u0151panel 1000W keskeny modell - Varjas F\u0171t\u0151f\u00f3lia\",\"isPartOf\":{\"@id\":\"https:\/\/varjasfutofolia.hu\/#website\"},\"primaryImageOfPage\":{\"@id\":\"https:\/\/varjasfutofolia.hu\/termek\/adax-neo-wifi-l-elektromos-futopanel-1000w-keskeny-modell\/#primaryimage\"},\"image\":{\"@id\":\"https:\/\/varjasfutofolia.hu\/termek\/adax-neo-wifi-l-elektromos-futopanel-1000w-keskeny-modell\/#primaryimage\"},\"thumbnailUrl\":\"https:\/\/varjasfutofolia.hu\/wp-content\/uploads\/2021\/11\/adax-neo-wifi.jpg\",\"datePublished\":\"2024-12-01T23:02:04+00:00\",\"dateModified\":\"2025-09-28T01:10:09+00:00\",\"breadcrumb\":{\"@id\":\"https:\/\/varjasfutofolia.hu\/termek\/adax-neo-wifi-l-elektromos-futopanel-1000w-keskeny-modell\/#breadcrumb\"},\"inLanguage\":\"de-DE\",\"potentialAction\":[{\"@type\":\"ReadAction\",\"target\":[\"https:\/\/varjasfutofolia.hu\/termek\/adax-neo-wifi-l-elektromos-futopanel-1000w-keskeny-modell\/\"]}]},{\"@type\":\"ImageObject\",\"inLanguage\":\"de-DE\",\"@id\":\"https:\/\/varjasfutofolia.hu\/termek\/adax-neo-wifi-l-elektromos-futopanel-1000w-keskeny-modell\/#primaryimage\",\"url\":\"https:\/\/varjasfutofolia.hu\/wp-content\/uploads\/2021\/11\/adax-neo-wifi.jpg\",\"contentUrl\":\"https:\/\/varjasfutofolia.hu\/wp-content\/uploads\/2021\/11\/adax-neo-wifi.jpg\",\"width\":574,\"height\":559},{\"@type\":\"BreadcrumbList\",\"@id\":\"https:\/\/varjasfutofolia.hu\/termek\/adax-neo-wifi-l-elektromos-futopanel-1000w-keskeny-modell\/#breadcrumb\",\"itemListElement\":[{\"@type\":\"ListItem\",\"position\":1,\"name\":\"Kezd\u0151lap\",\"item\":\"https:\/\/varjasfutofolia.hu\/\"},{\"@type\":\"ListItem\",\"position\":2,\"name\":\"\u00dczlet\",\"item\":\"https:\/\/varjasfutofolia.hu\/uzlet\/\"},{\"@type\":\"ListItem\",\"position\":3,\"name\":\"Adax Neo Wifi &#8222;L&#8221; elektromos f\u0171t\u0151panel 1000W keskeny modell\"}]},{\"@type\":\"WebSite\",\"@id\":\"https:\/\/varjasfutofolia.hu\/#website\",\"url\":\"https:\/\/varjasfutofolia.hu\/\",\"name\":\"Varjas F\u0171t\u0151f\u00f3lia\",\"description\":\"A Nap melege az \u00d6n otthon\u00e1ban\",\"potentialAction\":[{\"@type\":\"SearchAction\",\"target\":{\"@type\":\"EntryPoint\",\"urlTemplate\":\"https:\/\/varjasfutofolia.hu\/?s={search_term_string}\"},\"query-input\":{\"@type\":\"PropertyValueSpecification\",\"valueRequired\":true,\"valueName\":\"search_term_string\"}}],\"inLanguage\":\"de-DE\"}]}<\/script>\n<!-- \/ Yoast SEO plugin. -->","yoast_head_json":{"title":"Adax Neo Wifi \"L\" elektromos f\u0171t\u0151panel 1000W keskeny modell - Varjas F\u0171t\u0151f\u00f3lia","robots":{"index":"index","follow":"follow","max-snippet":"max-snippet:-1","max-image-preview":"max-image-preview:large","max-video-preview":"max-video-preview:-1"},"canonical":"https:\/\/varjasfutofolia.hu\/de\/termek\/adax-neo-wifi-l-elektromos-futopanel-1000w-keskeny-modell\/","og_locale":"de_DE","og_type":"article","og_title":"Adax Neo Wifi \"L\" elektromos f\u0171t\u0151panel 1000W keskeny modell - Varjas F\u0171t\u0151f\u00f3lia","og_description":"T\u00edpus: F\u00fct\u0151panel Felhaszn\u00e1l\u00e1s: Falra szerelhet\u0151 f\u0171t\u00e9s Fesz\u00fclts\u00e9g: 230V Teljes\u00edtm\u00e9ny \/ Watt: 1000 Watt Teljes\u00edtm\u00e9ny \/ Amper: 4,35 A Sz\u00e9less\u00e9g: 138 cm Magass\u00e1g: 21 cm M\u00e9lys\u00e9g: 9,5 cm Be\u00e9p\u00edtett termoszt\u00e1t: igen Programozhat\u00f3: igen Termoszt\u00e1t t\u00edpus: digit\u00e1lis, wifi termoszt\u00e1t V\u00e9detts\u00e9g: IP24 Garancia: 5 \u00e9v Sz\u00edn: Feh\u00e9r","og_url":"https:\/\/varjasfutofolia.hu\/de\/termek\/adax-neo-wifi-l-elektromos-futopanel-1000w-keskeny-modell\/","og_site_name":"Varjas F\u0171t\u0151f\u00f3lia","article_modified_time":"2025-09-28T01:10:09+00:00","twitter_card":"summary_large_image","schema":{"@context":"https:\/\/schema.org","@graph":[{"@type":"WebPage","@id":"https:\/\/varjasfutofolia.hu\/termek\/adax-neo-wifi-l-elektromos-futopanel-1000w-keskeny-modell\/","url":"https:\/\/varjasfutofolia.hu\/termek\/adax-neo-wifi-l-elektromos-futopanel-1000w-keskeny-modell\/","name":"Adax Neo Wifi \"L\" elektromos f\u0171t\u0151panel 1000W keskeny modell - Varjas F\u0171t\u0151f\u00f3lia","isPartOf":{"@id":"https:\/\/varjasfutofolia.hu\/#website"},"primaryImageOfPage":{"@id":"https:\/\/varjasfutofolia.hu\/termek\/adax-neo-wifi-l-elektromos-futopanel-1000w-keskeny-modell\/#primaryimage"},"image":{"@id":"https:\/\/varjasfutofolia.hu\/termek\/adax-neo-wifi-l-elektromos-futopanel-1000w-keskeny-modell\/#primaryimage"},"thumbnailUrl":"https:\/\/varjasfutofolia.hu\/wp-content\/uploads\/2021\/11\/adax-neo-wifi.jpg","datePublished":"2024-12-01T23:02:04+00:00","dateModified":"2025-09-28T01:10:09+00:00","breadcrumb":{"@id":"https:\/\/varjasfutofolia.hu\/termek\/adax-neo-wifi-l-elektromos-futopanel-1000w-keskeny-modell\/#breadcrumb"},"inLanguage":"de-DE","potentialAction":[{"@type":"ReadAction","target":["https:\/\/varjasfutofolia.hu\/termek\/adax-neo-wifi-l-elektromos-futopanel-1000w-keskeny-modell\/"]}]},{"@type":"ImageObject","inLanguage":"de-DE","@id":"https:\/\/varjasfutofolia.hu\/termek\/adax-neo-wifi-l-elektromos-futopanel-1000w-keskeny-modell\/#primaryimage","url":"https:\/\/varjasfutofolia.hu\/wp-content\/uploads\/2021\/11\/adax-neo-wifi.jpg","contentUrl":"https:\/\/varjasfutofolia.hu\/wp-content\/uploads\/2021\/11\/adax-neo-wifi.jpg","width":574,"height":559},{"@type":"BreadcrumbList","@id":"https:\/\/varjasfutofolia.hu\/termek\/adax-neo-wifi-l-elektromos-futopanel-1000w-keskeny-modell\/#breadcrumb","itemListElement":[{"@type":"ListItem","position":1,"name":"Kezd\u0151lap","item":"https:\/\/varjasfutofolia.hu\/"},{"@type":"ListItem","position":2,"name":"\u00dczlet","item":"https:\/\/varjasfutofolia.hu\/uzlet\/"},{"@type":"ListItem","position":3,"name":"Adax Neo Wifi &#8222;L&#8221; elektromos f\u0171t\u0151panel 1000W keskeny modell"}]},{"@type":"WebSite","@id":"https:\/\/varjasfutofolia.hu\/#website","url":"https:\/\/varjasfutofolia.hu\/","name":"Varjas F\u0171t\u0151f\u00f3lia","description":"A Nap melege az \u00d6n otthon\u00e1ban","potentialAction":[{"@type":"SearchAction","target":{"@type":"EntryPoint","urlTemplate":"https:\/\/varjasfutofolia.hu\/?s={search_term_string}"},"query-input":{"@type":"PropertyValueSpecification","valueRequired":true,"valueName":"search_term_string"}}],"inLanguage":"de-DE"}]}},"_links":{"self":[{"href":"https:\/\/varjasfutofolia.hu\/de\/wp-json\/wp\/v2\/product\/9931650","targetHints":{"allow":["GET"]}}],"collection":[{"href":"https:\/\/varjasfutofolia.hu\/de\/wp-json\/wp\/v2\/product"}],"about":[{"href":"https:\/\/varjasfutofolia.hu\/de\/wp-json\/wp\/v2\/types\/product"}],"replies":[{"embeddable":true,"href":"https:\/\/varjasfutofolia.hu\/de\/wp-json\/wp\/v2\/comments?post=9931650"}],"wp:featuredmedia":[{"embeddable":true,"href":"https:\/\/varjasfutofolia.hu\/de\/wp-json\/wp\/v2\/media\/9921186"}],"wp:attachment":[{"href":"https:\/\/varjasfutofolia.hu\/de\/wp-json\/wp\/v2\/media?parent=9931650"}],"wp:term":[{"taxonomy":"product_brand","embeddable":true,"href":"https:\/\/varjasfutofolia.hu\/de\/wp-json\/wp\/v2\/product_brand?post=9931650"},{"taxonomy":"product_cat","embeddable":true,"href":"https:\/\/varjasfutofolia.hu\/de\/wp-json\/wp\/v2\/product_cat?post=9931650"},{"taxonomy":"product_tag","embeddable":true,"href":"https:\/\/varjasfutofolia.hu\/de\/wp-json\/wp\/v2\/product_tag?post=9931650"}],"curies":[{"name":"wp","href":"https:\/\/api.w.org\/{rel}","templated":true}]}}