{"id":9931518,"date":"2024-12-02T00:01:30","date_gmt":"2024-12-01T23:01:30","guid":{"rendered":"https:\/\/varjasfutofolia.hu\/?post_type=product&#038;p=9931518"},"modified":"2025-09-28T03:10:13","modified_gmt":"2025-09-28T01:10:13","slug":"t-mat-100-13-0-futohalo-futoszonyeg-13m2-1300w","status":"publish","type":"product","link":"https:\/\/varjasfutofolia.hu\/de\/termek\/t-mat-100-13-0-futohalo-futoszonyeg-13m2-1300w\/","title":{"rendered":"T-Mat 100-13.0 F\u0171t\u0151h\u00e1l\u00f3, f\u0171t\u0151sz\u0151nyeg 13m2 1300w"},"content":{"rendered":"<p>A\u00a0<strong>T-Mat 100-13.0 F\u0171t\u0151h\u00e1l\u00f3, f\u0171t\u0151sz\u0151nyeg 13m2 1300w\u00a0<\/strong>\u00f6ntapad\u00f3 f\u0171t\u0151sz\u0151nyeget r\u00e9gebbi \u00e9p\u00edt\u00e9s\u0171 helyis\u00e9gek padl\u00f3j\u00e1nak temper\u00e1l\u00e1s\u00e1ra vagy \u00fajonnan \u00e9p\u00edtett, j\u00f3l szigetelt helyis\u00e9gbe, pr\u00e9mium h\u0151\u00e9rzet el\u0151\u00e1ll\u00edt\u00e1s\u00e1ra aj\u00e1nljuk. 50 cm sz\u00e9les, a hossza 26 m\u00e9ter. Padl\u00f3\u00e9rz\u00e9kel\u0151s termoszt\u00e1ttal \u00e9s 2,5 m\u00e9teres hidegvezet\u00e9kkel ker\u00fcl forgalomba. 13 m2 lefed\u00e9s\u00e9re alkalmas. \u00dczemi h\u0151m\u00e9rs\u00e9klete 26-29 fok, m\u00edg az \u00f6sszteljes\u00edtm\u00e9nye 1300 Watt.<\/p>\n","protected":false},"excerpt":{"rendered":"<div class=\"data_tab_title\">Adatok<\/div>\n<div id=\"page_artdet_product_param_spec_2\">\n<table id=\"page_artdet_product_param_sepc_table\" border=\"0\" cellspacing=\"0\" cellpadding=\"0\">\n<tbody>\n<tr id=\"page_artdet_product_param_spec_111563\" class=\"page_artdet_product_param_spec_item\">\n<td class=\"page_artdet_product_param_spec_title text_normal\">\n<div>T\u00edpus:<\/div>\n<\/td>\n<td class=\"page_artdet_product_param_spec_value text_normal\">\n<div>f\u0171t\u0151h\u00e1l\u00f3 \/ f\u0171t\u0151sz\u0151nyeg<\/div>\n<\/td>\n<\/tr>\n<tr id=\"page_artdet_product_param_spec_111571\" class=\"page_artdet_product_param_spec_item\">\n<td class=\"page_artdet_product_param_spec_title text_normal\">\n<div>Felhaszn\u00e1l\u00e1s:<\/div>\n<\/td>\n<td class=\"page_artdet_product_param_spec_value text_normal\">\n<div>padl\u00f3f\u0171t\u00e9s hideg-burkolat al\u00e1<\/div>\n<\/td>\n<\/tr>\n<tr id=\"page_artdet_product_param_spec_110508\" class=\"page_artdet_product_param_spec_item\">\n<td class=\"page_artdet_product_param_spec_title text_normal\">\n<div>Sz\u00e9less\u00e9g:<\/div>\n<\/td>\n<td class=\"page_artdet_product_param_spec_value text_normal\">\n<div>50 cm<\/div>\n<\/td>\n<\/tr>\n<tr id=\"page_artdet_product_param_spec_111535\" class=\"page_artdet_product_param_spec_item\">\n<td class=\"page_artdet_product_param_spec_title text_normal\">\n<div>Hossz\u00fas\u00e1g:<\/div>\n<\/td>\n<td class=\"page_artdet_product_param_spec_value text_normal\">\n<div>26 m\u00e9ter<\/div>\n<\/td>\n<\/tr>\n<tr id=\"page_artdet_product_param_spec_112232\" class=\"page_artdet_product_param_spec_item\">\n<td class=\"page_artdet_product_param_spec_title text_normal\">\n<div>Vastags\u00e1g:<\/div>\n<\/td>\n<td class=\"page_artdet_product_param_spec_value text_normal\">\n<div>3.8 mm<\/div>\n<\/td>\n<\/tr>\n<tr id=\"page_artdet_product_param_spec_112242\" class=\"page_artdet_product_param_spec_item\">\n<td class=\"page_artdet_product_param_spec_title text_normal\">\n<div>M\u00e9ret \/ m2:<\/div>\n<\/td>\n<td class=\"page_artdet_product_param_spec_value text_normal\">\n<div>13.0 m2<\/div>\n<\/td>\n<\/tr>\n<tr id=\"page_artdet_product_param_spec_111585\" class=\"page_artdet_product_param_spec_item\">\n<td class=\"page_artdet_product_param_spec_title text_normal\">\n<div>Teljes\u00edtm\u00e9ny \u00f6sszesen \/ Watt:<\/div>\n<\/td>\n<td class=\"page_artdet_product_param_spec_value text_normal\">\n<div>1300 Watt<\/div>\n<\/td>\n<\/tr>\n<tr id=\"page_artdet_product_param_spec_111540\" class=\"page_artdet_product_param_spec_item\">\n<td class=\"page_artdet_product_param_spec_title text_normal\">\n<div>Teljes\u00edtm\u00e9ny \/ Amper:<\/div>\n<\/td>\n<td class=\"page_artdet_product_param_spec_value text_normal\">\n<div>5.65 A<\/div>\n<\/td>\n<\/tr>\n<tr id=\"page_artdet_product_param_spec_112290\" class=\"page_artdet_product_param_spec_item\">\n<td class=\"page_artdet_product_param_spec_title text_normal\">\n<div>Teljes\u00edtm\u00e9ny \/ m2:<\/div>\n<\/td>\n<td class=\"page_artdet_product_param_spec_value text_normal\">\n<div>100 Watt<\/div>\n<\/td>\n<\/tr>\n<tr id=\"page_artdet_product_param_spec_111650\" class=\"page_artdet_product_param_spec_item\">\n<td class=\"page_artdet_product_param_spec_title text_normal\">\n<div>\u00dczemi h\u0151m\u00e9rs\u00e9klet:<\/div>\n<\/td>\n<td class=\"page_artdet_product_param_spec_value text_normal\">\n<div>26-29 C\u00b0<\/div>\n<\/td>\n<\/tr>\n<tr id=\"page_artdet_product_param_spec_112234\" class=\"page_artdet_product_param_spec_item\">\n<td class=\"page_artdet_product_param_spec_title text_normal\">\n<div>Vez\u00e9rl\u00e9s:<\/div>\n<\/td>\n<td class=\"page_artdet_product_param_spec_value text_normal\">\n<div>Padl\u00f3 \u00e9rz\u00e9kel\u0151s termoszt\u00e1ttal (k\u00f6telez\u0151)<\/div>\n<\/td>\n<\/tr>\n<tr id=\"page_artdet_product_param_spec_112233\" class=\"page_artdet_product_param_spec_item\">\n<td class=\"page_artdet_product_param_spec_title text_normal\">\n<div>Hideg vezet\u00e9k hossza:<\/div>\n<\/td>\n<td class=\"page_artdet_product_param_spec_value text_normal\">\n<div>2.5 m\u00e9ter<\/div>\n<\/td>\n<\/tr>\n<tr id=\"page_artdet_product_param_spec_111557\" class=\"page_artdet_product_param_spec_item\">\n<td class=\"page_artdet_product_param_spec_title text_normal\">\n<div>Fesz\u00fclts\u00e9g:<\/div>\n<\/td>\n<td class=\"page_artdet_product_param_spec_value text_normal\">\n<div>230 V<\/div>\n<\/td>\n<\/tr>\n<tr id=\"page_artdet_product_param_spec_111551\" class=\"page_artdet_product_param_spec_item\">\n<td class=\"page_artdet_product_param_spec_title text_normal\">\n<div>Garancia:<\/div>\n<\/td>\n<td class=\"page_artdet_product_param_spec_value text_normal\">\n<div>10 \u00e9v<\/div>\n<\/td>\n<\/tr>\n<\/tbody>\n<\/table>\n<\/div>\n","protected":false},"featured_media":9920861,"comment_status":"open","ping_status":"closed","template":"","meta":{"_et_pb_use_builder":"","_et_pb_old_content":"","_et_gb_content_width":""},"product_brand":[],"product_cat":[43,53],"product_tag":[41,46,47],"class_list":{"0":"post-9931518","1":"product","2":"type-product","3":"status-publish","4":"has-post-thumbnail","6":"product_cat-futoszonyeg","7":"product_cat-futoszonyeg-100-w-m2","8":"product_tag-elektromos-futes","9":"product_tag-futohalo","10":"product_tag-futoszonyeg","12":"first","13":"instock","14":"taxable","15":"shipping-taxable","16":"purchasable","17":"product-type-simple"},"yoast_head":"<!-- This site is optimized with the Yoast SEO plugin v26.0 - https:\/\/yoast.com\/wordpress\/plugins\/seo\/ -->\n<title>T-Mat 100-13.0 F\u0171t\u0151h\u00e1l\u00f3, f\u0171t\u0151sz\u0151nyeg 13m2 1300w - Varjas F\u0171t\u0151f\u00f3lia<\/title>\n<meta name=\"robots\" content=\"index, follow, max-snippet:-1, max-image-preview:large, max-video-preview:-1\" \/>\n<link rel=\"canonical\" href=\"https:\/\/varjasfutofolia.hu\/de\/termek\/t-mat-100-13-0-futohalo-futoszonyeg-13m2-1300w\/\" \/>\n<meta property=\"og:locale\" content=\"de_DE\" \/>\n<meta property=\"og:locale:alternate\" content=\"en_US\" \/>\n<meta property=\"og:locale:alternate\" content=\"hu_HU\" \/>\n<meta property=\"og:type\" content=\"article\" \/>\n<meta property=\"og:title\" content=\"T-Mat 100-13.0 F\u0171t\u0151h\u00e1l\u00f3, f\u0171t\u0151sz\u0151nyeg 13m2 1300w - Varjas F\u0171t\u0151f\u00f3lia\" \/>\n<meta property=\"og:description\" content=\"Adatok      T\u00edpus:  f\u0171t\u0151h\u00e1l\u00f3 \/ f\u0171t\u0151sz\u0151nyeg    Felhaszn\u00e1l\u00e1s:  padl\u00f3f\u0171t\u00e9s hideg-burkolat al\u00e1    Sz\u00e9less\u00e9g:  50 cm    Hossz\u00fas\u00e1g:  26 m\u00e9ter    Vastags\u00e1g:  3.8 mm    M\u00e9ret \/ m2:  13.0 m2    Teljes\u00edtm\u00e9ny \u00f6sszesen \/ Watt:  1300 Watt    Teljes\u00edtm\u00e9ny \/ Amper:  5.65 A    Teljes\u00edtm\u00e9ny \/ m2:  100 Watt    \u00dczemi h\u0151m\u00e9rs\u00e9klet:  26-29 C\u00b0    Vez\u00e9rl\u00e9s:  Padl\u00f3 \u00e9rz\u00e9kel\u0151s termoszt\u00e1ttal (k\u00f6telez\u0151)    Hideg vezet\u00e9k hossza:  2.5 m\u00e9ter    Fesz\u00fclts\u00e9g:  230 V    Garancia:  10 \u00e9v\" \/>\n<meta property=\"og:url\" content=\"https:\/\/varjasfutofolia.hu\/de\/termek\/t-mat-100-13-0-futohalo-futoszonyeg-13m2-1300w\/\" \/>\n<meta property=\"og:site_name\" content=\"Varjas F\u0171t\u0151f\u00f3lia\" \/>\n<meta property=\"article:modified_time\" content=\"2025-09-28T01:10:13+00:00\" \/>\n<meta name=\"twitter:card\" content=\"summary_large_image\" \/>\n<script type=\"application\/ld+json\" class=\"yoast-schema-graph\">{\"@context\":\"https:\/\/schema.org\",\"@graph\":[{\"@type\":\"WebPage\",\"@id\":\"https:\/\/varjasfutofolia.hu\/termek\/t-mat-100-13-0-futohalo-futoszonyeg-13m2-1300w\/\",\"url\":\"https:\/\/varjasfutofolia.hu\/termek\/t-mat-100-13-0-futohalo-futoszonyeg-13m2-1300w\/\",\"name\":\"T-Mat 100-13.0 F\u0171t\u0151h\u00e1l\u00f3, f\u0171t\u0151sz\u0151nyeg 13m2 1300w - Varjas F\u0171t\u0151f\u00f3lia\",\"isPartOf\":{\"@id\":\"https:\/\/varjasfutofolia.hu\/#website\"},\"primaryImageOfPage\":{\"@id\":\"https:\/\/varjasfutofolia.hu\/termek\/t-mat-100-13-0-futohalo-futoszonyeg-13m2-1300w\/#primaryimage\"},\"image\":{\"@id\":\"https:\/\/varjasfutofolia.hu\/termek\/t-mat-100-13-0-futohalo-futoszonyeg-13m2-1300w\/#primaryimage\"},\"thumbnailUrl\":\"https:\/\/varjasfutofolia.hu\/wp-content\/uploads\/2021\/11\/futohalo-futoszonyeg-1.jpg\",\"datePublished\":\"2024-12-01T23:01:30+00:00\",\"dateModified\":\"2025-09-28T01:10:13+00:00\",\"breadcrumb\":{\"@id\":\"https:\/\/varjasfutofolia.hu\/termek\/t-mat-100-13-0-futohalo-futoszonyeg-13m2-1300w\/#breadcrumb\"},\"inLanguage\":\"de-DE\",\"potentialAction\":[{\"@type\":\"ReadAction\",\"target\":[\"https:\/\/varjasfutofolia.hu\/termek\/t-mat-100-13-0-futohalo-futoszonyeg-13m2-1300w\/\"]}]},{\"@type\":\"ImageObject\",\"inLanguage\":\"de-DE\",\"@id\":\"https:\/\/varjasfutofolia.hu\/termek\/t-mat-100-13-0-futohalo-futoszonyeg-13m2-1300w\/#primaryimage\",\"url\":\"https:\/\/varjasfutofolia.hu\/wp-content\/uploads\/2021\/11\/futohalo-futoszonyeg-1.jpg\",\"contentUrl\":\"https:\/\/varjasfutofolia.hu\/wp-content\/uploads\/2021\/11\/futohalo-futoszonyeg-1.jpg\",\"width\":559,\"height\":426},{\"@type\":\"BreadcrumbList\",\"@id\":\"https:\/\/varjasfutofolia.hu\/termek\/t-mat-100-13-0-futohalo-futoszonyeg-13m2-1300w\/#breadcrumb\",\"itemListElement\":[{\"@type\":\"ListItem\",\"position\":1,\"name\":\"Kezd\u0151lap\",\"item\":\"https:\/\/varjasfutofolia.hu\/\"},{\"@type\":\"ListItem\",\"position\":2,\"name\":\"\u00dczlet\",\"item\":\"https:\/\/varjasfutofolia.hu\/uzlet\/\"},{\"@type\":\"ListItem\",\"position\":3,\"name\":\"T-Mat 100-13.0 F\u0171t\u0151h\u00e1l\u00f3, f\u0171t\u0151sz\u0151nyeg 13m2 1300w\"}]},{\"@type\":\"WebSite\",\"@id\":\"https:\/\/varjasfutofolia.hu\/#website\",\"url\":\"https:\/\/varjasfutofolia.hu\/\",\"name\":\"Varjas F\u0171t\u0151f\u00f3lia\",\"description\":\"A Nap melege az \u00d6n otthon\u00e1ban\",\"potentialAction\":[{\"@type\":\"SearchAction\",\"target\":{\"@type\":\"EntryPoint\",\"urlTemplate\":\"https:\/\/varjasfutofolia.hu\/?s={search_term_string}\"},\"query-input\":{\"@type\":\"PropertyValueSpecification\",\"valueRequired\":true,\"valueName\":\"search_term_string\"}}],\"inLanguage\":\"de-DE\"}]}<\/script>\n<!-- \/ Yoast SEO plugin. -->","yoast_head_json":{"title":"T-Mat 100-13.0 F\u0171t\u0151h\u00e1l\u00f3, f\u0171t\u0151sz\u0151nyeg 13m2 1300w - Varjas F\u0171t\u0151f\u00f3lia","robots":{"index":"index","follow":"follow","max-snippet":"max-snippet:-1","max-image-preview":"max-image-preview:large","max-video-preview":"max-video-preview:-1"},"canonical":"https:\/\/varjasfutofolia.hu\/de\/termek\/t-mat-100-13-0-futohalo-futoszonyeg-13m2-1300w\/","og_locale":"de_DE","og_type":"article","og_title":"T-Mat 100-13.0 F\u0171t\u0151h\u00e1l\u00f3, f\u0171t\u0151sz\u0151nyeg 13m2 1300w - Varjas F\u0171t\u0151f\u00f3lia","og_description":"Adatok      T\u00edpus:  f\u0171t\u0151h\u00e1l\u00f3 \/ f\u0171t\u0151sz\u0151nyeg    Felhaszn\u00e1l\u00e1s:  padl\u00f3f\u0171t\u00e9s hideg-burkolat al\u00e1    Sz\u00e9less\u00e9g:  50 cm    Hossz\u00fas\u00e1g:  26 m\u00e9ter    Vastags\u00e1g:  3.8 mm    M\u00e9ret \/ m2:  13.0 m2    Teljes\u00edtm\u00e9ny \u00f6sszesen \/ Watt:  1300 Watt    Teljes\u00edtm\u00e9ny \/ Amper:  5.65 A    Teljes\u00edtm\u00e9ny \/ m2:  100 Watt    \u00dczemi h\u0151m\u00e9rs\u00e9klet:  26-29 C\u00b0    Vez\u00e9rl\u00e9s:  Padl\u00f3 \u00e9rz\u00e9kel\u0151s termoszt\u00e1ttal (k\u00f6telez\u0151)    Hideg vezet\u00e9k hossza:  2.5 m\u00e9ter    Fesz\u00fclts\u00e9g:  230 V    Garancia:  10 \u00e9v","og_url":"https:\/\/varjasfutofolia.hu\/de\/termek\/t-mat-100-13-0-futohalo-futoszonyeg-13m2-1300w\/","og_site_name":"Varjas F\u0171t\u0151f\u00f3lia","article_modified_time":"2025-09-28T01:10:13+00:00","twitter_card":"summary_large_image","schema":{"@context":"https:\/\/schema.org","@graph":[{"@type":"WebPage","@id":"https:\/\/varjasfutofolia.hu\/termek\/t-mat-100-13-0-futohalo-futoszonyeg-13m2-1300w\/","url":"https:\/\/varjasfutofolia.hu\/termek\/t-mat-100-13-0-futohalo-futoszonyeg-13m2-1300w\/","name":"T-Mat 100-13.0 F\u0171t\u0151h\u00e1l\u00f3, f\u0171t\u0151sz\u0151nyeg 13m2 1300w - Varjas F\u0171t\u0151f\u00f3lia","isPartOf":{"@id":"https:\/\/varjasfutofolia.hu\/#website"},"primaryImageOfPage":{"@id":"https:\/\/varjasfutofolia.hu\/termek\/t-mat-100-13-0-futohalo-futoszonyeg-13m2-1300w\/#primaryimage"},"image":{"@id":"https:\/\/varjasfutofolia.hu\/termek\/t-mat-100-13-0-futohalo-futoszonyeg-13m2-1300w\/#primaryimage"},"thumbnailUrl":"https:\/\/varjasfutofolia.hu\/wp-content\/uploads\/2021\/11\/futohalo-futoszonyeg-1.jpg","datePublished":"2024-12-01T23:01:30+00:00","dateModified":"2025-09-28T01:10:13+00:00","breadcrumb":{"@id":"https:\/\/varjasfutofolia.hu\/termek\/t-mat-100-13-0-futohalo-futoszonyeg-13m2-1300w\/#breadcrumb"},"inLanguage":"de-DE","potentialAction":[{"@type":"ReadAction","target":["https:\/\/varjasfutofolia.hu\/termek\/t-mat-100-13-0-futohalo-futoszonyeg-13m2-1300w\/"]}]},{"@type":"ImageObject","inLanguage":"de-DE","@id":"https:\/\/varjasfutofolia.hu\/termek\/t-mat-100-13-0-futohalo-futoszonyeg-13m2-1300w\/#primaryimage","url":"https:\/\/varjasfutofolia.hu\/wp-content\/uploads\/2021\/11\/futohalo-futoszonyeg-1.jpg","contentUrl":"https:\/\/varjasfutofolia.hu\/wp-content\/uploads\/2021\/11\/futohalo-futoszonyeg-1.jpg","width":559,"height":426},{"@type":"BreadcrumbList","@id":"https:\/\/varjasfutofolia.hu\/termek\/t-mat-100-13-0-futohalo-futoszonyeg-13m2-1300w\/#breadcrumb","itemListElement":[{"@type":"ListItem","position":1,"name":"Kezd\u0151lap","item":"https:\/\/varjasfutofolia.hu\/"},{"@type":"ListItem","position":2,"name":"\u00dczlet","item":"https:\/\/varjasfutofolia.hu\/uzlet\/"},{"@type":"ListItem","position":3,"name":"T-Mat 100-13.0 F\u0171t\u0151h\u00e1l\u00f3, f\u0171t\u0151sz\u0151nyeg 13m2 1300w"}]},{"@type":"WebSite","@id":"https:\/\/varjasfutofolia.hu\/#website","url":"https:\/\/varjasfutofolia.hu\/","name":"Varjas F\u0171t\u0151f\u00f3lia","description":"A Nap melege az \u00d6n otthon\u00e1ban","potentialAction":[{"@type":"SearchAction","target":{"@type":"EntryPoint","urlTemplate":"https:\/\/varjasfutofolia.hu\/?s={search_term_string}"},"query-input":{"@type":"PropertyValueSpecification","valueRequired":true,"valueName":"search_term_string"}}],"inLanguage":"de-DE"}]}},"_links":{"self":[{"href":"https:\/\/varjasfutofolia.hu\/de\/wp-json\/wp\/v2\/product\/9931518","targetHints":{"allow":["GET"]}}],"collection":[{"href":"https:\/\/varjasfutofolia.hu\/de\/wp-json\/wp\/v2\/product"}],"about":[{"href":"https:\/\/varjasfutofolia.hu\/de\/wp-json\/wp\/v2\/types\/product"}],"replies":[{"embeddable":true,"href":"https:\/\/varjasfutofolia.hu\/de\/wp-json\/wp\/v2\/comments?post=9931518"}],"wp:featuredmedia":[{"embeddable":true,"href":"https:\/\/varjasfutofolia.hu\/de\/wp-json\/wp\/v2\/media\/9920861"}],"wp:attachment":[{"href":"https:\/\/varjasfutofolia.hu\/de\/wp-json\/wp\/v2\/media?parent=9931518"}],"wp:term":[{"taxonomy":"product_brand","embeddable":true,"href":"https:\/\/varjasfutofolia.hu\/de\/wp-json\/wp\/v2\/product_brand?post=9931518"},{"taxonomy":"product_cat","embeddable":true,"href":"https:\/\/varjasfutofolia.hu\/de\/wp-json\/wp\/v2\/product_cat?post=9931518"},{"taxonomy":"product_tag","embeddable":true,"href":"https:\/\/varjasfutofolia.hu\/de\/wp-json\/wp\/v2\/product_tag?post=9931518"}],"curies":[{"name":"wp","href":"https:\/\/api.w.org\/{rel}","templated":true}]}}