{"id":9931430,"date":"2024-12-02T00:01:04","date_gmt":"2024-12-01T23:01:04","guid":{"rendered":"https:\/\/varjasfutofolia.hu\/?post_type=product&#038;p=9931430"},"modified":"2024-12-02T00:01:07","modified_gmt":"2024-12-01T23:01:07","slug":"nyomo-gombos-programozhato-termosztat-padlo-es-levego-erzekelo-szondaval","status":"publish","type":"product","link":"https:\/\/varjasfutofolia.hu\/de\/termek\/nyomo-gombos-programozhato-termosztat-padlo-es-levego-erzekelo-szondaval\/","title":{"rendered":"Nyom\u00f3 gombos programozhat\u00f3 Termoszt\u00e1t &#8211; padl\u00f3, \u00e9s leveg\u0151 \u00e9rz\u00e9kel\u0151 szond\u00e1val"},"content":{"rendered":"<p>Az M6 Termoszt\u00e1t programozhat\u00f3 padl\u00f3- \u00e9s leveg\u0151\u00e9rz\u00e9kel\u0151 szond\u00e1val van ell\u00e1tva, \u00e9s elektromos padl\u00f3-, mennyezet-, valamint falf\u0171t\u00e9si rendszerekhez alkalmazhat\u00f3. \u00cdgy f\u0171t\u0151filmes, s\u00f6t\u00e9tsug\u00e1rz\u00f3s, infrapaneles megold\u00e1sokhoz v\u00e1laszthatja. Ez a termoszt\u00e1t falba s\u00fcllyeszthet\u0151, \u00edgy diszkr\u00e9t, eleg\u00e1ns. 65mm-es s\u00fcllyesztett dobozba illeszthet\u0151. Kiemel\u0151keret is rendelhet\u0151 hozz\u00e1, ha nem volna lehet\u0151s\u00e9g a falba s\u00fcllyeszteni.<\/p>\n<p>Ez a termoszt\u00e1t nagyon j\u00f3 \u00e1r-\u00e9rt\u00e9k ar\u00e1ny\u00fa term\u00e9k. Programozhat\u00f3 \u00e9s digit\u00e1lis, ugyanakkor nem \u00e9rint\u0151k\u00e9perny\u0151s, ami nem jelent k\u00fcl\u00f6n\u00f6s h\u00e1tr\u00e1nyt, mert a programoz\u00e1sa igen egyszer\u0171. Kijelz\u0151je LCD, k\u00e9k h\u00e1tt\u00e9rvil\u00e1g\u00edt\u00e1ssal, ami kellemes a szemnek, \u00e9s k\u00f6nnyebb olvas\u00e1st tesz lehet\u0151v\u00e9. A be\u00e1ll\u00edt\u00e1s pontoss\u00e1ga +-2 Celsius, a l\u00e9p\u00e9sk\u00f6z pedig 0,5 Celsius. A j\u00f3t\u00e1ll\u00e1si id\u0151 1 \u00e9v.<\/p>\n<p>Az elektromos padl\u00f3- fal vagy mennyezetf\u0171t\u00e9shez haszn\u00e1lt vez\u00e9rl\u0151egys\u00e9gek k\u00fcl\u00f6nb\u00f6znek a hagyom\u00e1nyos termoszt\u00e1tokt\u00f3l, m\u00e9ghozz\u00e1 abban, hogy a f\u0171t\u0151filmre, f\u0171t\u0151h\u00e1l\u00f3ra, stb. er\u0151s\u00edthet\u0151 bimet\u00e1l \u00e9rz\u00e9kel\u0151vel rendelkeznek, amelynek seg\u00edts\u00e9g\u00e9vel a h\u0151forr\u00e1s h\u0151fok\u00e1t szab\u00e1lyozhatjuk. Ez a szonda a leveg\u0151 vagy a padl\u00f3 h\u0151j\u00e9t m\u00e9ri. Ennek a termoszt\u00e1tnak az eset\u00e9ben mindk\u00e9t \u00e9rz\u00e9kel\u0151 rendelkez\u00e9sre \u00e1ll a h\u0151m\u00e9rs\u00e9klet pontos szab\u00e1lyoz\u00e1sa \u00e9rdek\u00e9ben.<\/p>\n<p>&nbsp;<\/p>\n<p>Alkalmaz\u00e1s<\/p>\n<p>Elektromos f\u0171t\u00e9si rendszerek, szab\u00e1lyoz\u00e1sa<br \/>\nFesz\u00fclts\u00e9g230V AC,50\/60Hz<br \/>\nIP besorol\u00e1sIP21<br \/>\nKijelz\u0151Lcd k\u00e9k h\u00e1tt\u00e9rvil\u00e1g\u00edt\u00e1ssal<br \/>\nRel\u00e9 terhelhet\u0151s\u00e9ge16A 3600W<br \/>\nK\u00fcls\u0151 \u00e9rz\u00e9kel\u0151NTC szabv\u00e1ny, tartoz\u00e9k<br \/>\nK\u00e9szenl\u00e9ti \u00e1ramfelv\u00e9tel2W<br \/>\nBea\u00e1ll\u00edt\u00e1s pontoss\u00e1ga+-2 Celsius l\u00e9p\u00e9sk\u00f6z 0,5 Celsius<br \/>\nBe\u00e9p\u00edt\u00e9si m\u00e9retek rel\u00e965mm<br \/>\nM\u00e9r\u00e9si tartom\u00e1ny5-40 Celsius digit\u00e1lis<br \/>\n\u00e9rz\u00e9kel\u0151 t\u00edpus (padl\u00f3,leveg\u0151 be\u00e9p\u00edtett)padl\u00f3 \u00e9s leveg\u0151,NTC szenzor tartoz\u00e9k<br \/>\nTermoszt\u00e1t t\u00edpusa elhelyezked\u00e9seM6.716 falba s\u00fcllyeszthet\u0151, kiemel\u0151 keret rendelhet\u0151<br \/>\nProgramozhat\u00f3<\/p>\n<p>igen,\u00e1ll\u00edthat\u00f3 csak padl\u00f3 vagy leveg\u0151<br \/>\n,vagy a kett\u0151 eggy\u00fctt is.<\/p>\n<p>Term\u00e9k j\u00f3t\u00e1ll\u00e1s id\u0151 1 \u00e9v<\/p>\n<p style=\"text-align: left;\">Az f\u0171t\u00e9shez haszn\u00e1lt vez\u00e9rl\u0151 egys\u00e9gek annyiban t\u00e9rnek el a hagyom\u00e1nyos termoszt\u00e1tokt\u00f3l,hogy egy a filmre,h\u00e1l\u00f3ra,fel\u00faletre er\u0151s\u00edthet\u0151 bimet\u00e1l \u00e9rz\u00e9kel\u0151vel szond\u00e1val rendelkeznek,amely seg\u00edts\u00e9g\u00e9vel a film,h\u00e1l\u00f3 h\u0151fok\u00e1t szab\u00e1lyozhatjuk.<\/p>\n<p>Term\u00e9szetesen itt is van csak padl\u00f3 vagy kett\u0151 \u00e9rz\u00e9kel\u0151vel rendelkez\u0151 dupla szenzoros modellek is.<\/p>\n","protected":false},"excerpt":{"rendered":"<p><strong>Adatok<\/strong><\/p>\n<p>T\u00edpus: termoszt\u00e1t<\/p>\n<p>Felhaszn\u00e1l\u00e1s: elektromos padl\u00f3, mennyezet, fal &#8211; f\u0171t\u00e9si rendszerhez<\/p>\n<p>Fesz\u00fclts\u00e9g: 230 V<\/p>\n<p>Be\u00e9p\u00edt\u00e9s jellege: Falba s\u00fcllyeszthet\u0151<\/p>\n<p>Be\u00e9p\u00edt\u00e9si m\u00e9ret: 65 mm-es s\u00fcllyeszthet\u0151 doboz<\/p>\n<p>Programozhat\u00f3: Igen<\/p>\n<p>Teljes\u00edtm\u00e9ny \/ Watt: 3600 Watt<\/p>\n<p>Teljes\u00edtm\u00e9ny \/ Amper: 16 A<\/p>\n<p>Leveg\u0151 \u00e9rz\u00e9kel\u0151: Igen, be\u00e9p\u00edtett<\/p>\n<p>K\u00fcls\u0151 \u00e9rz\u00e9kel\u0151 szonda: igen, tartoz\u00e9k 2,5 m\u00e9ter<\/p>\n<p>Digit\u00e1lis termoszt\u00e1t: igen<\/p>\n<p>Garancia: 1\u00e9v<\/p>\n","protected":false},"featured_media":9920815,"comment_status":"open","ping_status":"closed","template":"","meta":{"_et_pb_use_builder":"","_et_pb_old_content":"","_et_gb_content_width":""},"product_brand":[],"product_cat":[38,29],"product_tag":[37],"class_list":{"0":"post-9931430","1":"product","2":"type-product","3":"status-publish","4":"has-post-thumbnail","6":"product_cat-palanta-futes","7":"product_cat-termosztat","8":"product_tag-termosztat","10":"first","11":"outofstock","12":"taxable","13":"shipping-taxable","14":"purchasable","15":"product-type-simple"},"yoast_head":"<!-- This site is optimized with the Yoast SEO plugin v26.0 - https:\/\/yoast.com\/wordpress\/plugins\/seo\/ -->\n<title>Nyom\u00f3 gombos programozhat\u00f3 Termoszt\u00e1t - padl\u00f3, \u00e9s leveg\u0151 \u00e9rz\u00e9kel\u0151 szond\u00e1val - Varjas F\u0171t\u0151f\u00f3lia<\/title>\n<meta name=\"robots\" content=\"index, follow, max-snippet:-1, max-image-preview:large, max-video-preview:-1\" \/>\n<link rel=\"canonical\" href=\"https:\/\/varjasfutofolia.hu\/de\/termek\/nyomo-gombos-programozhato-termosztat-padlo-es-levego-erzekelo-szondaval\/\" \/>\n<meta property=\"og:locale\" content=\"de_DE\" \/>\n<meta property=\"og:locale:alternate\" content=\"en_US\" \/>\n<meta property=\"og:locale:alternate\" content=\"hu_HU\" \/>\n<meta property=\"og:type\" content=\"article\" \/>\n<meta property=\"og:title\" content=\"Nyom\u00f3 gombos programozhat\u00f3 Termoszt\u00e1t - padl\u00f3, \u00e9s leveg\u0151 \u00e9rz\u00e9kel\u0151 szond\u00e1val - Varjas F\u0171t\u0151f\u00f3lia\" \/>\n<meta property=\"og:description\" content=\"Adatok  T\u00edpus: termoszt\u00e1t  Felhaszn\u00e1l\u00e1s: elektromos padl\u00f3, mennyezet, fal - f\u0171t\u00e9si rendszerhez  Fesz\u00fclts\u00e9g: 230 V  Be\u00e9p\u00edt\u00e9s jellege: Falba s\u00fcllyeszthet\u0151  Be\u00e9p\u00edt\u00e9si m\u00e9ret: 65 mm-es s\u00fcllyeszthet\u0151 doboz  Programozhat\u00f3: Igen  Teljes\u00edtm\u00e9ny \/ Watt: 3600 Watt  Teljes\u00edtm\u00e9ny \/ Amper: 16 A  Leveg\u0151 \u00e9rz\u00e9kel\u0151: Igen, be\u00e9p\u00edtett  K\u00fcls\u0151 \u00e9rz\u00e9kel\u0151 szonda: igen, tartoz\u00e9k 2,5 m\u00e9ter  Digit\u00e1lis termoszt\u00e1t: igen  Garancia: 1\u00e9v\" \/>\n<meta property=\"og:url\" content=\"https:\/\/varjasfutofolia.hu\/de\/termek\/nyomo-gombos-programozhato-termosztat-padlo-es-levego-erzekelo-szondaval\/\" \/>\n<meta property=\"og:site_name\" content=\"Varjas F\u0171t\u0151f\u00f3lia\" \/>\n<meta property=\"article:modified_time\" content=\"2024-12-01T23:01:07+00:00\" \/>\n<meta name=\"twitter:card\" content=\"summary_large_image\" \/>\n<meta name=\"twitter:label1\" content=\"Gesch\u00e4tzte Lesezeit\" \/>\n\t<meta name=\"twitter:data1\" content=\"2\u00a0Minuten\" \/>\n<script type=\"application\/ld+json\" class=\"yoast-schema-graph\">{\"@context\":\"https:\/\/schema.org\",\"@graph\":[{\"@type\":\"WebPage\",\"@id\":\"https:\/\/varjasfutofolia.hu\/termek\/nyomo-gombos-programozhato-termosztat-padlo-es-levego-erzekelo-szondaval\/\",\"url\":\"https:\/\/varjasfutofolia.hu\/termek\/nyomo-gombos-programozhato-termosztat-padlo-es-levego-erzekelo-szondaval\/\",\"name\":\"Nyom\u00f3 gombos programozhat\u00f3 Termoszt\u00e1t - padl\u00f3, \u00e9s leveg\u0151 \u00e9rz\u00e9kel\u0151 szond\u00e1val - Varjas F\u0171t\u0151f\u00f3lia\",\"isPartOf\":{\"@id\":\"https:\/\/varjasfutofolia.hu\/#website\"},\"primaryImageOfPage\":{\"@id\":\"https:\/\/varjasfutofolia.hu\/termek\/nyomo-gombos-programozhato-termosztat-padlo-es-levego-erzekelo-szondaval\/#primaryimage\"},\"image\":{\"@id\":\"https:\/\/varjasfutofolia.hu\/termek\/nyomo-gombos-programozhato-termosztat-padlo-es-levego-erzekelo-szondaval\/#primaryimage\"},\"thumbnailUrl\":\"https:\/\/varjasfutofolia.hu\/wp-content\/uploads\/2021\/11\/M6_termosztat.png\",\"datePublished\":\"2024-12-01T23:01:04+00:00\",\"dateModified\":\"2024-12-01T23:01:07+00:00\",\"breadcrumb\":{\"@id\":\"https:\/\/varjasfutofolia.hu\/termek\/nyomo-gombos-programozhato-termosztat-padlo-es-levego-erzekelo-szondaval\/#breadcrumb\"},\"inLanguage\":\"de-DE\",\"potentialAction\":[{\"@type\":\"ReadAction\",\"target\":[\"https:\/\/varjasfutofolia.hu\/termek\/nyomo-gombos-programozhato-termosztat-padlo-es-levego-erzekelo-szondaval\/\"]}]},{\"@type\":\"ImageObject\",\"inLanguage\":\"de-DE\",\"@id\":\"https:\/\/varjasfutofolia.hu\/termek\/nyomo-gombos-programozhato-termosztat-padlo-es-levego-erzekelo-szondaval\/#primaryimage\",\"url\":\"https:\/\/varjasfutofolia.hu\/wp-content\/uploads\/2021\/11\/M6_termosztat.png\",\"contentUrl\":\"https:\/\/varjasfutofolia.hu\/wp-content\/uploads\/2021\/11\/M6_termosztat.png\",\"width\":511,\"height\":474},{\"@type\":\"BreadcrumbList\",\"@id\":\"https:\/\/varjasfutofolia.hu\/termek\/nyomo-gombos-programozhato-termosztat-padlo-es-levego-erzekelo-szondaval\/#breadcrumb\",\"itemListElement\":[{\"@type\":\"ListItem\",\"position\":1,\"name\":\"Kezd\u0151lap\",\"item\":\"https:\/\/varjasfutofolia.hu\/\"},{\"@type\":\"ListItem\",\"position\":2,\"name\":\"\u00dczlet\",\"item\":\"https:\/\/varjasfutofolia.hu\/uzlet\/\"},{\"@type\":\"ListItem\",\"position\":3,\"name\":\"Nyom\u00f3 gombos programozhat\u00f3 Termoszt\u00e1t &#8211; padl\u00f3, \u00e9s leveg\u0151 \u00e9rz\u00e9kel\u0151 szond\u00e1val\"}]},{\"@type\":\"WebSite\",\"@id\":\"https:\/\/varjasfutofolia.hu\/#website\",\"url\":\"https:\/\/varjasfutofolia.hu\/\",\"name\":\"Varjas F\u0171t\u0151f\u00f3lia\",\"description\":\"A Nap melege az \u00d6n otthon\u00e1ban\",\"potentialAction\":[{\"@type\":\"SearchAction\",\"target\":{\"@type\":\"EntryPoint\",\"urlTemplate\":\"https:\/\/varjasfutofolia.hu\/?s={search_term_string}\"},\"query-input\":{\"@type\":\"PropertyValueSpecification\",\"valueRequired\":true,\"valueName\":\"search_term_string\"}}],\"inLanguage\":\"de-DE\"}]}<\/script>\n<!-- \/ Yoast SEO plugin. -->","yoast_head_json":{"title":"Nyom\u00f3 gombos programozhat\u00f3 Termoszt\u00e1t - padl\u00f3, \u00e9s leveg\u0151 \u00e9rz\u00e9kel\u0151 szond\u00e1val - Varjas F\u0171t\u0151f\u00f3lia","robots":{"index":"index","follow":"follow","max-snippet":"max-snippet:-1","max-image-preview":"max-image-preview:large","max-video-preview":"max-video-preview:-1"},"canonical":"https:\/\/varjasfutofolia.hu\/de\/termek\/nyomo-gombos-programozhato-termosztat-padlo-es-levego-erzekelo-szondaval\/","og_locale":"de_DE","og_type":"article","og_title":"Nyom\u00f3 gombos programozhat\u00f3 Termoszt\u00e1t - padl\u00f3, \u00e9s leveg\u0151 \u00e9rz\u00e9kel\u0151 szond\u00e1val - Varjas F\u0171t\u0151f\u00f3lia","og_description":"Adatok  T\u00edpus: termoszt\u00e1t  Felhaszn\u00e1l\u00e1s: elektromos padl\u00f3, mennyezet, fal - f\u0171t\u00e9si rendszerhez  Fesz\u00fclts\u00e9g: 230 V  Be\u00e9p\u00edt\u00e9s jellege: Falba s\u00fcllyeszthet\u0151  Be\u00e9p\u00edt\u00e9si m\u00e9ret: 65 mm-es s\u00fcllyeszthet\u0151 doboz  Programozhat\u00f3: Igen  Teljes\u00edtm\u00e9ny \/ Watt: 3600 Watt  Teljes\u00edtm\u00e9ny \/ Amper: 16 A  Leveg\u0151 \u00e9rz\u00e9kel\u0151: Igen, be\u00e9p\u00edtett  K\u00fcls\u0151 \u00e9rz\u00e9kel\u0151 szonda: igen, tartoz\u00e9k 2,5 m\u00e9ter  Digit\u00e1lis termoszt\u00e1t: igen  Garancia: 1\u00e9v","og_url":"https:\/\/varjasfutofolia.hu\/de\/termek\/nyomo-gombos-programozhato-termosztat-padlo-es-levego-erzekelo-szondaval\/","og_site_name":"Varjas F\u0171t\u0151f\u00f3lia","article_modified_time":"2024-12-01T23:01:07+00:00","twitter_card":"summary_large_image","twitter_misc":{"Gesch\u00e4tzte Lesezeit":"2\u00a0Minuten"},"schema":{"@context":"https:\/\/schema.org","@graph":[{"@type":"WebPage","@id":"https:\/\/varjasfutofolia.hu\/termek\/nyomo-gombos-programozhato-termosztat-padlo-es-levego-erzekelo-szondaval\/","url":"https:\/\/varjasfutofolia.hu\/termek\/nyomo-gombos-programozhato-termosztat-padlo-es-levego-erzekelo-szondaval\/","name":"Nyom\u00f3 gombos programozhat\u00f3 Termoszt\u00e1t - padl\u00f3, \u00e9s leveg\u0151 \u00e9rz\u00e9kel\u0151 szond\u00e1val - Varjas F\u0171t\u0151f\u00f3lia","isPartOf":{"@id":"https:\/\/varjasfutofolia.hu\/#website"},"primaryImageOfPage":{"@id":"https:\/\/varjasfutofolia.hu\/termek\/nyomo-gombos-programozhato-termosztat-padlo-es-levego-erzekelo-szondaval\/#primaryimage"},"image":{"@id":"https:\/\/varjasfutofolia.hu\/termek\/nyomo-gombos-programozhato-termosztat-padlo-es-levego-erzekelo-szondaval\/#primaryimage"},"thumbnailUrl":"https:\/\/varjasfutofolia.hu\/wp-content\/uploads\/2021\/11\/M6_termosztat.png","datePublished":"2024-12-01T23:01:04+00:00","dateModified":"2024-12-01T23:01:07+00:00","breadcrumb":{"@id":"https:\/\/varjasfutofolia.hu\/termek\/nyomo-gombos-programozhato-termosztat-padlo-es-levego-erzekelo-szondaval\/#breadcrumb"},"inLanguage":"de-DE","potentialAction":[{"@type":"ReadAction","target":["https:\/\/varjasfutofolia.hu\/termek\/nyomo-gombos-programozhato-termosztat-padlo-es-levego-erzekelo-szondaval\/"]}]},{"@type":"ImageObject","inLanguage":"de-DE","@id":"https:\/\/varjasfutofolia.hu\/termek\/nyomo-gombos-programozhato-termosztat-padlo-es-levego-erzekelo-szondaval\/#primaryimage","url":"https:\/\/varjasfutofolia.hu\/wp-content\/uploads\/2021\/11\/M6_termosztat.png","contentUrl":"https:\/\/varjasfutofolia.hu\/wp-content\/uploads\/2021\/11\/M6_termosztat.png","width":511,"height":474},{"@type":"BreadcrumbList","@id":"https:\/\/varjasfutofolia.hu\/termek\/nyomo-gombos-programozhato-termosztat-padlo-es-levego-erzekelo-szondaval\/#breadcrumb","itemListElement":[{"@type":"ListItem","position":1,"name":"Kezd\u0151lap","item":"https:\/\/varjasfutofolia.hu\/"},{"@type":"ListItem","position":2,"name":"\u00dczlet","item":"https:\/\/varjasfutofolia.hu\/uzlet\/"},{"@type":"ListItem","position":3,"name":"Nyom\u00f3 gombos programozhat\u00f3 Termoszt\u00e1t &#8211; padl\u00f3, \u00e9s leveg\u0151 \u00e9rz\u00e9kel\u0151 szond\u00e1val"}]},{"@type":"WebSite","@id":"https:\/\/varjasfutofolia.hu\/#website","url":"https:\/\/varjasfutofolia.hu\/","name":"Varjas F\u0171t\u0151f\u00f3lia","description":"A Nap melege az \u00d6n otthon\u00e1ban","potentialAction":[{"@type":"SearchAction","target":{"@type":"EntryPoint","urlTemplate":"https:\/\/varjasfutofolia.hu\/?s={search_term_string}"},"query-input":{"@type":"PropertyValueSpecification","valueRequired":true,"valueName":"search_term_string"}}],"inLanguage":"de-DE"}]}},"_links":{"self":[{"href":"https:\/\/varjasfutofolia.hu\/de\/wp-json\/wp\/v2\/product\/9931430","targetHints":{"allow":["GET"]}}],"collection":[{"href":"https:\/\/varjasfutofolia.hu\/de\/wp-json\/wp\/v2\/product"}],"about":[{"href":"https:\/\/varjasfutofolia.hu\/de\/wp-json\/wp\/v2\/types\/product"}],"replies":[{"embeddable":true,"href":"https:\/\/varjasfutofolia.hu\/de\/wp-json\/wp\/v2\/comments?post=9931430"}],"wp:featuredmedia":[{"embeddable":true,"href":"https:\/\/varjasfutofolia.hu\/de\/wp-json\/wp\/v2\/media\/9920815"}],"wp:attachment":[{"href":"https:\/\/varjasfutofolia.hu\/de\/wp-json\/wp\/v2\/media?parent=9931430"}],"wp:term":[{"taxonomy":"product_brand","embeddable":true,"href":"https:\/\/varjasfutofolia.hu\/de\/wp-json\/wp\/v2\/product_brand?post=9931430"},{"taxonomy":"product_cat","embeddable":true,"href":"https:\/\/varjasfutofolia.hu\/de\/wp-json\/wp\/v2\/product_cat?post=9931430"},{"taxonomy":"product_tag","embeddable":true,"href":"https:\/\/varjasfutofolia.hu\/de\/wp-json\/wp\/v2\/product_tag?post=9931430"}],"curies":[{"name":"wp","href":"https:\/\/api.w.org\/{rel}","templated":true}]}}