{"id":9931397,"date":"2024-12-02T00:00:57","date_gmt":"2024-12-01T23:00:57","guid":{"rendered":"https:\/\/varjasfutofolia.hu\/?post_type=product&#038;p=9931397"},"modified":"2024-12-02T00:01:00","modified_gmt":"2024-12-01T23:01:00","slug":"digitalis-idokapcsolo-ts-ed1","status":"publish","type":"product","link":"https:\/\/varjasfutofolia.hu\/de\/termek\/digitalis-idokapcsolo-ts-ed1\/","title":{"rendered":"Digit\u00e1lis id\u0151kapcsol\u00f3 ts-ed1"},"content":{"rendered":"<p>Ez a mechanikus SCHUKO kapcsol\u00f3aljzat vagy id\u0151z\u00edt\u0151 ide\u00e1lis megold\u00e1s arra, hogy a csatlakoztatott k\u00e9sz\u00fcl\u00e9k el\u0151re beprogramozott id\u0151ben kapcsoljon be vagy ki. Az \u00d6n t\u00e1voll\u00e9t\u00e9ben is megb\u00edzhat\u00f3<\/p>\n<p>&nbsp;<\/p>\n<p><a href=\"https:\/\/img1.emos.eu\/files\/product\/attachment\/1927110010_31-P5521.pdf\" rel=\"nofollow\">\u00datmutat\u00f3<\/a><\/p>\n","protected":false},"excerpt":{"rendered":"<div>Ez a mechanikus SCHUKO kapcsol\u00f3aljzat vagy id\u0151z\u00edt\u0151 ide\u00e1lis megold\u00e1s arra, hogy a csatlakoztatott k\u00e9sz\u00fcl\u00e9k el\u0151re beprogramozott id\u0151ben kapcsoljon be vagy ki. Az \u00d6n t\u00e1voll\u00e9t\u00e9ben is megb\u00edzhat\u00f3.<\/div>\n<div><\/div>\n<div class=\"sx-text-primary\">Term\u00e9k jellemzoi<\/div>\n<table class=\"sx-table sx-table-simple\">\n<tbody>\n<tr>\n<th class=\"w280\">t\u00edpus<\/th>\n<td>digit\u00e1lis<\/td>\n<\/tr>\n<tr>\n<th class=\"w280\">k\u00fclt\u00e9ri haszn\u00e1lat<\/th>\n<td>nem<\/td>\n<\/tr>\n<tr>\n<th class=\"w280\">fesz\u00fclts\u00e9g\/\u00e1ram<\/th>\n<td>230 V~\/16 A max.<\/td>\n<\/tr>\n<tr>\n<th class=\"w280\">max. terhel\u00e9s<\/th>\n<td>3 680 W<\/td>\n<\/tr>\n<tr>\n<th class=\"w280\">minim\u00e1lis kapcsol\u00e1si id\u0151<\/th>\n<td>1 perc<\/td>\n<\/tr>\n<tr>\n<th class=\"w280\">manu\u00e1lis kapcsol\u00e1s opci\u00f3ja<\/th>\n<td>igen<\/td>\n<\/tr>\n<tr>\n<th class=\"w280\">kapcsol\u00f3k<\/th>\n<td>nincs megadva<\/td>\n<\/tr>\n<tr>\n<th class=\"w280\">kapcsol\u00e1sok sz\u00e1ma naponta<\/th>\n<td>8<\/td>\n<\/tr>\n<tr>\n<th class=\"w280\">gyerekz\u00e1r<\/th>\n<td>igen<\/td>\n<\/tr>\n<tr>\n<th class=\"w280\">visszasz\u00e1ml\u00e1l\u00e1si funkci\u00f3<\/th>\n<td>nem<\/td>\n<\/tr>\n<tr>\n<th class=\"w280\">ny\u00e1ri \/ t\u00e9li id\u0151sz\u00e1m\u00edt\u00e1s funkci\u00f3<\/th>\n<td>igen<\/td>\n<\/tr>\n<tr>\n<th class=\"w280\">tartal\u00e9k akkumul\u00e1tor<\/th>\n<td>1,2 V; 40 mAh; NiMH (1 db 1,2 V-os gombelem)<\/td>\n<\/tr>\n<tr>\n<th class=\"w280\">programok sz\u00e1ma<\/th>\n<td>8<\/td>\n<\/tr>\n<tr>\n<th class=\"w280\">v\u00e9detts\u00e9g<\/th>\n<td>IP20<\/td>\n<\/tr>\n<tr>\n<th class=\"w280\">\u00e9rt\u00e9kes\u00edt\u00e9si csomagol\u00e1s<\/th>\n<td>1 db, bliszter<\/td>\n<\/tr>\n<tr>\n<th>garancia<\/th>\n<td>1 \u00e9v<\/td>\n<\/tr>\n<\/tbody>\n<\/table>\n","protected":false},"featured_media":9920753,"comment_status":"open","ping_status":"closed","template":"","meta":{"_et_pb_use_builder":"","_et_pb_old_content":"","_et_gb_content_width":""},"product_brand":[],"product_cat":[29],"product_tag":[],"class_list":{"0":"post-9931397","1":"product","2":"type-product","3":"status-publish","4":"has-post-thumbnail","6":"product_cat-termosztat","8":"first","9":"instock","10":"taxable","11":"shipping-taxable","12":"purchasable","13":"product-type-simple"},"yoast_head":"<!-- This site is optimized with the Yoast SEO plugin v26.0 - https:\/\/yoast.com\/wordpress\/plugins\/seo\/ -->\n<title>Digit\u00e1lis id\u0151kapcsol\u00f3 ts-ed1 - Varjas F\u0171t\u0151f\u00f3lia<\/title>\n<meta name=\"robots\" content=\"index, follow, max-snippet:-1, max-image-preview:large, max-video-preview:-1\" \/>\n<link rel=\"canonical\" href=\"https:\/\/varjasfutofolia.hu\/de\/termek\/digitalis-idokapcsolo-ts-ed1\/\" \/>\n<meta property=\"og:locale\" content=\"de_DE\" \/>\n<meta property=\"og:locale:alternate\" content=\"en_US\" \/>\n<meta property=\"og:locale:alternate\" content=\"hu_HU\" \/>\n<meta property=\"og:type\" content=\"article\" \/>\n<meta property=\"og:title\" content=\"Digit\u00e1lis id\u0151kapcsol\u00f3 ts-ed1 - Varjas F\u0171t\u0151f\u00f3lia\" \/>\n<meta property=\"og:description\" content=\"Ez a mechanikus SCHUKO kapcsol\u00f3aljzat vagy id\u0151z\u00edt\u0151 ide\u00e1lis megold\u00e1s arra, hogy a csatlakoztatott k\u00e9sz\u00fcl\u00e9k el\u0151re beprogramozott id\u0151ben kapcsoljon be vagy ki. Az \u00d6n t\u00e1voll\u00e9t\u00e9ben is megb\u00edzhat\u00f3.  Term\u00e9k jellemzoi    t\u00edpus digit\u00e1lis   k\u00fclt\u00e9ri haszn\u00e1lat nem   fesz\u00fclts\u00e9g\/\u00e1ram 230 V~\/16 A max.   max. terhel\u00e9s 3 680 W   minim\u00e1lis kapcsol\u00e1si id\u0151 1 perc   manu\u00e1lis kapcsol\u00e1s opci\u00f3ja igen   kapcsol\u00f3k nincs megadva   kapcsol\u00e1sok sz\u00e1ma naponta 8   gyerekz\u00e1r igen   visszasz\u00e1ml\u00e1l\u00e1si funkci\u00f3 nem   ny\u00e1ri \/ t\u00e9li id\u0151sz\u00e1m\u00edt\u00e1s funkci\u00f3 igen   tartal\u00e9k akkumul\u00e1tor 1,2 V; 40 mAh; NiMH (1 db 1,2 V-os gombelem)   programok sz\u00e1ma 8   v\u00e9detts\u00e9g IP20   \u00e9rt\u00e9kes\u00edt\u00e9si csomagol\u00e1s 1 db, bliszter   garancia 1 \u00e9v\" \/>\n<meta property=\"og:url\" content=\"https:\/\/varjasfutofolia.hu\/de\/termek\/digitalis-idokapcsolo-ts-ed1\/\" \/>\n<meta property=\"og:site_name\" content=\"Varjas F\u0171t\u0151f\u00f3lia\" \/>\n<meta property=\"article:modified_time\" content=\"2024-12-01T23:01:00+00:00\" \/>\n<meta name=\"twitter:card\" content=\"summary_large_image\" \/>\n<script type=\"application\/ld+json\" class=\"yoast-schema-graph\">{\"@context\":\"https:\/\/schema.org\",\"@graph\":[{\"@type\":\"WebPage\",\"@id\":\"https:\/\/varjasfutofolia.hu\/termek\/digitalis-idokapcsolo-ts-ed1\/\",\"url\":\"https:\/\/varjasfutofolia.hu\/termek\/digitalis-idokapcsolo-ts-ed1\/\",\"name\":\"Digit\u00e1lis id\u0151kapcsol\u00f3 ts-ed1 - Varjas F\u0171t\u0151f\u00f3lia\",\"isPartOf\":{\"@id\":\"https:\/\/varjasfutofolia.hu\/#website\"},\"primaryImageOfPage\":{\"@id\":\"https:\/\/varjasfutofolia.hu\/termek\/digitalis-idokapcsolo-ts-ed1\/#primaryimage\"},\"image\":{\"@id\":\"https:\/\/varjasfutofolia.hu\/termek\/digitalis-idokapcsolo-ts-ed1\/#primaryimage\"},\"thumbnailUrl\":\"https:\/\/varjasfutofolia.hu\/wp-content\/uploads\/2021\/11\/1927110010_01-P5521.jpg\",\"datePublished\":\"2024-12-01T23:00:57+00:00\",\"dateModified\":\"2024-12-01T23:01:00+00:00\",\"breadcrumb\":{\"@id\":\"https:\/\/varjasfutofolia.hu\/termek\/digitalis-idokapcsolo-ts-ed1\/#breadcrumb\"},\"inLanguage\":\"de-DE\",\"potentialAction\":[{\"@type\":\"ReadAction\",\"target\":[\"https:\/\/varjasfutofolia.hu\/termek\/digitalis-idokapcsolo-ts-ed1\/\"]}]},{\"@type\":\"ImageObject\",\"inLanguage\":\"de-DE\",\"@id\":\"https:\/\/varjasfutofolia.hu\/termek\/digitalis-idokapcsolo-ts-ed1\/#primaryimage\",\"url\":\"https:\/\/varjasfutofolia.hu\/wp-content\/uploads\/2021\/11\/1927110010_01-P5521.jpg\",\"contentUrl\":\"https:\/\/varjasfutofolia.hu\/wp-content\/uploads\/2021\/11\/1927110010_01-P5521.jpg\",\"width\":800,\"height\":800},{\"@type\":\"BreadcrumbList\",\"@id\":\"https:\/\/varjasfutofolia.hu\/termek\/digitalis-idokapcsolo-ts-ed1\/#breadcrumb\",\"itemListElement\":[{\"@type\":\"ListItem\",\"position\":1,\"name\":\"Kezd\u0151lap\",\"item\":\"https:\/\/varjasfutofolia.hu\/\"},{\"@type\":\"ListItem\",\"position\":2,\"name\":\"\u00dczlet\",\"item\":\"https:\/\/varjasfutofolia.hu\/uzlet\/\"},{\"@type\":\"ListItem\",\"position\":3,\"name\":\"Digit\u00e1lis id\u0151kapcsol\u00f3 ts-ed1\"}]},{\"@type\":\"WebSite\",\"@id\":\"https:\/\/varjasfutofolia.hu\/#website\",\"url\":\"https:\/\/varjasfutofolia.hu\/\",\"name\":\"Varjas F\u0171t\u0151f\u00f3lia\",\"description\":\"A Nap melege az \u00d6n otthon\u00e1ban\",\"potentialAction\":[{\"@type\":\"SearchAction\",\"target\":{\"@type\":\"EntryPoint\",\"urlTemplate\":\"https:\/\/varjasfutofolia.hu\/?s={search_term_string}\"},\"query-input\":{\"@type\":\"PropertyValueSpecification\",\"valueRequired\":true,\"valueName\":\"search_term_string\"}}],\"inLanguage\":\"de-DE\"}]}<\/script>\n<!-- \/ Yoast SEO plugin. -->","yoast_head_json":{"title":"Digit\u00e1lis id\u0151kapcsol\u00f3 ts-ed1 - Varjas F\u0171t\u0151f\u00f3lia","robots":{"index":"index","follow":"follow","max-snippet":"max-snippet:-1","max-image-preview":"max-image-preview:large","max-video-preview":"max-video-preview:-1"},"canonical":"https:\/\/varjasfutofolia.hu\/de\/termek\/digitalis-idokapcsolo-ts-ed1\/","og_locale":"de_DE","og_type":"article","og_title":"Digit\u00e1lis id\u0151kapcsol\u00f3 ts-ed1 - Varjas F\u0171t\u0151f\u00f3lia","og_description":"Ez a mechanikus SCHUKO kapcsol\u00f3aljzat vagy id\u0151z\u00edt\u0151 ide\u00e1lis megold\u00e1s arra, hogy a csatlakoztatott k\u00e9sz\u00fcl\u00e9k el\u0151re beprogramozott id\u0151ben kapcsoljon be vagy ki. Az \u00d6n t\u00e1voll\u00e9t\u00e9ben is megb\u00edzhat\u00f3.  Term\u00e9k jellemzoi    t\u00edpus digit\u00e1lis   k\u00fclt\u00e9ri haszn\u00e1lat nem   fesz\u00fclts\u00e9g\/\u00e1ram 230 V~\/16 A max.   max. terhel\u00e9s 3 680 W   minim\u00e1lis kapcsol\u00e1si id\u0151 1 perc   manu\u00e1lis kapcsol\u00e1s opci\u00f3ja igen   kapcsol\u00f3k nincs megadva   kapcsol\u00e1sok sz\u00e1ma naponta 8   gyerekz\u00e1r igen   visszasz\u00e1ml\u00e1l\u00e1si funkci\u00f3 nem   ny\u00e1ri \/ t\u00e9li id\u0151sz\u00e1m\u00edt\u00e1s funkci\u00f3 igen   tartal\u00e9k akkumul\u00e1tor 1,2 V; 40 mAh; NiMH (1 db 1,2 V-os gombelem)   programok sz\u00e1ma 8   v\u00e9detts\u00e9g IP20   \u00e9rt\u00e9kes\u00edt\u00e9si csomagol\u00e1s 1 db, bliszter   garancia 1 \u00e9v","og_url":"https:\/\/varjasfutofolia.hu\/de\/termek\/digitalis-idokapcsolo-ts-ed1\/","og_site_name":"Varjas F\u0171t\u0151f\u00f3lia","article_modified_time":"2024-12-01T23:01:00+00:00","twitter_card":"summary_large_image","schema":{"@context":"https:\/\/schema.org","@graph":[{"@type":"WebPage","@id":"https:\/\/varjasfutofolia.hu\/termek\/digitalis-idokapcsolo-ts-ed1\/","url":"https:\/\/varjasfutofolia.hu\/termek\/digitalis-idokapcsolo-ts-ed1\/","name":"Digit\u00e1lis id\u0151kapcsol\u00f3 ts-ed1 - Varjas F\u0171t\u0151f\u00f3lia","isPartOf":{"@id":"https:\/\/varjasfutofolia.hu\/#website"},"primaryImageOfPage":{"@id":"https:\/\/varjasfutofolia.hu\/termek\/digitalis-idokapcsolo-ts-ed1\/#primaryimage"},"image":{"@id":"https:\/\/varjasfutofolia.hu\/termek\/digitalis-idokapcsolo-ts-ed1\/#primaryimage"},"thumbnailUrl":"https:\/\/varjasfutofolia.hu\/wp-content\/uploads\/2021\/11\/1927110010_01-P5521.jpg","datePublished":"2024-12-01T23:00:57+00:00","dateModified":"2024-12-01T23:01:00+00:00","breadcrumb":{"@id":"https:\/\/varjasfutofolia.hu\/termek\/digitalis-idokapcsolo-ts-ed1\/#breadcrumb"},"inLanguage":"de-DE","potentialAction":[{"@type":"ReadAction","target":["https:\/\/varjasfutofolia.hu\/termek\/digitalis-idokapcsolo-ts-ed1\/"]}]},{"@type":"ImageObject","inLanguage":"de-DE","@id":"https:\/\/varjasfutofolia.hu\/termek\/digitalis-idokapcsolo-ts-ed1\/#primaryimage","url":"https:\/\/varjasfutofolia.hu\/wp-content\/uploads\/2021\/11\/1927110010_01-P5521.jpg","contentUrl":"https:\/\/varjasfutofolia.hu\/wp-content\/uploads\/2021\/11\/1927110010_01-P5521.jpg","width":800,"height":800},{"@type":"BreadcrumbList","@id":"https:\/\/varjasfutofolia.hu\/termek\/digitalis-idokapcsolo-ts-ed1\/#breadcrumb","itemListElement":[{"@type":"ListItem","position":1,"name":"Kezd\u0151lap","item":"https:\/\/varjasfutofolia.hu\/"},{"@type":"ListItem","position":2,"name":"\u00dczlet","item":"https:\/\/varjasfutofolia.hu\/uzlet\/"},{"@type":"ListItem","position":3,"name":"Digit\u00e1lis id\u0151kapcsol\u00f3 ts-ed1"}]},{"@type":"WebSite","@id":"https:\/\/varjasfutofolia.hu\/#website","url":"https:\/\/varjasfutofolia.hu\/","name":"Varjas F\u0171t\u0151f\u00f3lia","description":"A Nap melege az \u00d6n otthon\u00e1ban","potentialAction":[{"@type":"SearchAction","target":{"@type":"EntryPoint","urlTemplate":"https:\/\/varjasfutofolia.hu\/?s={search_term_string}"},"query-input":{"@type":"PropertyValueSpecification","valueRequired":true,"valueName":"search_term_string"}}],"inLanguage":"de-DE"}]}},"_links":{"self":[{"href":"https:\/\/varjasfutofolia.hu\/de\/wp-json\/wp\/v2\/product\/9931397","targetHints":{"allow":["GET"]}}],"collection":[{"href":"https:\/\/varjasfutofolia.hu\/de\/wp-json\/wp\/v2\/product"}],"about":[{"href":"https:\/\/varjasfutofolia.hu\/de\/wp-json\/wp\/v2\/types\/product"}],"replies":[{"embeddable":true,"href":"https:\/\/varjasfutofolia.hu\/de\/wp-json\/wp\/v2\/comments?post=9931397"}],"wp:featuredmedia":[{"embeddable":true,"href":"https:\/\/varjasfutofolia.hu\/de\/wp-json\/wp\/v2\/media\/9920753"}],"wp:attachment":[{"href":"https:\/\/varjasfutofolia.hu\/de\/wp-json\/wp\/v2\/media?parent=9931397"}],"wp:term":[{"taxonomy":"product_brand","embeddable":true,"href":"https:\/\/varjasfutofolia.hu\/de\/wp-json\/wp\/v2\/product_brand?post=9931397"},{"taxonomy":"product_cat","embeddable":true,"href":"https:\/\/varjasfutofolia.hu\/de\/wp-json\/wp\/v2\/product_cat?post=9931397"},{"taxonomy":"product_tag","embeddable":true,"href":"https:\/\/varjasfutofolia.hu\/de\/wp-json\/wp\/v2\/product_tag?post=9931397"}],"curies":[{"name":"wp","href":"https:\/\/api.w.org\/{rel}","templated":true}]}}