{"id":9923381,"date":"2022-02-21T14:02:36","date_gmt":"2022-02-21T13:02:36","guid":{"rendered":"https:\/\/varjasfutofolia.hu\/?page_id=9923381"},"modified":"2022-11-02T13:33:58","modified_gmt":"2022-11-02T12:33:58","slug":"kalkulatorok","status":"publish","type":"page","link":"https:\/\/varjasfutofolia.hu\/de\/kalkulatorok\/","title":{"rendered":"Kalkul\u00e1torok"},"content":{"rendered":"<p>[et_pb_section fb_built=&#8220;1&#8243; _builder_version=&#8220;4.16&#8243; background_color=&#8220;#F69F13&#8243; box_shadow_style=&#8220;preset3&#8243; global_colors_info=&#8220;{}&#8220;][et_pb_row _builder_version=&#8220;4.16&#8243; global_colors_info=&#8220;{}&#8220;][et_pb_column type=&#8220;4_4&#8243; _builder_version=&#8220;4.16&#8243; global_colors_info=&#8220;{}&#8220;][et_pb_text _builder_version=&#8220;4.16&#8243; header_font=&#8220;Unna||||||||&#8220; header_text_color=&#8220;#000000&#8243; header_font_size=&#8220;75px&#8220; header_letter_spacing=&#8220;1px&#8220; header_2_font=&#8220;Unna|700|||||||&#8220; header_2_text_color=&#8220;#d1dedc&#8220; header_2_font_size=&#8220;36px&#8220; background_layout=&#8220;dark&#8220; custom_margin=&#8220;|||35px|false|false&#8220; animation_style=&#8220;fade&#8220; header_font_tablet=&#8220;&#8220; header_font_phone=&#8220;&#8220; header_font_last_edited=&#8220;on|phone&#8220; header_font_size_tablet=&#8220;66px&#8220; header_font_size_phone=&#8220;48px&#8220; header_font_size_last_edited=&#8220;on|phone&#8220; header_2_font_size_tablet=&#8220;&#8220; header_2_font_size_phone=&#8220;24px&#8220; header_2_font_size_last_edited=&#8220;on|phone&#8220; header_text_shadow_style=&#8220;preset2&#8243; border_color_left=&#8220;#FFFFFF&#8220; locked=&#8220;off&#8220; global_colors_info=&#8220;{}&#8220;]<\/p>\n<h1>Kalkul\u00e1torok<\/h1>\n<p>[\/et_pb_text][\/et_pb_column][\/et_pb_row][\/et_pb_section][et_pb_section fb_built=&#8220;1&#8243; admin_label=&#8220;Term\u00e9kek&#8220; _builder_version=&#8220;4.16&#8243; background_color=&#8220;#FFFFFF&#8220; background_enable_color=&#8220;off&#8220; global_colors_info=&#8220;{}&#8220;][et_pb_row use_custom_gutter=&#8220;on&#8220; make_equal=&#8220;on&#8220; _builder_version=&#8220;4.16&#8243; custom_margin=&#8220;40px||&#8220; border_color_all=&#8220;RGBA(255,255,255,0)&#8220; border_color_bottom=&#8220;#cecece&#8220; locked=&#8220;off&#8220; global_colors_info=&#8220;{}&#8220;][et_pb_column type=&#8220;4_4&#8243; _builder_version=&#8220;4.16&#8243; custom_padding=&#8220;|||&#8220; global_colors_info=&#8220;{}&#8220; custom_padding__hover=&#8220;|||&#8220;][et_pb_text _builder_version=&#8220;4.16&#8243; text_font=&#8220;||||||||&#8220; header_font=&#8220;||||||||&#8220; header_2_font=&#8220;Unna||||||||&#8220; header_2_font_size=&#8220;31px&#8220; header_2_line_height=&#8220;1.2em&#8220; text_orientation=&#8220;center&#8220; module_alignment=&#8220;center&#8220; custom_margin=&#8220;||||false|false&#8220; custom_padding=&#8220;|||&#8220; animation_style=&#8220;zoom&#8220; header_2_font_size_tablet=&#8220;&#8220; header_2_font_size_phone=&#8220;32px&#8220; header_2_font_size_last_edited=&#8220;on|phone&#8220; border_width_bottom=&#8220;1px&#8220; border_color_bottom=&#8220;#707070&#8243; locked=&#8220;off&#8220; global_colors_info=&#8220;{}&#8220;]<\/p>\n<h2>On-line kalkul\u00e1toraink seg\u00edts\u00e9g\u00e9vel gyorsan sz\u00e1mold ki magadnak!<\/h2>\n<p>[\/et_pb_text][et_pb_divider show_divider=&#8220;off&#8220; _builder_version=&#8220;4.16&#8243; min_height=&#8220;40px&#8220; global_colors_info=&#8220;{}&#8220;][\/et_pb_divider][\/et_pb_column][\/et_pb_row][et_pb_row column_structure=&#8220;1_3,1_3,1_3&#8243; use_custom_gutter=&#8220;on&#8220; _builder_version=&#8220;4.16&#8243; custom_margin=&#8220;|||&#8220; global_colors_info=&#8220;{}&#8220;][et_pb_column type=&#8220;1_3&#8243; _builder_version=&#8220;4.16&#8243; custom_padding=&#8220;|||&#8220; global_colors_info=&#8220;{}&#8220; custom_padding__hover=&#8220;|||&#8220;][et_pb_image src=&#8220;https:\/\/varjasfutofolia.hu\/wp-content\/uploads\/2022\/02\/Copy-of-you-tube-video-kep_3.jpg&#8220; alt=&#8220;glamox-futopanel&#8220; title_text=&#8220;f\u0171t\u0151f\u00f3lia&#8220; url=&#8220;https:\/\/varjasfutofolia.hu\/infrafutes_kalkulator\/&#8220; force_fullwidth=&#8220;on&#8220; align_tablet=&#8220;center&#8220; align_phone=&#8220;&#8220; align_last_edited=&#8220;on|desktop&#8220; _builder_version=&#8220;4.16&#8243; custom_margin=&#8220;||30px|&#8220; box_shadow_style=&#8220;preset3&#8243; box_shadow_vertical=&#8220;30px&#8220; box_shadow_blur=&#8220;65px&#8220; box_shadow_spread=&#8220;-30px&#8220; box_shadow_color=&#8220;rgba(0,0,0,0.35)&#8220; global_colors_info=&#8220;{}&#8220;][\/et_pb_image][et_pb_cta title=&#8220;Infraf\u0171t\u00e9s kalkul\u00e1tor&#8220; button_url=&#8220;https:\/\/varjasfutofolia.hu\/infrafutes_kalkulator\/&#8220; button_text=&#8220;Tov\u00e1bb&#8220; _builder_version=&#8220;4.16&#8243; header_font=&#8220;Arimo|700|||||||&#8220; header_font_size=&#8220;20px&#8220; header_line_height=&#8220;1.4em&#8220; body_font=&#8220;||||||||&#8220; body_font_size=&#8220;15px&#8220; body_line_height=&#8220;1.8em&#8220; use_background_color=&#8220;off&#8220; custom_button=&#8220;on&#8220; button_text_size=&#8220;14px&#8220; button_text_color=&#8220;#000000&#8243; button_bg_color=&#8220;#f69f13&#8243; button_border_color=&#8220;#f69f13&#8243; button_border_radius=&#8220;0px&#8220; button_letter_spacing=&#8220;4px&#8220; button_font=&#8220;Rubik|700||on|||||&#8220; button_icon=&#8220;&#x24;||divi||400&#8243; text_orientation=&#8220;left&#8220; background_layout=&#8220;light&#8220; custom_padding=&#8220;35px|35px|35px|35px|true|true&#8220; border_width_all=&#8220;1px&#8220; border_color_all=&#8220;rgba(0,0,0,0.12)&#8220; box_shadow_style_button=&#8220;preset1&#8243; box_shadow_spread_button=&#8220;1px&#8220; box_shadow_color_button=&#8220;rgba(0,0,0,0.27)&#8220; button_letter_spacing_hover=&#8220;4px&#8220; button_bg_color_hover=&#8220;rgba(0,0,0,0)&#8220; locked=&#8220;off&#8220; global_colors_info=&#8220;{}&#8220; button_text_size__hover_enabled=&#8220;off&#8220; button_one_text_size__hover_enabled=&#8220;off&#8220; button_two_text_size__hover_enabled=&#8220;off&#8220; button_text_color__hover_enabled=&#8220;off&#8220; button_one_text_color__hover_enabled=&#8220;off&#8220; button_two_text_color__hover_enabled=&#8220;off&#8220; button_border_width__hover_enabled=&#8220;off&#8220; button_one_border_width__hover_enabled=&#8220;off&#8220; button_two_border_width__hover_enabled=&#8220;off&#8220; button_border_color__hover_enabled=&#8220;off&#8220; button_one_border_color__hover_enabled=&#8220;off&#8220; button_two_border_color__hover_enabled=&#8220;off&#8220; button_border_radius__hover_enabled=&#8220;off&#8220; button_one_border_radius__hover_enabled=&#8220;off&#8220; button_two_border_radius__hover_enabled=&#8220;off&#8220; button_letter_spacing__hover_enabled=&#8220;on&#8220; button_letter_spacing__hover=&#8220;4px&#8220; button_one_letter_spacing__hover_enabled=&#8220;off&#8220; button_two_letter_spacing__hover_enabled=&#8220;off&#8220; button_bg_color__hover_enabled=&#8220;on|hover&#8220; button_bg_color__hover=&#8220;#f69f13&#8243; button_one_bg_color__hover_enabled=&#8220;off&#8220; button_two_bg_color__hover_enabled=&#8220;off&#8220; button_bg_enable_color__hover=&#8220;on&#8220;]<\/p>\n<div class=\"et_pb_module et_pb_text et_pb_text_3  et_pb_text_align_left et_pb_bg_layout_light\">\n<div class=\"et_pb_text_inner\">\n<p>Ennek seg\u00edts\u00e9g\u00e9vel, ki tudod sz\u00e1molni a beruh\u00e1z\u00e1si \u00e9s fogyaszt\u00e1si k\u00f6lts\u00e9g\u00e9t az infra f\u0171t\u0151f\u00f3li\u00e1nak.<\/p>\n<\/div>\n<\/div>\n<p>[\/et_pb_cta][\/et_pb_column][et_pb_column type=&#8220;1_3&#8243; _builder_version=&#8220;4.16&#8243; custom_padding=&#8220;|||&#8220; global_colors_info=&#8220;{}&#8220; custom_padding__hover=&#8220;|||&#8220;][et_pb_image src=&#8220;https:\/\/varjasfutofolia.hu\/wp-content\/uploads\/2022\/02\/Copy-of-you-tube-video-kep_3-1.jpg&#8220; alt=&#8220;adax-neo-futopanel&#8220; title_text=&#8220;infrapanel&#8220; url=&#8220;https:\/\/varjasfutofolia.hu\/infrapanel-fogyasztas-kalkulator\/&#8220; force_fullwidth=&#8220;on&#8220; align_tablet=&#8220;center&#8220; align_phone=&#8220;&#8220; align_last_edited=&#8220;on|desktop&#8220; _builder_version=&#8220;4.16&#8243; custom_margin=&#8220;||30px|&#8220; box_shadow_style=&#8220;preset3&#8243; box_shadow_vertical=&#8220;30px&#8220; box_shadow_blur=&#8220;65px&#8220; box_shadow_spread=&#8220;-30px&#8220; box_shadow_color=&#8220;rgba(0,0,0,0.35)&#8220; global_colors_info=&#8220;{}&#8220;][\/et_pb_image][et_pb_cta title=&#8220;Infrapanel fogyaszt\u00e1s kalkul\u00e1tor&#8220; button_url=&#8220;https:\/\/varjasfutofolia.hu\/infrapanel-fogyasztas-kalkulator\/&#8220; button_text=&#8220;Tov\u00e1bb&#8220; _builder_version=&#8220;4.16&#8243; header_font=&#8220;Arimo|700|||||||&#8220; header_font_size=&#8220;20px&#8220; header_line_height=&#8220;1.4em&#8220; body_font=&#8220;||||||||&#8220; body_font_size=&#8220;15px&#8220; body_line_height=&#8220;1.8em&#8220; use_background_color=&#8220;off&#8220; custom_button=&#8220;on&#8220; button_text_size=&#8220;14px&#8220; button_text_color=&#8220;#000000&#8243; button_bg_color=&#8220;#f69f13&#8243; button_border_color=&#8220;#f69f13&#8243; button_border_radius=&#8220;0px&#8220; button_letter_spacing=&#8220;4px&#8220; button_font=&#8220;Rubik|700||on|||||&#8220; button_icon=&#8220;&#x24;||divi||400&#8243; text_orientation=&#8220;left&#8220; background_layout=&#8220;light&#8220; custom_padding=&#8220;35px|35px|35px|35px|true|true&#8220; border_width_all=&#8220;1px&#8220; border_color_all=&#8220;rgba(0,0,0,0.12)&#8220; box_shadow_style_button=&#8220;preset1&#8243; box_shadow_spread_button=&#8220;1px&#8220; box_shadow_color_button=&#8220;rgba(0,0,0,0.27)&#8220; button_letter_spacing_hover=&#8220;4px&#8220; button_bg_color_hover=&#8220;rgba(0,0,0,0)&#8220; locked=&#8220;off&#8220; global_colors_info=&#8220;{}&#8220; button_text_size__hover_enabled=&#8220;off&#8220; button_one_text_size__hover_enabled=&#8220;off&#8220; button_two_text_size__hover_enabled=&#8220;off&#8220; button_text_color__hover_enabled=&#8220;off&#8220; button_one_text_color__hover_enabled=&#8220;off&#8220; button_two_text_color__hover_enabled=&#8220;off&#8220; button_border_width__hover_enabled=&#8220;off&#8220; button_one_border_width__hover_enabled=&#8220;off&#8220; button_two_border_width__hover_enabled=&#8220;off&#8220; button_border_color__hover_enabled=&#8220;off&#8220; button_one_border_color__hover_enabled=&#8220;off&#8220; button_two_border_color__hover_enabled=&#8220;off&#8220; button_border_radius__hover_enabled=&#8220;off&#8220; button_one_border_radius__hover_enabled=&#8220;off&#8220; button_two_border_radius__hover_enabled=&#8220;off&#8220; button_letter_spacing__hover_enabled=&#8220;on&#8220; button_letter_spacing__hover=&#8220;4px&#8220; button_one_letter_spacing__hover_enabled=&#8220;off&#8220; button_two_letter_spacing__hover_enabled=&#8220;off&#8220; button_bg_color__hover_enabled=&#8220;on|hover&#8220; button_bg_color__hover=&#8220;#f69f13&#8243; button_one_bg_color__hover_enabled=&#8220;off&#8220; button_two_bg_color__hover_enabled=&#8220;off&#8220; button_bg_enable_color__hover=&#8220;on&#8220;]<\/p>\n<p>Ennek seg\u00edts\u00e9g\u00e9vel ki tudod sz\u00e1molni, hogy mekkora teljes\u00edtm\u00e9ny\u0171 infra panelre van sz\u00fcks\u00e9ged.<\/p>\n<p>[\/et_pb_cta][\/et_pb_column][et_pb_column type=&#8220;1_3&#8243; _builder_version=&#8220;4.16&#8243; custom_padding=&#8220;|||&#8220; global_colors_info=&#8220;{}&#8220; custom_padding__hover=&#8220;|||&#8220;][et_pb_image src=&#8220;https:\/\/varjasfutofolia.hu\/wp-content\/uploads\/2022\/11\/futoszonyeg-300&#215;169-1.jpg&#8220; alt=&#8220;adax-neo-futopanel&#8220; title_text=&#8220;futoszonyeg-300&#215;169&#8243; force_fullwidth=&#8220;on&#8220; align_tablet=&#8220;center&#8220; align_phone=&#8220;&#8220; align_last_edited=&#8220;on|desktop&#8220; _builder_version=&#8220;4.17.4&#8243; custom_margin=&#8220;||30px|&#8220; hover_enabled=&#8220;0&#8243; box_shadow_style=&#8220;preset3&#8243; box_shadow_vertical=&#8220;30px&#8220; box_shadow_blur=&#8220;65px&#8220; box_shadow_spread=&#8220;-30px&#8220; box_shadow_color=&#8220;rgba(0,0,0,0.35)&#8220; global_colors_info=&#8220;{}&#8220; url=&#8220;https:\/\/varjasfutofolia.hu\/futoszonyeg-kalkulator\/&#8220; sticky_enabled=&#8220;0&#8243;][\/et_pb_image][et_pb_cta title=&#8220;F\u0171t\u0151sz\u0151nyeg kalkul\u00e1tor&#8220; button_url=&#8220;https:\/\/varjasfutofolia.hu\/futoszonyeg-kalkulator\/&#8220; button_text=&#8220;Tov\u00e1bb&#8220; _builder_version=&#8220;4.17.4&#8243; header_font=&#8220;Arimo|700|||||||&#8220; header_font_size=&#8220;20px&#8220; header_line_height=&#8220;1.4em&#8220; body_font=&#8220;||||||||&#8220; body_font_size=&#8220;15px&#8220; body_line_height=&#8220;1.8em&#8220; use_background_color=&#8220;off&#8220; custom_button=&#8220;on&#8220; button_text_size=&#8220;14px&#8220; button_text_color=&#8220;#000000&#8243; button_bg_color=&#8220;#f69f13&#8243; button_border_color=&#8220;#f69f13&#8243; button_border_radius=&#8220;0px&#8220; button_letter_spacing=&#8220;4px&#8220; button_font=&#8220;Rubik|700||on|||||&#8220; button_icon=&#8220;&#x24;||divi||400&#8243; text_orientation=&#8220;left&#8220; background_layout=&#8220;light&#8220; custom_padding=&#8220;35px|35px|35px|35px|true|true&#8220; hover_enabled=&#8220;0&#8243; border_width_all=&#8220;1px&#8220; border_color_all=&#8220;rgba(0,0,0,0.12)&#8220; box_shadow_style_button=&#8220;preset1&#8243; box_shadow_spread_button=&#8220;1px&#8220; box_shadow_color_button=&#8220;rgba(0,0,0,0.27)&#8220; button_letter_spacing_hover=&#8220;4px&#8220; button_bg_color_hover=&#8220;rgba(0,0,0,0)&#8220; locked=&#8220;off&#8220; global_colors_info=&#8220;{}&#8220; button_text_size__hover_enabled=&#8220;off&#8220; button_one_text_size__hover_enabled=&#8220;off&#8220; button_two_text_size__hover_enabled=&#8220;off&#8220; button_text_color__hover_enabled=&#8220;off&#8220; button_one_text_color__hover_enabled=&#8220;off&#8220; button_two_text_color__hover_enabled=&#8220;off&#8220; button_border_width__hover_enabled=&#8220;off&#8220; button_one_border_width__hover_enabled=&#8220;off&#8220; button_two_border_width__hover_enabled=&#8220;off&#8220; button_border_color__hover_enabled=&#8220;off&#8220; button_one_border_color__hover_enabled=&#8220;off&#8220; button_two_border_color__hover_enabled=&#8220;off&#8220; button_border_radius__hover_enabled=&#8220;off&#8220; button_one_border_radius__hover_enabled=&#8220;off&#8220; button_two_border_radius__hover_enabled=&#8220;off&#8220; button_letter_spacing__hover_enabled=&#8220;on&#8220; button_letter_spacing__hover=&#8220;4px&#8220; button_one_letter_spacing__hover_enabled=&#8220;off&#8220; button_two_letter_spacing__hover_enabled=&#8220;off&#8220; button_bg_color__hover_enabled=&#8220;on|hover&#8220; button_bg_color__hover=&#8220;#f69f13&#8243; button_one_bg_color__hover_enabled=&#8220;off&#8220; button_two_bg_color__hover_enabled=&#8220;off&#8220; button_bg_enable_color__hover=&#8220;on&#8220; sticky_enabled=&#8220;0&#8243;]<\/p>\n<p>Sz\u00e1mold ki, h\u00e1ny n\u00e9gyzetm\u00e9ter f\u0171t\u0151sz\u0151nyegre van sz\u00fcks\u00e9ged!<\/p>\n<p>[\/et_pb_cta][\/et_pb_column][\/et_pb_row][et_pb_row _builder_version=&#8220;4.16&#8243; _module_preset=&#8220;default&#8220; global_colors_info=&#8220;{}&#8220;][et_pb_column type=&#8220;4_4&#8243; _builder_version=&#8220;4.16&#8243; _module_preset=&#8220;default&#8220; global_colors_info=&#8220;{}&#8220;][\/et_pb_column][\/et_pb_row][\/et_pb_section]<\/p>\n","protected":false},"excerpt":{"rendered":"<p>Kalkul\u00e1torokOn-line kalkul\u00e1toraink seg\u00edts\u00e9g\u00e9vel gyorsan sz\u00e1mold ki magadnak! Ennek seg\u00edts\u00e9g\u00e9vel, ki tudod sz\u00e1molni a beruh\u00e1z\u00e1si \u00e9s fogyaszt\u00e1si k\u00f6lts\u00e9g\u00e9t az infra f\u0171t\u0151f\u00f3li\u00e1nak. Ennek seg\u00edts\u00e9g\u00e9vel ki tudod sz\u00e1molni, hogy mekkora teljes\u00edtm\u00e9ny\u0171 infra panelre van sz\u00fcks\u00e9ged.Sz\u00e1mold ki, h\u00e1ny n\u00e9gyzetm\u00e9ter f\u0171t\u0151sz\u0151nyegre van sz\u00fcks\u00e9ged!<\/p>\n","protected":false},"author":1,"featured_media":0,"parent":0,"menu_order":0,"comment_status":"closed","ping_status":"closed","template":"","meta":{"_et_pb_use_builder":"on","_et_pb_old_content":"","_et_gb_content_width":"","footnotes":""},"class_list":["post-9923381","page","type-page","status-publish","hentry"],"yoast_head":"<!-- This site is optimized with the Yoast SEO plugin v26.0 - https:\/\/yoast.com\/wordpress\/plugins\/seo\/ -->\n<title>Kalkul\u00e1torok - Varjas F\u0171t\u0151f\u00f3lia<\/title>\n<meta name=\"robots\" content=\"index, follow, max-snippet:-1, max-image-preview:large, max-video-preview:-1\" \/>\n<link rel=\"canonical\" href=\"https:\/\/varjasfutofolia.hu\/de\/kalkulatorok\/\" \/>\n<meta property=\"og:locale\" content=\"de_DE\" \/>\n<meta property=\"og:locale:alternate\" content=\"en_US\" \/>\n<meta property=\"og:locale:alternate\" content=\"hu_HU\" \/>\n<meta property=\"og:type\" content=\"article\" \/>\n<meta property=\"og:title\" content=\"Kalkul\u00e1torok - Varjas F\u0171t\u0151f\u00f3lia\" \/>\n<meta property=\"og:description\" content=\"Kalkul\u00e1torokOn-line kalkul\u00e1toraink seg\u00edts\u00e9g\u00e9vel gyorsan sz\u00e1mold ki magadnak! Ennek seg\u00edts\u00e9g\u00e9vel, ki tudod sz\u00e1molni a beruh\u00e1z\u00e1si \u00e9s fogyaszt\u00e1si k\u00f6lts\u00e9g\u00e9t az infra f\u0171t\u0151f\u00f3li\u00e1nak. Ennek seg\u00edts\u00e9g\u00e9vel ki tudod sz\u00e1molni, hogy mekkora teljes\u00edtm\u00e9ny\u0171 infra panelre van sz\u00fcks\u00e9ged.Sz\u00e1mold ki, h\u00e1ny n\u00e9gyzetm\u00e9ter f\u0171t\u0151sz\u0151nyegre van sz\u00fcks\u00e9ged!\" \/>\n<meta property=\"og:url\" content=\"https:\/\/varjasfutofolia.hu\/de\/kalkulatorok\/\" \/>\n<meta property=\"og:site_name\" content=\"Varjas F\u0171t\u0151f\u00f3lia\" \/>\n<meta property=\"article:modified_time\" content=\"2022-11-02T12:33:58+00:00\" \/>\n<meta name=\"twitter:card\" content=\"summary_large_image\" \/>\n<meta name=\"twitter:label1\" content=\"Gesch\u00e4tzte Lesezeit\" \/>\n\t<meta name=\"twitter:data1\" content=\"8\u00a0Minuten\" \/>\n<script type=\"application\/ld+json\" class=\"yoast-schema-graph\">{\"@context\":\"https:\/\/schema.org\",\"@graph\":[{\"@type\":\"WebPage\",\"@id\":\"https:\/\/varjasfutofolia.hu\/kalkulatorok\/\",\"url\":\"https:\/\/varjasfutofolia.hu\/kalkulatorok\/\",\"name\":\"Kalkul\u00e1torok - Varjas F\u0171t\u0151f\u00f3lia\",\"isPartOf\":{\"@id\":\"https:\/\/varjasfutofolia.hu\/#website\"},\"datePublished\":\"2022-02-21T13:02:36+00:00\",\"dateModified\":\"2022-11-02T12:33:58+00:00\",\"breadcrumb\":{\"@id\":\"https:\/\/varjasfutofolia.hu\/kalkulatorok\/#breadcrumb\"},\"inLanguage\":\"de-DE\",\"potentialAction\":[{\"@type\":\"ReadAction\",\"target\":[\"https:\/\/varjasfutofolia.hu\/kalkulatorok\/\"]}]},{\"@type\":\"BreadcrumbList\",\"@id\":\"https:\/\/varjasfutofolia.hu\/kalkulatorok\/#breadcrumb\",\"itemListElement\":[{\"@type\":\"ListItem\",\"position\":1,\"name\":\"Kezd\u0151lap\",\"item\":\"https:\/\/varjasfutofolia.hu\/\"},{\"@type\":\"ListItem\",\"position\":2,\"name\":\"Kalkul\u00e1torok\"}]},{\"@type\":\"WebSite\",\"@id\":\"https:\/\/varjasfutofolia.hu\/#website\",\"url\":\"https:\/\/varjasfutofolia.hu\/\",\"name\":\"Varjas F\u0171t\u0151f\u00f3lia\",\"description\":\"A Nap melege az \u00d6n otthon\u00e1ban\",\"potentialAction\":[{\"@type\":\"SearchAction\",\"target\":{\"@type\":\"EntryPoint\",\"urlTemplate\":\"https:\/\/varjasfutofolia.hu\/?s={search_term_string}\"},\"query-input\":{\"@type\":\"PropertyValueSpecification\",\"valueRequired\":true,\"valueName\":\"search_term_string\"}}],\"inLanguage\":\"de-DE\"}]}<\/script>\n<!-- \/ Yoast SEO plugin. -->","yoast_head_json":{"title":"Kalkul\u00e1torok - Varjas F\u0171t\u0151f\u00f3lia","robots":{"index":"index","follow":"follow","max-snippet":"max-snippet:-1","max-image-preview":"max-image-preview:large","max-video-preview":"max-video-preview:-1"},"canonical":"https:\/\/varjasfutofolia.hu\/de\/kalkulatorok\/","og_locale":"de_DE","og_type":"article","og_title":"Kalkul\u00e1torok - Varjas F\u0171t\u0151f\u00f3lia","og_description":"Kalkul\u00e1torokOn-line kalkul\u00e1toraink seg\u00edts\u00e9g\u00e9vel gyorsan sz\u00e1mold ki magadnak! Ennek seg\u00edts\u00e9g\u00e9vel, ki tudod sz\u00e1molni a beruh\u00e1z\u00e1si \u00e9s fogyaszt\u00e1si k\u00f6lts\u00e9g\u00e9t az infra f\u0171t\u0151f\u00f3li\u00e1nak. Ennek seg\u00edts\u00e9g\u00e9vel ki tudod sz\u00e1molni, hogy mekkora teljes\u00edtm\u00e9ny\u0171 infra panelre van sz\u00fcks\u00e9ged.Sz\u00e1mold ki, h\u00e1ny n\u00e9gyzetm\u00e9ter f\u0171t\u0151sz\u0151nyegre van sz\u00fcks\u00e9ged!","og_url":"https:\/\/varjasfutofolia.hu\/de\/kalkulatorok\/","og_site_name":"Varjas F\u0171t\u0151f\u00f3lia","article_modified_time":"2022-11-02T12:33:58+00:00","twitter_card":"summary_large_image","twitter_misc":{"Gesch\u00e4tzte Lesezeit":"8\u00a0Minuten"},"schema":{"@context":"https:\/\/schema.org","@graph":[{"@type":"WebPage","@id":"https:\/\/varjasfutofolia.hu\/kalkulatorok\/","url":"https:\/\/varjasfutofolia.hu\/kalkulatorok\/","name":"Kalkul\u00e1torok - Varjas F\u0171t\u0151f\u00f3lia","isPartOf":{"@id":"https:\/\/varjasfutofolia.hu\/#website"},"datePublished":"2022-02-21T13:02:36+00:00","dateModified":"2022-11-02T12:33:58+00:00","breadcrumb":{"@id":"https:\/\/varjasfutofolia.hu\/kalkulatorok\/#breadcrumb"},"inLanguage":"de-DE","potentialAction":[{"@type":"ReadAction","target":["https:\/\/varjasfutofolia.hu\/kalkulatorok\/"]}]},{"@type":"BreadcrumbList","@id":"https:\/\/varjasfutofolia.hu\/kalkulatorok\/#breadcrumb","itemListElement":[{"@type":"ListItem","position":1,"name":"Kezd\u0151lap","item":"https:\/\/varjasfutofolia.hu\/"},{"@type":"ListItem","position":2,"name":"Kalkul\u00e1torok"}]},{"@type":"WebSite","@id":"https:\/\/varjasfutofolia.hu\/#website","url":"https:\/\/varjasfutofolia.hu\/","name":"Varjas F\u0171t\u0151f\u00f3lia","description":"A Nap melege az \u00d6n otthon\u00e1ban","potentialAction":[{"@type":"SearchAction","target":{"@type":"EntryPoint","urlTemplate":"https:\/\/varjasfutofolia.hu\/?s={search_term_string}"},"query-input":{"@type":"PropertyValueSpecification","valueRequired":true,"valueName":"search_term_string"}}],"inLanguage":"de-DE"}]}},"_links":{"self":[{"href":"https:\/\/varjasfutofolia.hu\/de\/wp-json\/wp\/v2\/pages\/9923381","targetHints":{"allow":["GET"]}}],"collection":[{"href":"https:\/\/varjasfutofolia.hu\/de\/wp-json\/wp\/v2\/pages"}],"about":[{"href":"https:\/\/varjasfutofolia.hu\/de\/wp-json\/wp\/v2\/types\/page"}],"author":[{"embeddable":true,"href":"https:\/\/varjasfutofolia.hu\/de\/wp-json\/wp\/v2\/users\/1"}],"replies":[{"embeddable":true,"href":"https:\/\/varjasfutofolia.hu\/de\/wp-json\/wp\/v2\/comments?post=9923381"}],"version-history":[{"count":14,"href":"https:\/\/varjasfutofolia.hu\/de\/wp-json\/wp\/v2\/pages\/9923381\/revisions"}],"predecessor-version":[{"id":9930955,"href":"https:\/\/varjasfutofolia.hu\/de\/wp-json\/wp\/v2\/pages\/9923381\/revisions\/9930955"}],"wp:attachment":[{"href":"https:\/\/varjasfutofolia.hu\/de\/wp-json\/wp\/v2\/media?parent=9923381"}],"curies":[{"name":"wp","href":"https:\/\/api.w.org\/{rel}","templated":true}]}}