{"id":9923336,"date":"2022-02-18T14:30:52","date_gmt":"2022-02-18T13:30:52","guid":{"rendered":"https:\/\/varjasfutofolia.hu\/?page_id=9923336"},"modified":"2022-02-18T14:30:58","modified_gmt":"2022-02-18T13:30:58","slug":"blog","status":"publish","type":"page","link":"https:\/\/varjasfutofolia.hu\/de\/blog\/","title":{"rendered":"Blog"},"content":{"rendered":"<p>[et_pb_section fb_built=&#8220;1&#8243; _builder_version=&#8220;4.0.5&#8243; background_color=&#8220;#F69F13&#8243; box_shadow_style=&#8220;preset3&#8243; global_colors_info=&#8220;{}&#8220;][et_pb_row _builder_version=&#8220;4.0.5&#8243; global_colors_info=&#8220;{}&#8220;][et_pb_column type=&#8220;4_4&#8243; _builder_version=&#8220;4.0.5&#8243; global_colors_info=&#8220;{}&#8220;][et_pb_text _builder_version=&#8220;4.14.2&#8243; header_font=&#8220;Unna||||||||&#8220; header_text_color=&#8220;#000000&#8243; header_font_size=&#8220;75px&#8220; header_letter_spacing=&#8220;1px&#8220; header_2_font=&#8220;Unna|700|||||||&#8220; header_2_text_color=&#8220;#d1dedc&#8220; header_2_font_size=&#8220;36px&#8220; background_layout=&#8220;dark&#8220; custom_margin=&#8220;|||35px|false|false&#8220; animation_style=&#8220;fade&#8220; hover_enabled=&#8220;0&#8243; header_font_tablet=&#8220;&#8220; header_font_phone=&#8220;&#8220; header_font_last_edited=&#8220;on|phone&#8220; header_font_size_tablet=&#8220;66px&#8220; header_font_size_phone=&#8220;48px&#8220; header_font_size_last_edited=&#8220;on|phone&#8220; header_2_font_size_tablet=&#8220;&#8220; header_2_font_size_phone=&#8220;24px&#8220; header_2_font_size_last_edited=&#8220;on|phone&#8220; header_text_shadow_style=&#8220;preset2&#8243; border_color_left=&#8220;#FFFFFF&#8220; locked=&#8220;off&#8220; global_colors_info=&#8220;{}&#8220; sticky_enabled=&#8220;0&#8243;]<\/p>\n<h1>H\u00edrek, cikkek<\/h1>\n<p>[\/et_pb_text][\/et_pb_column][\/et_pb_row][\/et_pb_section][et_pb_section fb_built=&#8220;1&#8243; theme_builder_area=&#8220;post_content&#8220; _builder_version=&#8220;4.14.2&#8243; _module_preset=&#8220;default&#8220;][et_pb_row _builder_version=&#8220;4.14.2&#8243; _module_preset=&#8220;default&#8220; theme_builder_area=&#8220;post_content&#8220;][et_pb_column _builder_version=&#8220;4.14.2&#8243; _module_preset=&#8220;default&#8220; type=&#8220;4_4&#8243; theme_builder_area=&#8220;post_content&#8220;][et_pb_blog _builder_version=&#8220;4.14.2&#8243; _module_preset=&#8220;default&#8220; theme_builder_area=&#8220;post_content&#8220; posts_number=&#8220;3&#8243; include_categories=&#8220;all&#8220; box_shadow_style=&#8220;preset1&#8243; hover_enabled=&#8220;0&#8243; sticky_enabled=&#8220;0&#8243; show_more=&#8220;on&#8220; show_author=&#8220;off&#8220; fullwidth=&#8220;off&#8220;][\/et_pb_blog][\/et_pb_column][\/et_pb_row][\/et_pb_section]<\/p>\n","protected":false},"excerpt":{"rendered":"<p>H\u00edrek, cikkek<\/p>\n","protected":false},"author":1,"featured_media":0,"parent":0,"menu_order":0,"comment_status":"closed","ping_status":"closed","template":"","meta":{"_et_pb_use_builder":"on","_et_pb_old_content":"","_et_gb_content_width":"","footnotes":""},"class_list":["post-9923336","page","type-page","status-publish","hentry"],"yoast_head":"<!-- This site is optimized with the Yoast SEO plugin v26.0 - https:\/\/yoast.com\/wordpress\/plugins\/seo\/ -->\n<title>Blog - Varjas F\u0171t\u0151f\u00f3lia<\/title>\n<meta name=\"robots\" content=\"index, follow, max-snippet:-1, max-image-preview:large, max-video-preview:-1\" \/>\n<link rel=\"canonical\" href=\"https:\/\/varjasfutofolia.hu\/de\/blog\/\" \/>\n<meta property=\"og:locale\" content=\"de_DE\" \/>\n<meta property=\"og:locale:alternate\" content=\"en_US\" \/>\n<meta property=\"og:locale:alternate\" content=\"hu_HU\" \/>\n<meta property=\"og:type\" content=\"article\" \/>\n<meta property=\"og:title\" content=\"Blog - Varjas F\u0171t\u0151f\u00f3lia\" \/>\n<meta property=\"og:description\" content=\"H\u00edrek, cikkek\" \/>\n<meta property=\"og:url\" content=\"https:\/\/varjasfutofolia.hu\/de\/blog\/\" \/>\n<meta property=\"og:site_name\" content=\"Varjas F\u0171t\u0151f\u00f3lia\" \/>\n<meta property=\"article:modified_time\" content=\"2022-02-18T13:30:58+00:00\" \/>\n<meta name=\"twitter:card\" content=\"summary_large_image\" \/>\n<meta name=\"twitter:label1\" content=\"Gesch\u00e4tzte Lesezeit\" \/>\n\t<meta name=\"twitter:data1\" content=\"11\u00a0Minuten\" \/>\n<script type=\"application\/ld+json\" class=\"yoast-schema-graph\">{\"@context\":\"https:\/\/schema.org\",\"@graph\":[{\"@type\":\"WebPage\",\"@id\":\"https:\/\/varjasfutofolia.hu\/blog\/\",\"url\":\"https:\/\/varjasfutofolia.hu\/blog\/\",\"name\":\"Blog - Varjas F\u0171t\u0151f\u00f3lia\",\"isPartOf\":{\"@id\":\"https:\/\/varjasfutofolia.hu\/#website\"},\"datePublished\":\"2022-02-18T13:30:52+00:00\",\"dateModified\":\"2022-02-18T13:30:58+00:00\",\"breadcrumb\":{\"@id\":\"https:\/\/varjasfutofolia.hu\/blog\/#breadcrumb\"},\"inLanguage\":\"de-DE\",\"potentialAction\":[{\"@type\":\"ReadAction\",\"target\":[\"https:\/\/varjasfutofolia.hu\/blog\/\"]}]},{\"@type\":\"BreadcrumbList\",\"@id\":\"https:\/\/varjasfutofolia.hu\/blog\/#breadcrumb\",\"itemListElement\":[{\"@type\":\"ListItem\",\"position\":1,\"name\":\"Kezd\u0151lap\",\"item\":\"https:\/\/varjasfutofolia.hu\/\"},{\"@type\":\"ListItem\",\"position\":2,\"name\":\"Blog\"}]},{\"@type\":\"WebSite\",\"@id\":\"https:\/\/varjasfutofolia.hu\/#website\",\"url\":\"https:\/\/varjasfutofolia.hu\/\",\"name\":\"Varjas F\u0171t\u0151f\u00f3lia\",\"description\":\"A Nap melege az \u00d6n otthon\u00e1ban\",\"potentialAction\":[{\"@type\":\"SearchAction\",\"target\":{\"@type\":\"EntryPoint\",\"urlTemplate\":\"https:\/\/varjasfutofolia.hu\/?s={search_term_string}\"},\"query-input\":{\"@type\":\"PropertyValueSpecification\",\"valueRequired\":true,\"valueName\":\"search_term_string\"}}],\"inLanguage\":\"de-DE\"}]}<\/script>\n<!-- \/ Yoast SEO plugin. -->","yoast_head_json":{"title":"Blog - Varjas F\u0171t\u0151f\u00f3lia","robots":{"index":"index","follow":"follow","max-snippet":"max-snippet:-1","max-image-preview":"max-image-preview:large","max-video-preview":"max-video-preview:-1"},"canonical":"https:\/\/varjasfutofolia.hu\/de\/blog\/","og_locale":"de_DE","og_type":"article","og_title":"Blog - Varjas F\u0171t\u0151f\u00f3lia","og_description":"H\u00edrek, cikkek","og_url":"https:\/\/varjasfutofolia.hu\/de\/blog\/","og_site_name":"Varjas F\u0171t\u0151f\u00f3lia","article_modified_time":"2022-02-18T13:30:58+00:00","twitter_card":"summary_large_image","twitter_misc":{"Gesch\u00e4tzte Lesezeit":"11\u00a0Minuten"},"schema":{"@context":"https:\/\/schema.org","@graph":[{"@type":"WebPage","@id":"https:\/\/varjasfutofolia.hu\/blog\/","url":"https:\/\/varjasfutofolia.hu\/blog\/","name":"Blog - Varjas F\u0171t\u0151f\u00f3lia","isPartOf":{"@id":"https:\/\/varjasfutofolia.hu\/#website"},"datePublished":"2022-02-18T13:30:52+00:00","dateModified":"2022-02-18T13:30:58+00:00","breadcrumb":{"@id":"https:\/\/varjasfutofolia.hu\/blog\/#breadcrumb"},"inLanguage":"de-DE","potentialAction":[{"@type":"ReadAction","target":["https:\/\/varjasfutofolia.hu\/blog\/"]}]},{"@type":"BreadcrumbList","@id":"https:\/\/varjasfutofolia.hu\/blog\/#breadcrumb","itemListElement":[{"@type":"ListItem","position":1,"name":"Kezd\u0151lap","item":"https:\/\/varjasfutofolia.hu\/"},{"@type":"ListItem","position":2,"name":"Blog"}]},{"@type":"WebSite","@id":"https:\/\/varjasfutofolia.hu\/#website","url":"https:\/\/varjasfutofolia.hu\/","name":"Varjas F\u0171t\u0151f\u00f3lia","description":"A Nap melege az \u00d6n otthon\u00e1ban","potentialAction":[{"@type":"SearchAction","target":{"@type":"EntryPoint","urlTemplate":"https:\/\/varjasfutofolia.hu\/?s={search_term_string}"},"query-input":{"@type":"PropertyValueSpecification","valueRequired":true,"valueName":"search_term_string"}}],"inLanguage":"de-DE"}]}},"_links":{"self":[{"href":"https:\/\/varjasfutofolia.hu\/de\/wp-json\/wp\/v2\/pages\/9923336","targetHints":{"allow":["GET"]}}],"collection":[{"href":"https:\/\/varjasfutofolia.hu\/de\/wp-json\/wp\/v2\/pages"}],"about":[{"href":"https:\/\/varjasfutofolia.hu\/de\/wp-json\/wp\/v2\/types\/page"}],"author":[{"embeddable":true,"href":"https:\/\/varjasfutofolia.hu\/de\/wp-json\/wp\/v2\/users\/1"}],"replies":[{"embeddable":true,"href":"https:\/\/varjasfutofolia.hu\/de\/wp-json\/wp\/v2\/comments?post=9923336"}],"version-history":[{"count":5,"href":"https:\/\/varjasfutofolia.hu\/de\/wp-json\/wp\/v2\/pages\/9923336\/revisions"}],"predecessor-version":[{"id":9923342,"href":"https:\/\/varjasfutofolia.hu\/de\/wp-json\/wp\/v2\/pages\/9923336\/revisions\/9923342"}],"wp:attachment":[{"href":"https:\/\/varjasfutofolia.hu\/de\/wp-json\/wp\/v2\/media?parent=9923336"}],"curies":[{"name":"wp","href":"https:\/\/api.w.org\/{rel}","templated":true}]}}