{"id":9922246,"date":"2022-01-01T17:31:13","date_gmt":"2022-01-01T16:31:13","guid":{"rendered":"https:\/\/varjasfutofolia.hu\/?page_id=9922246"},"modified":"2025-10-03T11:03:32","modified_gmt":"2025-10-03T09:03:32","slug":"villanyszereles","status":"publish","type":"page","link":"https:\/\/varjasfutofolia.hu\/de\/villanyszereles\/","title":{"rendered":"Villanyszerel\u00e9s"},"content":{"rendered":"<p>[et_pb_section fb_built=&#8220;1&#8243; disabled_on=&#8220;on|on|off&#8220; admin_label=&#8220;Fejl\u00e9c-g\u00e9pre&#8220; _builder_version=&#8220;4.16&#8243; background_image=&#8220;https:\/\/varjasfutofolia.hu\/wp-content\/uploads\/2022\/01\/20220105_futofolia_banner_partner_aloldalra_villanyszereles_asztali_v01-scaled.jpg&#8220; background_size=&#8220;contain&#8220; global_colors_info=&#8220;{}&#8220;][et_pb_row column_structure=&#8220;2_3,1_3&#8243; _builder_version=&#8220;4.16&#8243; global_colors_info=&#8220;{}&#8220;][et_pb_column type=&#8220;2_3&#8243; _builder_version=&#8220;4.16&#8243; global_colors_info=&#8220;{}&#8220;][et_pb_divider show_divider=&#8220;off&#8220; disabled_on=&#8220;on|on|on&#8220; _builder_version=&#8220;4.16&#8243; min_height=&#8220;400px&#8220; disabled=&#8220;on&#8220; global_colors_info=&#8220;{}&#8220;]<br \/>\n[\/et_pb_divider][et_pb_divider show_divider=&#8220;off&#8220; _builder_version=&#8220;4.16&#8243; _module_preset=&#8220;default&#8220; min_height=&#8220;350px&#8220; global_colors_info=&#8220;{}&#8220;][\/et_pb_divider][\/et_pb_column][et_pb_column type=&#8220;1_3&#8243; _builder_version=&#8220;4.16&#8243; global_colors_info=&#8220;{}&#8220;][\/et_pb_column][\/et_pb_row][\/et_pb_section][et_pb_section fb_built=&#8220;1&#8243; disabled_on=&#8220;off|off|on&#8220; admin_label=&#8220;Fejl\u00e9c-mobil, notebook&#8220; _builder_version=&#8220;4.16&#8243; background_image=&#8220;https:\/\/varjasfutofolia.hu\/wp-content\/uploads\/2022\/01\/20220105_futofolia_banner_partner_aloldalra_villanyszereles_mobil_v01.jpg&#8220; background_size=&#8220;contain&#8220; global_colors_info=&#8220;{}&#8220;][et_pb_row column_structure=&#8220;2_3,1_3&#8243; _builder_version=&#8220;4.16&#8243; global_colors_info=&#8220;{}&#8220;][et_pb_column type=&#8220;2_3&#8243; _builder_version=&#8220;4.16&#8243; global_colors_info=&#8220;{}&#8220;][et_pb_divider show_divider=&#8220;off&#8220; _builder_version=&#8220;4.16&#8243; _module_preset=&#8220;default&#8220; global_colors_info=&#8220;{}&#8220;][\/et_pb_divider][et_pb_divider show_divider=&#8220;off&#8220; _builder_version=&#8220;4.16&#8243; _module_preset=&#8220;default&#8220; global_colors_info=&#8220;{}&#8220;][\/et_pb_divider][\/et_pb_column][et_pb_column type=&#8220;1_3&#8243; _builder_version=&#8220;4.16&#8243; global_colors_info=&#8220;{}&#8220;][\/et_pb_column][\/et_pb_row][\/et_pb_section][et_pb_section fb_built=&#8220;1&#8243; disabled_on=&#8220;on|off|off&#8220; _builder_version=&#8220;4.16&#8243; custom_css_main_element=&#8220;background-color: #F69F13;&#8220; box_shadow_style=&#8220;preset3&#8243; global_colors_info=&#8220;{}&#8220;][\/et_pb_section][et_pb_section fb_built=&#8220;1&#8243; admin_label=&#8220;napelem le\u00edr\u00e1s&#8220; _builder_version=&#8220;4.16&#8243; global_colors_info=&#8220;{}&#8220;][et_pb_row _builder_version=&#8220;4.16&#8243; global_colors_info=&#8220;{}&#8220;][et_pb_column type=&#8220;4_4&#8243; _builder_version=&#8220;4.16&#8243; global_colors_info=&#8220;{}&#8220;][et_pb_text _builder_version=&#8220;4.16&#8243; header_font=&#8220;Unna||||||||&#8220; header_font_size=&#8220;32px&#8220; border_width_bottom=&#8220;1px&#8220; border_color_bottom=&#8220;#000000&#8243; global_colors_info=&#8220;{}&#8220;]<\/p>\n<h1>Villanyszerel\u00e9s<\/h1>\n<p>[\/et_pb_text][\/et_pb_column][\/et_pb_row][et_pb_row _builder_version=&#8220;4.16&#8243; global_colors_info=&#8220;{}&#8220;][et_pb_column type=&#8220;4_4&#8243; _builder_version=&#8220;4.16&#8243; global_colors_info=&#8220;{}&#8220;][et_pb_text _builder_version=&#8220;4.27.4&#8243; text_font_size=&#8220;17px&#8220; text_line_height=&#8220;1.8em&#8220; hover_enabled=&#8220;0&#8243; text_font_size_tablet=&#8220;15px&#8220; text_font_size_phone=&#8220;15px&#8220; text_font_size_last_edited=&#8220;on|desktop&#8220; global_colors_info=&#8220;{}&#8220; sticky_enabled=&#8220;0&#8243;]<\/p>\n<p>Projektjeink megval\u00f3s\u00edt\u00e1s\u00e1hoz a villanyszerel\u00e9st illet\u0151en t\u00e1mogat\u00e1st ny\u00fajtunk partner c\u00e9geinken kereszt\u00fcl.<\/p>\n<p>\u00daj \u00e9s r\u00e9gi h\u00e1zak, nyaral\u00f3k, csal\u00e1di h\u00e1zak, \u00fczlethelyis\u00e9gek, k\u00f6z\u00e9p\u00fcletek teljes villanyszerel\u00e9se, h\u00e1l\u00f3zatszerel\u00e9se, karbantart\u00e1sa, fel\u00faj\u00edt\u00e1sa aj\u00e1nlat alapj\u00e1n.<\/p>\n<p>&nbsp;<\/p>\n<p>&nbsp;<\/p>\n<p>[\/et_pb_text][et_pb_button button_url=&#8220;https:\/\/varjasfutofolia.hu\/kapcsolat\/&#8220; button_text=&#8220;Aj\u00e1nlatot k\u00e9rek&#8220; button_alignment=&#8220;center&#8220; module_class=&#8220;narancsgomb&#8220; _builder_version=&#8220;4.16&#8243; custom_button=&#8220;on&#8220; button_text_size=&#8220;25px&#8220; button_text_color=&#8220;#000000&#8243; button_bg_color=&#8220;#F69F13&#8243; button_border_width=&#8220;0px&#8220; button_border_color=&#8220;#F69F13&#8243; button_border_radius=&#8220;0px&#8220; button_font=&#8220;|600|||||||&#8220; button_icon=&#8220;&#x24;||divi||400&#8243; animation_style=&#8220;zoom&#8220; box_shadow_style=&#8220;preset1&#8243; box_shadow_spread=&#8220;2px&#8220; global_colors_info=&#8220;{}&#8220;]<br \/>\n[\/et_pb_button][\/et_pb_column][\/et_pb_row][\/et_pb_section]<\/p>\n","protected":false},"excerpt":{"rendered":"<p>Villanyszerel\u00e9sProjektjeink megval\u00f3s\u00edt\u00e1s\u00e1hoz a villanyszerel\u00e9st illet\u0151en t\u00e1mogat\u00e1st ny\u00fajtunk partner c\u00e9geinken kereszt\u00fcl. \u00daj \u00e9s r\u00e9gi h\u00e1zak, nyaral\u00f3k, csal\u00e1di h\u00e1zak, \u00fczlethelyis\u00e9gek, k\u00f6z\u00e9p\u00fcletek teljes villanyszerel\u00e9se, h\u00e1l\u00f3zatszerel\u00e9se, karbantart\u00e1sa, fel\u00faj\u00edt\u00e1sa aj\u00e1nlat alapj\u00e1n. &nbsp; &nbsp;<\/p>\n","protected":false},"author":1,"featured_media":0,"parent":0,"menu_order":0,"comment_status":"closed","ping_status":"closed","template":"","meta":{"_et_pb_use_builder":"on","_et_pb_old_content":"","_et_gb_content_width":"","footnotes":""},"class_list":["post-9922246","page","type-page","status-publish","hentry"],"yoast_head":"<!-- This site is optimized with the Yoast SEO plugin v26.0 - https:\/\/yoast.com\/wordpress\/plugins\/seo\/ -->\n<title>Villanyszerel\u00e9s<\/title>\n<meta name=\"robots\" content=\"index, follow, max-snippet:-1, max-image-preview:large, max-video-preview:-1\" \/>\n<link rel=\"canonical\" href=\"https:\/\/varjasfutofolia.hu\/de\/villanyszereles\/\" \/>\n<meta property=\"og:locale\" content=\"de_DE\" \/>\n<meta property=\"og:locale:alternate\" content=\"en_US\" \/>\n<meta property=\"og:locale:alternate\" content=\"hu_HU\" \/>\n<meta property=\"og:type\" content=\"article\" \/>\n<meta property=\"og:title\" content=\"Villanyszerel\u00e9s\" \/>\n<meta property=\"og:description\" content=\"Villanyszerel\u00e9sProjektjeink megval\u00f3s\u00edt\u00e1s\u00e1hoz a villanyszerel\u00e9st illet\u0151en t\u00e1mogat\u00e1st ny\u00fajtunk partner c\u00e9geinken kereszt\u00fcl. \u00daj \u00e9s r\u00e9gi h\u00e1zak, nyaral\u00f3k, csal\u00e1di h\u00e1zak, \u00fczlethelyis\u00e9gek, k\u00f6z\u00e9p\u00fcletek teljes villanyszerel\u00e9se, h\u00e1l\u00f3zatszerel\u00e9se, karbantart\u00e1sa, fel\u00faj\u00edt\u00e1sa aj\u00e1nlat alapj\u00e1n. &nbsp; &nbsp;\" \/>\n<meta property=\"og:url\" content=\"https:\/\/varjasfutofolia.hu\/de\/villanyszereles\/\" \/>\n<meta property=\"og:site_name\" content=\"Varjas F\u0171t\u0151f\u00f3lia\" \/>\n<meta property=\"article:modified_time\" content=\"2025-10-03T09:03:32+00:00\" \/>\n<meta name=\"twitter:card\" content=\"summary_large_image\" \/>\n<meta name=\"twitter:label1\" content=\"Gesch\u00e4tzte Lesezeit\" \/>\n\t<meta name=\"twitter:data1\" content=\"1\u00a0Minute\" \/>\n<script type=\"application\/ld+json\" class=\"yoast-schema-graph\">{\"@context\":\"https:\/\/schema.org\",\"@graph\":[{\"@type\":\"WebPage\",\"@id\":\"https:\/\/varjasfutofolia.hu\/villanyszereles\/\",\"url\":\"https:\/\/varjasfutofolia.hu\/villanyszereles\/\",\"name\":\"Villanyszerel\u00e9s\",\"isPartOf\":{\"@id\":\"https:\/\/varjasfutofolia.hu\/#website\"},\"datePublished\":\"2022-01-01T16:31:13+00:00\",\"dateModified\":\"2025-10-03T09:03:32+00:00\",\"breadcrumb\":{\"@id\":\"https:\/\/varjasfutofolia.hu\/villanyszereles\/#breadcrumb\"},\"inLanguage\":\"de-DE\",\"potentialAction\":[{\"@type\":\"ReadAction\",\"target\":[\"https:\/\/varjasfutofolia.hu\/villanyszereles\/\"]}]},{\"@type\":\"BreadcrumbList\",\"@id\":\"https:\/\/varjasfutofolia.hu\/villanyszereles\/#breadcrumb\",\"itemListElement\":[{\"@type\":\"ListItem\",\"position\":1,\"name\":\"Kezd\u0151lap\",\"item\":\"https:\/\/varjasfutofolia.hu\/\"},{\"@type\":\"ListItem\",\"position\":2,\"name\":\"Villanyszerel\u00e9s\"}]},{\"@type\":\"WebSite\",\"@id\":\"https:\/\/varjasfutofolia.hu\/#website\",\"url\":\"https:\/\/varjasfutofolia.hu\/\",\"name\":\"Varjas F\u0171t\u0151f\u00f3lia\",\"description\":\"A Nap melege az \u00d6n otthon\u00e1ban\",\"potentialAction\":[{\"@type\":\"SearchAction\",\"target\":{\"@type\":\"EntryPoint\",\"urlTemplate\":\"https:\/\/varjasfutofolia.hu\/?s={search_term_string}\"},\"query-input\":{\"@type\":\"PropertyValueSpecification\",\"valueRequired\":true,\"valueName\":\"search_term_string\"}}],\"inLanguage\":\"de-DE\"}]}<\/script>\n<!-- \/ Yoast SEO plugin. -->","yoast_head_json":{"title":"Villanyszerel\u00e9s","robots":{"index":"index","follow":"follow","max-snippet":"max-snippet:-1","max-image-preview":"max-image-preview:large","max-video-preview":"max-video-preview:-1"},"canonical":"https:\/\/varjasfutofolia.hu\/de\/villanyszereles\/","og_locale":"de_DE","og_type":"article","og_title":"[:hu]Villanyszerel\u00e9s[:] - Varjas F\u0171t\u0151f\u00f3lia","og_description":"Villanyszerel\u00e9sProjektjeink megval\u00f3s\u00edt\u00e1s\u00e1hoz a villanyszerel\u00e9st illet\u0151en t\u00e1mogat\u00e1st ny\u00fajtunk partner c\u00e9geinken kereszt\u00fcl. \u00daj \u00e9s r\u00e9gi h\u00e1zak, nyaral\u00f3k, csal\u00e1di h\u00e1zak, \u00fczlethelyis\u00e9gek, k\u00f6z\u00e9p\u00fcletek teljes villanyszerel\u00e9se, h\u00e1l\u00f3zatszerel\u00e9se, karbantart\u00e1sa, fel\u00faj\u00edt\u00e1sa aj\u00e1nlat alapj\u00e1n. &nbsp; &nbsp;","og_url":"https:\/\/varjasfutofolia.hu\/de\/villanyszereles\/","og_site_name":"Varjas F\u0171t\u0151f\u00f3lia","article_modified_time":"2025-10-03T09:03:32+00:00","twitter_card":"summary_large_image","twitter_misc":{"Gesch\u00e4tzte Lesezeit":"1\u00a0Minute"},"schema":{"@context":"https:\/\/schema.org","@graph":[{"@type":"WebPage","@id":"https:\/\/varjasfutofolia.hu\/villanyszereles\/","url":"https:\/\/varjasfutofolia.hu\/villanyszereles\/","name":"Villanyszerel\u00e9s","isPartOf":{"@id":"https:\/\/varjasfutofolia.hu\/#website"},"datePublished":"2022-01-01T16:31:13+00:00","dateModified":"2025-10-03T09:03:32+00:00","breadcrumb":{"@id":"https:\/\/varjasfutofolia.hu\/villanyszereles\/#breadcrumb"},"inLanguage":"de-DE","potentialAction":[{"@type":"ReadAction","target":["https:\/\/varjasfutofolia.hu\/villanyszereles\/"]}]},{"@type":"BreadcrumbList","@id":"https:\/\/varjasfutofolia.hu\/villanyszereles\/#breadcrumb","itemListElement":[{"@type":"ListItem","position":1,"name":"Kezd\u0151lap","item":"https:\/\/varjasfutofolia.hu\/"},{"@type":"ListItem","position":2,"name":"Villanyszerel\u00e9s"}]},{"@type":"WebSite","@id":"https:\/\/varjasfutofolia.hu\/#website","url":"https:\/\/varjasfutofolia.hu\/","name":"Varjas F\u0171t\u0151f\u00f3lia","description":"A Nap melege az \u00d6n otthon\u00e1ban","potentialAction":[{"@type":"SearchAction","target":{"@type":"EntryPoint","urlTemplate":"https:\/\/varjasfutofolia.hu\/?s={search_term_string}"},"query-input":{"@type":"PropertyValueSpecification","valueRequired":true,"valueName":"search_term_string"}}],"inLanguage":"de-DE"}]}},"_links":{"self":[{"href":"https:\/\/varjasfutofolia.hu\/de\/wp-json\/wp\/v2\/pages\/9922246","targetHints":{"allow":["GET"]}}],"collection":[{"href":"https:\/\/varjasfutofolia.hu\/de\/wp-json\/wp\/v2\/pages"}],"about":[{"href":"https:\/\/varjasfutofolia.hu\/de\/wp-json\/wp\/v2\/types\/page"}],"author":[{"embeddable":true,"href":"https:\/\/varjasfutofolia.hu\/de\/wp-json\/wp\/v2\/users\/1"}],"replies":[{"embeddable":true,"href":"https:\/\/varjasfutofolia.hu\/de\/wp-json\/wp\/v2\/comments?post=9922246"}],"version-history":[{"count":9,"href":"https:\/\/varjasfutofolia.hu\/de\/wp-json\/wp\/v2\/pages\/9922246\/revisions"}],"predecessor-version":[{"id":9932139,"href":"https:\/\/varjasfutofolia.hu\/de\/wp-json\/wp\/v2\/pages\/9922246\/revisions\/9932139"}],"wp:attachment":[{"href":"https:\/\/varjasfutofolia.hu\/de\/wp-json\/wp\/v2\/media?parent=9922246"}],"curies":[{"name":"wp","href":"https:\/\/api.w.org\/{rel}","templated":true}]}}