{"id":9920661,"date":"2021-11-26T11:57:24","date_gmt":"2021-11-26T10:57:24","guid":{"rendered":"https:\/\/varjasfutofolia.hu\/?page_id=9920661"},"modified":"2021-12-02T16:38:15","modified_gmt":"2021-12-02T15:38:15","slug":"torolkozoszarito","status":"publish","type":"page","link":"https:\/\/varjasfutofolia.hu\/de\/torolkozoszarito\/","title":{"rendered":"T\u00f6r\u00f6lk\u00f6z\u0151sz\u00e1r\u00edt\u00f3"},"content":{"rendered":"<p>[et_pb_section fb_built=&#8220;1&#8243; _builder_version=&#8220;4.0.5&#8243; background_color=&#8220;#F69F13&#8243; box_shadow_style=&#8220;preset3&#8243;][et_pb_row _builder_version=&#8220;4.0.5&#8243;][et_pb_column type=&#8220;4_4&#8243; _builder_version=&#8220;4.0.5&#8243;][et_pb_text _builder_version=&#8220;4.0.5&#8243; header_font=&#8220;Unna||||||||&#8220; header_text_color=&#8220;#000000&#8243; header_font_size=&#8220;75px&#8220; header_letter_spacing=&#8220;1px&#8220; header_2_font=&#8220;Unna|700|||||||&#8220; header_2_text_color=&#8220;#d1dedc&#8220; header_2_font_size=&#8220;36px&#8220; background_layout=&#8220;dark&#8220; custom_margin=&#8220;|||35px|false|false&#8220; custom_margin_tablet=&#8220;&#8220; custom_margin_phone=&#8220;|||20px|false|false&#8220; custom_margin_last_edited=&#8220;on|phone&#8220; animation_style=&#8220;fade&#8220; hover_enabled=&#8220;0&#8243; header_font_tablet=&#8220;&#8220; header_font_phone=&#8220;&#8220; header_font_last_edited=&#8220;on|phone&#8220; header_font_size_tablet=&#8220;66px&#8220; header_font_size_phone=&#8220;40px&#8220; header_font_size_last_edited=&#8220;on|phone&#8220; header_2_font_size_tablet=&#8220;&#8220; header_2_font_size_phone=&#8220;24px&#8220; header_2_font_size_last_edited=&#8220;on|phone&#8220; header_text_shadow_style=&#8220;preset2&#8243; border_color_left=&#8220;#FFFFFF&#8220; locked=&#8220;off&#8220; disabled_on=&#8220;on|off|off&#8220;]<\/p>\n<h1>T\u00f6r\u00f6lk\u00f6z\u0151sz\u00e1r\u00edt\u00f3<\/h1>\n<p>[\/et_pb_text][et_pb_text _builder_version=&#8220;4.0.5&#8243; header_font=&#8220;Unna||||||||&#8220; header_text_color=&#8220;#000000&#8243; header_font_size=&#8220;75px&#8220; header_letter_spacing=&#8220;1px&#8220; header_2_font=&#8220;Unna|700|||||||&#8220; header_2_text_color=&#8220;#d1dedc&#8220; header_2_font_size=&#8220;36px&#8220; background_layout=&#8220;dark&#8220; custom_margin=&#8220;|||35px|false|false&#8220; custom_margin_tablet=&#8220;&#8220; custom_margin_phone=&#8220;|||20px|false|false&#8220; custom_margin_last_edited=&#8220;on|phone&#8220; animation_style=&#8220;fade&#8220; hover_enabled=&#8220;0&#8243; header_font_tablet=&#8220;&#8220; header_font_phone=&#8220;&#8220; header_font_last_edited=&#8220;on|phone&#8220; header_font_size_tablet=&#8220;66px&#8220; header_font_size_phone=&#8220;48px&#8220; header_font_size_last_edited=&#8220;on|phone&#8220; header_2_font_size_tablet=&#8220;&#8220; header_2_font_size_phone=&#8220;24px&#8220; header_2_font_size_last_edited=&#8220;on|phone&#8220; header_text_shadow_style=&#8220;preset2&#8243; border_color_left=&#8220;#FFFFFF&#8220; locked=&#8220;off&#8220; disabled_on=&#8220;off|on|on&#8220; header_line_height_last_edited=&#8220;on|phone&#8220; header_line_height_phone=&#8220;1.2em&#8220;]<\/p>\n<h1>T\u00f6r\u00f6lk\u00f6z\u0151<\/h1>\n<h1>sz\u00e1r\u00edt\u00f3<\/h1>\n<p>[\/et_pb_text][\/et_pb_column][\/et_pb_row][\/et_pb_section][et_pb_section fb_built=&#8220;1&#8243; admin_label=&#8220;web\u00e1ruh\u00e1z &#8220; _builder_version=&#8220;4.9.9&#8243; background_color=&#8220;#FFFFFF&#8220; background_enable_color=&#8220;off&#8220;][et_pb_row use_custom_gutter=&#8220;on&#8220; make_equal=&#8220;on&#8220; _builder_version=&#8220;4.9.9&#8243; custom_margin=&#8220;40px||&#8220; border_color_all=&#8220;rgba(0,0,0,0.08)&#8220; border_color_bottom=&#8220;#cecece&#8220; locked=&#8220;off&#8220;][et_pb_column type=&#8220;4_4&#8243; _builder_version=&#8220;3.25&#8243; custom_padding=&#8220;|||&#8220; custom_padding__hover=&#8220;|||&#8220;][et_pb_text _builder_version=&#8220;4.0.5&#8243; text_font=&#8220;||||||||&#8220; header_font=&#8220;||||||||&#8220; header_2_font=&#8220;Unna||||||||&#8220; header_2_font_size=&#8220;40px&#8220; header_2_line_height=&#8220;1.2em&#8220; text_orientation=&#8220;center&#8220; module_alignment=&#8220;center&#8220; custom_margin=&#8220;||||false|false&#8220; custom_padding=&#8220;|||&#8220; animation_style=&#8220;zoom&#8220; header_2_font_size_tablet=&#8220;&#8220; header_2_font_size_phone=&#8220;36px&#8220; header_2_font_size_last_edited=&#8220;on|phone&#8220; border_width_bottom=&#8220;2px&#8220; border_color_bottom=&#8220;#a8a8a8&#8243; locked=&#8220;off&#8220;]<\/p>\n<h2>Term\u00e9keink<\/h2>\n<p>[\/et_pb_text][et_pb_divider show_divider=&#8220;off&#8220; _builder_version=&#8220;4.9.9&#8243;][\/et_pb_divider][et_pb_shop type=&#8220;product_category&#8220; show_pagination=&#8220;on&#8220; include_categories=&#8220;40&#8243; _builder_version=&#8220;4.0.5&#8243;][\/et_pb_shop][\/et_pb_column][\/et_pb_row][\/et_pb_section]<\/p>\n","protected":false},"excerpt":{"rendered":"<p>T\u00f6r\u00f6lk\u00f6z\u0151sz\u00e1r\u00edt\u00f3T\u00f6r\u00f6lk\u00f6z\u0151 sz\u00e1r\u00edt\u00f3 Term\u00e9keink<\/p>\n","protected":false},"author":1,"featured_media":0,"parent":0,"menu_order":0,"comment_status":"closed","ping_status":"closed","template":"","meta":{"_et_pb_use_builder":"on","_et_pb_old_content":"","_et_gb_content_width":"","footnotes":""},"class_list":["post-9920661","page","type-page","status-publish","hentry"],"yoast_head":"<!-- This site is optimized with the Yoast SEO plugin v26.0 - https:\/\/yoast.com\/wordpress\/plugins\/seo\/ -->\n<title>T\u00f6r\u00f6lk\u00f6z\u0151sz\u00e1r\u00edt\u00f3 - Varjas F\u0171t\u0151f\u00f3lia<\/title>\n<meta name=\"robots\" content=\"index, follow, max-snippet:-1, max-image-preview:large, max-video-preview:-1\" \/>\n<link rel=\"canonical\" href=\"https:\/\/varjasfutofolia.hu\/de\/torolkozoszarito\/\" \/>\n<meta property=\"og:locale\" content=\"de_DE\" \/>\n<meta property=\"og:locale:alternate\" content=\"en_US\" \/>\n<meta property=\"og:locale:alternate\" content=\"hu_HU\" \/>\n<meta property=\"og:type\" content=\"article\" \/>\n<meta property=\"og:title\" content=\"T\u00f6r\u00f6lk\u00f6z\u0151sz\u00e1r\u00edt\u00f3 - Varjas F\u0171t\u0151f\u00f3lia\" \/>\n<meta property=\"og:description\" content=\"T\u00f6r\u00f6lk\u00f6z\u0151sz\u00e1r\u00edt\u00f3T\u00f6r\u00f6lk\u00f6z\u0151 sz\u00e1r\u00edt\u00f3 Term\u00e9keink\" \/>\n<meta property=\"og:url\" content=\"https:\/\/varjasfutofolia.hu\/de\/torolkozoszarito\/\" \/>\n<meta property=\"og:site_name\" content=\"Varjas F\u0171t\u0151f\u00f3lia\" \/>\n<meta property=\"article:modified_time\" content=\"2021-12-02T15:38:15+00:00\" \/>\n<meta name=\"twitter:card\" content=\"summary_large_image\" \/>\n<meta name=\"twitter:label1\" content=\"Gesch\u00e4tzte Lesezeit\" \/>\n\t<meta name=\"twitter:data1\" content=\"11\u00a0Minuten\" \/>\n<script type=\"application\/ld+json\" class=\"yoast-schema-graph\">{\"@context\":\"https:\/\/schema.org\",\"@graph\":[{\"@type\":\"WebPage\",\"@id\":\"https:\/\/varjasfutofolia.hu\/torolkozoszarito\/\",\"url\":\"https:\/\/varjasfutofolia.hu\/torolkozoszarito\/\",\"name\":\"T\u00f6r\u00f6lk\u00f6z\u0151sz\u00e1r\u00edt\u00f3 - Varjas F\u0171t\u0151f\u00f3lia\",\"isPartOf\":{\"@id\":\"https:\/\/varjasfutofolia.hu\/#website\"},\"datePublished\":\"2021-11-26T10:57:24+00:00\",\"dateModified\":\"2021-12-02T15:38:15+00:00\",\"breadcrumb\":{\"@id\":\"https:\/\/varjasfutofolia.hu\/torolkozoszarito\/#breadcrumb\"},\"inLanguage\":\"de-DE\",\"potentialAction\":[{\"@type\":\"ReadAction\",\"target\":[\"https:\/\/varjasfutofolia.hu\/torolkozoszarito\/\"]}]},{\"@type\":\"BreadcrumbList\",\"@id\":\"https:\/\/varjasfutofolia.hu\/torolkozoszarito\/#breadcrumb\",\"itemListElement\":[{\"@type\":\"ListItem\",\"position\":1,\"name\":\"Kezd\u0151lap\",\"item\":\"https:\/\/varjasfutofolia.hu\/\"},{\"@type\":\"ListItem\",\"position\":2,\"name\":\"T\u00f6r\u00f6lk\u00f6z\u0151sz\u00e1r\u00edt\u00f3\"}]},{\"@type\":\"WebSite\",\"@id\":\"https:\/\/varjasfutofolia.hu\/#website\",\"url\":\"https:\/\/varjasfutofolia.hu\/\",\"name\":\"Varjas F\u0171t\u0151f\u00f3lia\",\"description\":\"A Nap melege az \u00d6n otthon\u00e1ban\",\"potentialAction\":[{\"@type\":\"SearchAction\",\"target\":{\"@type\":\"EntryPoint\",\"urlTemplate\":\"https:\/\/varjasfutofolia.hu\/?s={search_term_string}\"},\"query-input\":{\"@type\":\"PropertyValueSpecification\",\"valueRequired\":true,\"valueName\":\"search_term_string\"}}],\"inLanguage\":\"de-DE\"}]}<\/script>\n<!-- \/ Yoast SEO plugin. -->","yoast_head_json":{"title":"T\u00f6r\u00f6lk\u00f6z\u0151sz\u00e1r\u00edt\u00f3 - Varjas F\u0171t\u0151f\u00f3lia","robots":{"index":"index","follow":"follow","max-snippet":"max-snippet:-1","max-image-preview":"max-image-preview:large","max-video-preview":"max-video-preview:-1"},"canonical":"https:\/\/varjasfutofolia.hu\/de\/torolkozoszarito\/","og_locale":"de_DE","og_type":"article","og_title":"T\u00f6r\u00f6lk\u00f6z\u0151sz\u00e1r\u00edt\u00f3 - Varjas F\u0171t\u0151f\u00f3lia","og_description":"T\u00f6r\u00f6lk\u00f6z\u0151sz\u00e1r\u00edt\u00f3T\u00f6r\u00f6lk\u00f6z\u0151 sz\u00e1r\u00edt\u00f3 Term\u00e9keink","og_url":"https:\/\/varjasfutofolia.hu\/de\/torolkozoszarito\/","og_site_name":"Varjas F\u0171t\u0151f\u00f3lia","article_modified_time":"2021-12-02T15:38:15+00:00","twitter_card":"summary_large_image","twitter_misc":{"Gesch\u00e4tzte Lesezeit":"11\u00a0Minuten"},"schema":{"@context":"https:\/\/schema.org","@graph":[{"@type":"WebPage","@id":"https:\/\/varjasfutofolia.hu\/torolkozoszarito\/","url":"https:\/\/varjasfutofolia.hu\/torolkozoszarito\/","name":"T\u00f6r\u00f6lk\u00f6z\u0151sz\u00e1r\u00edt\u00f3 - Varjas F\u0171t\u0151f\u00f3lia","isPartOf":{"@id":"https:\/\/varjasfutofolia.hu\/#website"},"datePublished":"2021-11-26T10:57:24+00:00","dateModified":"2021-12-02T15:38:15+00:00","breadcrumb":{"@id":"https:\/\/varjasfutofolia.hu\/torolkozoszarito\/#breadcrumb"},"inLanguage":"de-DE","potentialAction":[{"@type":"ReadAction","target":["https:\/\/varjasfutofolia.hu\/torolkozoszarito\/"]}]},{"@type":"BreadcrumbList","@id":"https:\/\/varjasfutofolia.hu\/torolkozoszarito\/#breadcrumb","itemListElement":[{"@type":"ListItem","position":1,"name":"Kezd\u0151lap","item":"https:\/\/varjasfutofolia.hu\/"},{"@type":"ListItem","position":2,"name":"T\u00f6r\u00f6lk\u00f6z\u0151sz\u00e1r\u00edt\u00f3"}]},{"@type":"WebSite","@id":"https:\/\/varjasfutofolia.hu\/#website","url":"https:\/\/varjasfutofolia.hu\/","name":"Varjas F\u0171t\u0151f\u00f3lia","description":"A Nap melege az \u00d6n otthon\u00e1ban","potentialAction":[{"@type":"SearchAction","target":{"@type":"EntryPoint","urlTemplate":"https:\/\/varjasfutofolia.hu\/?s={search_term_string}"},"query-input":{"@type":"PropertyValueSpecification","valueRequired":true,"valueName":"search_term_string"}}],"inLanguage":"de-DE"}]}},"_links":{"self":[{"href":"https:\/\/varjasfutofolia.hu\/de\/wp-json\/wp\/v2\/pages\/9920661","targetHints":{"allow":["GET"]}}],"collection":[{"href":"https:\/\/varjasfutofolia.hu\/de\/wp-json\/wp\/v2\/pages"}],"about":[{"href":"https:\/\/varjasfutofolia.hu\/de\/wp-json\/wp\/v2\/types\/page"}],"author":[{"embeddable":true,"href":"https:\/\/varjasfutofolia.hu\/de\/wp-json\/wp\/v2\/users\/1"}],"replies":[{"embeddable":true,"href":"https:\/\/varjasfutofolia.hu\/de\/wp-json\/wp\/v2\/comments?post=9920661"}],"version-history":[{"count":6,"href":"https:\/\/varjasfutofolia.hu\/de\/wp-json\/wp\/v2\/pages\/9920661\/revisions"}],"predecessor-version":[{"id":9921754,"href":"https:\/\/varjasfutofolia.hu\/de\/wp-json\/wp\/v2\/pages\/9920661\/revisions\/9921754"}],"wp:attachment":[{"href":"https:\/\/varjasfutofolia.hu\/de\/wp-json\/wp\/v2\/media?parent=9920661"}],"curies":[{"name":"wp","href":"https:\/\/api.w.org\/{rel}","templated":true}]}}