{"id":9920634,"date":"2021-11-25T14:49:39","date_gmt":"2021-11-25T13:49:39","guid":{"rendered":"https:\/\/varjasfutofolia.hu\/?page_id=9920634"},"modified":"2022-02-21T13:45:06","modified_gmt":"2022-02-21T12:45:06","slug":"infrapanel","status":"publish","type":"page","link":"https:\/\/varjasfutofolia.hu\/de\/infrapanel\/","title":{"rendered":"Infrapanel"},"content":{"rendered":"<p>[et_pb_section fb_built=&#8220;1&#8243; _builder_version=&#8220;4.0.5&#8243; background_color=&#8220;#F69F13&#8243; box_shadow_style=&#8220;preset3&#8243; global_colors_info=&#8220;{}&#8220;][et_pb_row _builder_version=&#8220;4.0.5&#8243; global_colors_info=&#8220;{}&#8220;][et_pb_column type=&#8220;4_4&#8243; _builder_version=&#8220;4.0.5&#8243; global_colors_info=&#8220;{}&#8220;][et_pb_text _builder_version=&#8220;4.0.5&#8243; header_font=&#8220;Unna||||||||&#8220; header_text_color=&#8220;#000000&#8243; header_font_size=&#8220;75px&#8220; header_letter_spacing=&#8220;1px&#8220; header_2_font=&#8220;Unna|700|||||||&#8220; header_2_text_color=&#8220;#d1dedc&#8220; header_2_font_size=&#8220;36px&#8220; background_layout=&#8220;dark&#8220; custom_margin=&#8220;|||35px|false|false&#8220; animation_style=&#8220;fade&#8220; header_font_tablet=&#8220;&#8220; header_font_phone=&#8220;&#8220; header_font_last_edited=&#8220;on|phone&#8220; header_font_size_tablet=&#8220;66px&#8220; header_font_size_phone=&#8220;48px&#8220; header_font_size_last_edited=&#8220;on|phone&#8220; header_2_font_size_tablet=&#8220;&#8220; header_2_font_size_phone=&#8220;24px&#8220; header_2_font_size_last_edited=&#8220;on|phone&#8220; header_text_shadow_style=&#8220;preset2&#8243; border_color_left=&#8220;#FFFFFF&#8220; locked=&#8220;off&#8220; global_colors_info=&#8220;{}&#8220;]<\/p>\n<h1>Infrapanelek<\/h1>\n<p>[\/et_pb_text][\/et_pb_column][\/et_pb_row][\/et_pb_section][et_pb_section fb_built=&#8220;1&#8243; admin_label=&#8220;infrapanel web\u00e1ruh\u00e1z &#8220; _builder_version=&#8220;4.9.9&#8243; background_color=&#8220;#FFFFFF&#8220; background_enable_color=&#8220;off&#8220; global_colors_info=&#8220;{}&#8220;][et_pb_row use_custom_gutter=&#8220;on&#8220; make_equal=&#8220;on&#8220; _builder_version=&#8220;4.9.9&#8243; custom_margin=&#8220;40px||&#8220; border_color_all=&#8220;rgba(0,0,0,0.08)&#8220; border_color_bottom=&#8220;#cecece&#8220; locked=&#8220;off&#8220; global_colors_info=&#8220;{}&#8220;][et_pb_column type=&#8220;4_4&#8243; _builder_version=&#8220;3.25&#8243; custom_padding=&#8220;|||&#8220; global_colors_info=&#8220;{}&#8220; custom_padding__hover=&#8220;|||&#8220;][et_pb_text _builder_version=&#8220;4.0.5&#8243; text_font=&#8220;||||||||&#8220; header_font=&#8220;||||||||&#8220; header_2_font=&#8220;Unna||||||||&#8220; header_2_font_size=&#8220;40px&#8220; header_2_line_height=&#8220;1.2em&#8220; text_orientation=&#8220;center&#8220; module_alignment=&#8220;center&#8220; custom_margin=&#8220;||||false|false&#8220; custom_padding=&#8220;|||&#8220; animation_style=&#8220;zoom&#8220; header_2_font_size_tablet=&#8220;&#8220; header_2_font_size_phone=&#8220;36px&#8220; header_2_font_size_last_edited=&#8220;on|phone&#8220; border_width_bottom=&#8220;2px&#8220; border_color_bottom=&#8220;#a8a8a8&#8243; locked=&#8220;off&#8220; global_colors_info=&#8220;{}&#8220;]<\/p>\n<h2>Term\u00e9keink<\/h2>\n<p>[\/et_pb_text][et_pb_divider show_divider=&#8220;off&#8220; _builder_version=&#8220;4.9.9&#8243; global_colors_info=&#8220;{}&#8220;][\/et_pb_divider][et_pb_shop type=&#8220;product_category&#8220; show_pagination=&#8220;on&#8220; include_categories=&#8220;30&#8243; _builder_version=&#8220;4.0.5&#8243; global_colors_info=&#8220;{}&#8220;][\/et_pb_shop][\/et_pb_column][\/et_pb_row][et_pb_row column_structure=&#8220;1_2,1_2&#8243; use_custom_gutter=&#8220;on&#8220; gutter_width=&#8220;2&#8243; make_equal=&#8220;on&#8220; padding_top_bottom_link_1=&#8220;false&#8220; padding_top_bottom_link_2=&#8220;false&#8220; padding_left_right_link_1=&#8220;true&#8220; padding_left_right_link_2=&#8220;true&#8220; admin_label=&#8220;infrapanel banner&#8220; _builder_version=&#8220;4.14.2&#8243; custom_margin=&#8220;30px||&#8220; custom_padding=&#8220;0|0px|0|0px|false|false&#8220; animation_style=&#8220;zoom&#8220; animation_direction=&#8220;right&#8220; global_colors_info=&#8220;{}&#8220;][et_pb_column type=&#8220;1_2&#8243; _builder_version=&#8220;4.14.2&#8243; use_background_color_gradient=&#8220;on&#8220; background_color_gradient_start=&#8220;#2a2e40&#8243; background_color_gradient_end=&#8220;rgba(42,46,64,0)&#8220; background_color_gradient_direction=&#8220;90deg&#8220; background_color_gradient_overlays_image=&#8220;on&#8220; background_image=&#8220;https:\/\/varjasfutofolia.hu\/wp-content\/uploads\/2021\/11\/adax-neo-futopanel.jpg&#8220; background_position=&#8220;bottom_right&#8220; custom_padding=&#8220;20px|20px|10px|20px&#8220; box_shadow_style=&#8220;preset1&#8243; global_colors_info=&#8220;{}&#8220; custom_padding__hover=&#8220;|||&#8220;][et_pb_text _builder_version=&#8220;4.14.2&#8243; text_font=&#8220;Roboto||||||||&#8220; text_text_color=&#8220;rgba(255,255,255,0.4)&#8220; text_font_size=&#8220;12px&#8220; text_line_height=&#8220;1.6em&#8220; header_font=&#8220;||||||||&#8220; header_4_font=&#8220;Roboto|700|||||||&#8220; header_4_font_size=&#8220;30px&#8220; header_4_line_height=&#8220;1.4em&#8220; header_6_font=&#8220;Roboto||||||||&#8220; header_6_font_size=&#8220;16px&#8220; header_6_line_height=&#8220;1.4em&#8220; background_layout=&#8220;dark&#8220; header_4_text_shadow_style=&#8220;preset1&#8243; global_colors_info=&#8220;{}&#8220; header_3_font_size__hover=&#8220;22px&#8220; header_3_font_size__hover_enabled=&#8220;22px&#8220; header_3_letter_spacing__hover=&#8220;0px&#8220; header_3_letter_spacing__hover_enabled=&#8220;0px&#8220; header_3_line_height__hover=&#8220;1em&#8220; header_3_line_height__hover_enabled=&#8220;1em&#8220; header_3_text_shadow_style__hover=&#8220;none&#8220; header_3_text_shadow_style__hover_enabled=&#8220;none&#8220; header_3_text_shadow_color__hover=&#8220;rgba(0,0,0,0.4)&#8220; header_3_text_shadow_color__hover_enabled=&#8220;rgba(0,0,0,0.4)&#8220; header_5_font_size__hover=&#8220;16px&#8220; header_5_font_size__hover_enabled=&#8220;16px&#8220; header_5_letter_spacing__hover=&#8220;0px&#8220; header_5_letter_spacing__hover_enabled=&#8220;0px&#8220; header_5_line_height__hover=&#8220;1em&#8220; header_5_line_height__hover_enabled=&#8220;1em&#8220; header_5_text_shadow_style__hover=&#8220;none&#8220; header_5_text_shadow_style__hover_enabled=&#8220;none&#8220; header_5_text_shadow_color__hover=&#8220;rgba(0,0,0,0.4)&#8220; header_5_text_shadow_color__hover_enabled=&#8220;rgba(0,0,0,0.4)&#8220; header_2_font_size__hover=&#8220;26px&#8220; header_2_font_size__hover_enabled=&#8220;26px&#8220; header_2_letter_spacing__hover=&#8220;0px&#8220; header_2_letter_spacing__hover_enabled=&#8220;0px&#8220; header_2_line_height__hover=&#8220;1em&#8220; header_2_line_height__hover_enabled=&#8220;1em&#8220; header_2_text_shadow_style__hover=&#8220;none&#8220; header_2_text_shadow_style__hover_enabled=&#8220;none&#8220; header_2_text_shadow_color__hover=&#8220;rgba(0,0,0,0.4)&#8220; header_2_text_shadow_color__hover_enabled=&#8220;rgba(0,0,0,0.4)&#8220; header_font_size__hover=&#8220;30px&#8220; header_font_size__hover_enabled=&#8220;30px&#8220; header_letter_spacing__hover=&#8220;0px&#8220; header_letter_spacing__hover_enabled=&#8220;0px&#8220; header_text_shadow_style__hover=&#8220;none&#8220; header_text_shadow_style__hover_enabled=&#8220;none&#8220; header_text_shadow_color__hover=&#8220;rgba(0,0,0,0.4)&#8220; header_text_shadow_color__hover_enabled=&#8220;rgba(0,0,0,0.4)&#8220;]<\/p>\n<h4>\u00a0<\/h4>\n<p>&nbsp;<\/p>\n<h4>Szeretn\u00e9d tudni mekkor a v\u00e1rhat\u00f3 fogyaszt\u00e1sa az infrapanelnek?<\/h4>\n<p>[\/et_pb_text][et_pb_divider show_divider=&#8220;off&#8220; _builder_version=&#8220;4.9.9&#8243; min_height=&#8220;85px&#8220; height=&#8220;100px&#8220; global_colors_info=&#8220;{}&#8220;]<br \/>\n[\/et_pb_divider][\/et_pb_column][et_pb_column type=&#8220;1_2&#8243; _builder_version=&#8220;4.14.2&#8243; background_color=&#8220;#ffb400&#8243; background_image=&#8220;https:\/\/varjasfutofolia.hu\/wp-content\/uploads\/2021\/11\/hardware-46.png&#8220; background_position=&#8220;top_right&#8220; custom_padding=&#8220;20px|20px||20px&#8220; box_shadow_style=&#8220;preset1&#8243; global_colors_info=&#8220;{}&#8220; custom_padding__hover=&#8220;|||&#8220;][et_pb_text _builder_version=&#8220;4.14.2&#8243; text_font=&#8220;Roboto||||||||&#8220; text_text_color=&#8220;#2a2e40&#8243; text_font_size=&#8220;19px&#8220; text_line_height=&#8220;1.6em&#8220; header_4_font=&#8220;Roboto|700|||||||&#8220; header_4_text_color=&#8220;#2a2e40&#8243; header_4_font_size=&#8220;30px&#8220; header_4_line_height=&#8220;1.4em&#8220; header_4_text_shadow_style=&#8220;preset1&#8243; global_colors_info=&#8220;{}&#8220; header_3_font_size__hover=&#8220;22px&#8220; header_3_font_size__hover_enabled=&#8220;22px&#8220; header_3_letter_spacing__hover=&#8220;0px&#8220; header_3_letter_spacing__hover_enabled=&#8220;0px&#8220; header_3_line_height__hover=&#8220;1em&#8220; header_3_line_height__hover_enabled=&#8220;1em&#8220; header_3_text_shadow_style__hover=&#8220;none&#8220; header_3_text_shadow_style__hover_enabled=&#8220;none&#8220; header_3_text_shadow_color__hover=&#8220;rgba(0,0,0,0.4)&#8220; header_3_text_shadow_color__hover_enabled=&#8220;rgba(0,0,0,0.4)&#8220; header_4_font_size__hover=&#8220;18px&#8220; header_4_font_size__hover_enabled=&#8220;18px&#8220; header_4_letter_spacing__hover=&#8220;0px&#8220; header_4_letter_spacing__hover_enabled=&#8220;0px&#8220; header_4_line_height__hover=&#8220;1em&#8220; header_4_line_height__hover_enabled=&#8220;1em&#8220; header_4_text_shadow_style__hover=&#8220;none&#8220; header_4_text_shadow_style__hover_enabled=&#8220;none&#8220; header_4_text_shadow_color__hover=&#8220;rgba(0,0,0,0.4)&#8220; header_4_text_shadow_color__hover_enabled=&#8220;rgba(0,0,0,0.4)&#8220; header_font_size__hover=&#8220;30px&#8220; header_font_size__hover_enabled=&#8220;30px&#8220; header_letter_spacing__hover=&#8220;0px&#8220; header_letter_spacing__hover_enabled=&#8220;0px&#8220; header_text_shadow_style__hover=&#8220;none&#8220; header_text_shadow_style__hover_enabled=&#8220;none&#8220; header_text_shadow_color__hover=&#8220;rgba(0,0,0,0.4)&#8220; header_text_shadow_color__hover_enabled=&#8220;rgba(0,0,0,0.4)&#8220; header_2_font_size__hover=&#8220;26px&#8220; header_2_font_size__hover_enabled=&#8220;26px&#8220; header_2_letter_spacing__hover=&#8220;0px&#8220; header_2_letter_spacing__hover_enabled=&#8220;0px&#8220; header_2_line_height__hover=&#8220;1em&#8220; header_2_line_height__hover_enabled=&#8220;1em&#8220; header_2_text_shadow_style__hover=&#8220;none&#8220; header_2_text_shadow_style__hover_enabled=&#8220;none&#8220; header_2_text_shadow_color__hover=&#8220;rgba(0,0,0,0.4)&#8220; header_2_text_shadow_color__hover_enabled=&#8220;rgba(0,0,0,0.4)&#8220; header_5_font_size__hover=&#8220;16px&#8220; header_5_font_size__hover_enabled=&#8220;16px&#8220; header_5_letter_spacing__hover=&#8220;0px&#8220; header_5_letter_spacing__hover_enabled=&#8220;0px&#8220; header_5_line_height__hover=&#8220;1em&#8220; header_5_line_height__hover_enabled=&#8220;1em&#8220; header_5_text_shadow_style__hover=&#8220;none&#8220; header_5_text_shadow_style__hover_enabled=&#8220;none&#8220; header_5_text_shadow_color__hover=&#8220;rgba(0,0,0,0.4)&#8220; header_5_text_shadow_color__hover_enabled=&#8220;rgba(0,0,0,0.4)&#8220; header_6_font_size__hover=&#8220;14px&#8220; header_6_font_size__hover_enabled=&#8220;14px&#8220; header_6_letter_spacing__hover=&#8220;0px&#8220; header_6_letter_spacing__hover_enabled=&#8220;0px&#8220; header_6_line_height__hover=&#8220;1em&#8220; header_6_line_height__hover_enabled=&#8220;1em&#8220; header_6_text_shadow_style__hover=&#8220;none&#8220; header_6_text_shadow_style__hover_enabled=&#8220;none&#8220; header_6_text_shadow_color__hover=&#8220;rgba(0,0,0,0.4)&#8220; header_6_text_shadow_color__hover_enabled=&#8220;rgba(0,0,0,0.4)&#8220;]<\/p>\n<h4>On-line kalkul\u00e1tor<\/h4>\n<p>Az on-line kalkul\u00e1tor seg\u00edts\u00e9g\u00e9vel sz\u00e1mold ki magadnak!<\/p>\n<p>[\/et_pb_text][et_pb_divider show_divider=&#8220;off&#8220; _builder_version=&#8220;4.9.9&#8243; min_height=&#8220;85px&#8220; height=&#8220;100px&#8220; global_colors_info=&#8220;{}&#8220;]<br \/>\n[\/et_pb_divider][et_pb_button button_url=&#8220;https:\/\/varjasfutofolia.hu\/infrapanel-fogyasztas-kalkulator\/&#8220; button_text=&#8220;Kisz\u00e1molom&#8220; button_alignment=&#8220;right&#8220; _builder_version=&#8220;4.14.2&#8243; custom_button=&#8220;on&#8220; button_text_size=&#8220;15px&#8220; button_text_color=&#8220;#ffffff&#8220; button_bg_color=&#8220;#2a2e40&#8243; button_border_color=&#8220;rgba(0,0,0,0)&#8220; button_border_radius=&#8220;0px&#8220; button_letter_spacing=&#8220;4px&#8220; button_font=&#8220;Roboto|700||on|||||&#8220; custom_margin=&#8220;|-35px||&#8220; custom_padding=&#8220;10px||10px||true|false&#8220; global_colors_info=&#8220;{}&#8220;]<br \/>\n[\/et_pb_button][\/et_pb_column][\/et_pb_row][et_pb_row _builder_version=&#8220;4.14.2&#8243; _module_preset=&#8220;default&#8220; global_colors_info=&#8220;{}&#8220;][et_pb_column type=&#8220;4_4&#8243; _builder_version=&#8220;4.14.2&#8243; _module_preset=&#8220;default&#8220; global_colors_info=&#8220;{}&#8220;][et_pb_divider show_divider=&#8220;off&#8220; _builder_version=&#8220;4.14.2&#8243; _module_preset=&#8220;default&#8220; global_colors_info=&#8220;{}&#8220;][\/et_pb_divider][\/et_pb_column][\/et_pb_row][\/et_pb_section]<\/p>\n","protected":false},"excerpt":{"rendered":"<p>InfrapanelekTerm\u00e9keink\u00a0 &nbsp; Szeretn\u00e9d tudni mekkor a v\u00e1rhat\u00f3 fogyaszt\u00e1sa az infrapanelnek? On-line kalkul\u00e1tor Az on-line kalkul\u00e1tor seg\u00edts\u00e9g\u00e9vel sz\u00e1mold ki magadnak!<\/p>\n","protected":false},"author":1,"featured_media":0,"parent":0,"menu_order":0,"comment_status":"closed","ping_status":"closed","template":"","meta":{"_et_pb_use_builder":"on","_et_pb_old_content":"","_et_gb_content_width":"","footnotes":""},"class_list":["post-9920634","page","type-page","status-publish","hentry"],"yoast_head":"<!-- This site is optimized with the Yoast SEO plugin v26.0 - https:\/\/yoast.com\/wordpress\/plugins\/seo\/ -->\n<title>Infrapanel - Varjas F\u0171t\u0151f\u00f3lia<\/title>\n<meta name=\"robots\" content=\"index, follow, max-snippet:-1, max-image-preview:large, max-video-preview:-1\" \/>\n<link rel=\"canonical\" href=\"https:\/\/varjasfutofolia.hu\/de\/infrapanel\/\" \/>\n<meta property=\"og:locale\" content=\"de_DE\" \/>\n<meta property=\"og:locale:alternate\" content=\"en_US\" \/>\n<meta property=\"og:locale:alternate\" content=\"hu_HU\" \/>\n<meta property=\"og:type\" content=\"article\" \/>\n<meta property=\"og:title\" content=\"Infrapanel - Varjas F\u0171t\u0151f\u00f3lia\" \/>\n<meta property=\"og:description\" content=\"InfrapanelekTerm\u00e9keink\u00a0 &nbsp; Szeretn\u00e9d tudni mekkor a v\u00e1rhat\u00f3 fogyaszt\u00e1sa az infrapanelnek? On-line kalkul\u00e1tor Az on-line kalkul\u00e1tor seg\u00edts\u00e9g\u00e9vel sz\u00e1mold ki magadnak!\" \/>\n<meta property=\"og:url\" content=\"https:\/\/varjasfutofolia.hu\/de\/infrapanel\/\" \/>\n<meta property=\"og:site_name\" content=\"Varjas F\u0171t\u0151f\u00f3lia\" \/>\n<meta property=\"article:modified_time\" content=\"2022-02-21T12:45:06+00:00\" \/>\n<meta name=\"twitter:card\" content=\"summary_large_image\" \/>\n<meta name=\"twitter:label1\" content=\"Gesch\u00e4tzte Lesezeit\" \/>\n\t<meta name=\"twitter:data1\" content=\"11\u00a0Minuten\" \/>\n<script type=\"application\/ld+json\" class=\"yoast-schema-graph\">{\"@context\":\"https:\/\/schema.org\",\"@graph\":[{\"@type\":\"WebPage\",\"@id\":\"https:\/\/varjasfutofolia.hu\/infrapanel\/\",\"url\":\"https:\/\/varjasfutofolia.hu\/infrapanel\/\",\"name\":\"Infrapanel - Varjas F\u0171t\u0151f\u00f3lia\",\"isPartOf\":{\"@id\":\"https:\/\/varjasfutofolia.hu\/#website\"},\"datePublished\":\"2021-11-25T13:49:39+00:00\",\"dateModified\":\"2022-02-21T12:45:06+00:00\",\"breadcrumb\":{\"@id\":\"https:\/\/varjasfutofolia.hu\/infrapanel\/#breadcrumb\"},\"inLanguage\":\"de-DE\",\"potentialAction\":[{\"@type\":\"ReadAction\",\"target\":[\"https:\/\/varjasfutofolia.hu\/infrapanel\/\"]}]},{\"@type\":\"BreadcrumbList\",\"@id\":\"https:\/\/varjasfutofolia.hu\/infrapanel\/#breadcrumb\",\"itemListElement\":[{\"@type\":\"ListItem\",\"position\":1,\"name\":\"Kezd\u0151lap\",\"item\":\"https:\/\/varjasfutofolia.hu\/\"},{\"@type\":\"ListItem\",\"position\":2,\"name\":\"Infrapanel\"}]},{\"@type\":\"WebSite\",\"@id\":\"https:\/\/varjasfutofolia.hu\/#website\",\"url\":\"https:\/\/varjasfutofolia.hu\/\",\"name\":\"Varjas F\u0171t\u0151f\u00f3lia\",\"description\":\"A Nap melege az \u00d6n otthon\u00e1ban\",\"potentialAction\":[{\"@type\":\"SearchAction\",\"target\":{\"@type\":\"EntryPoint\",\"urlTemplate\":\"https:\/\/varjasfutofolia.hu\/?s={search_term_string}\"},\"query-input\":{\"@type\":\"PropertyValueSpecification\",\"valueRequired\":true,\"valueName\":\"search_term_string\"}}],\"inLanguage\":\"de-DE\"}]}<\/script>\n<!-- \/ Yoast SEO plugin. -->","yoast_head_json":{"title":"Infrapanel - Varjas F\u0171t\u0151f\u00f3lia","robots":{"index":"index","follow":"follow","max-snippet":"max-snippet:-1","max-image-preview":"max-image-preview:large","max-video-preview":"max-video-preview:-1"},"canonical":"https:\/\/varjasfutofolia.hu\/de\/infrapanel\/","og_locale":"de_DE","og_type":"article","og_title":"Infrapanel - Varjas F\u0171t\u0151f\u00f3lia","og_description":"InfrapanelekTerm\u00e9keink\u00a0 &nbsp; Szeretn\u00e9d tudni mekkor a v\u00e1rhat\u00f3 fogyaszt\u00e1sa az infrapanelnek? On-line kalkul\u00e1tor Az on-line kalkul\u00e1tor seg\u00edts\u00e9g\u00e9vel sz\u00e1mold ki magadnak!","og_url":"https:\/\/varjasfutofolia.hu\/de\/infrapanel\/","og_site_name":"Varjas F\u0171t\u0151f\u00f3lia","article_modified_time":"2022-02-21T12:45:06+00:00","twitter_card":"summary_large_image","twitter_misc":{"Gesch\u00e4tzte Lesezeit":"11\u00a0Minuten"},"schema":{"@context":"https:\/\/schema.org","@graph":[{"@type":"WebPage","@id":"https:\/\/varjasfutofolia.hu\/infrapanel\/","url":"https:\/\/varjasfutofolia.hu\/infrapanel\/","name":"Infrapanel - Varjas F\u0171t\u0151f\u00f3lia","isPartOf":{"@id":"https:\/\/varjasfutofolia.hu\/#website"},"datePublished":"2021-11-25T13:49:39+00:00","dateModified":"2022-02-21T12:45:06+00:00","breadcrumb":{"@id":"https:\/\/varjasfutofolia.hu\/infrapanel\/#breadcrumb"},"inLanguage":"de-DE","potentialAction":[{"@type":"ReadAction","target":["https:\/\/varjasfutofolia.hu\/infrapanel\/"]}]},{"@type":"BreadcrumbList","@id":"https:\/\/varjasfutofolia.hu\/infrapanel\/#breadcrumb","itemListElement":[{"@type":"ListItem","position":1,"name":"Kezd\u0151lap","item":"https:\/\/varjasfutofolia.hu\/"},{"@type":"ListItem","position":2,"name":"Infrapanel"}]},{"@type":"WebSite","@id":"https:\/\/varjasfutofolia.hu\/#website","url":"https:\/\/varjasfutofolia.hu\/","name":"Varjas F\u0171t\u0151f\u00f3lia","description":"A Nap melege az \u00d6n otthon\u00e1ban","potentialAction":[{"@type":"SearchAction","target":{"@type":"EntryPoint","urlTemplate":"https:\/\/varjasfutofolia.hu\/?s={search_term_string}"},"query-input":{"@type":"PropertyValueSpecification","valueRequired":true,"valueName":"search_term_string"}}],"inLanguage":"de-DE"}]}},"_links":{"self":[{"href":"https:\/\/varjasfutofolia.hu\/de\/wp-json\/wp\/v2\/pages\/9920634","targetHints":{"allow":["GET"]}}],"collection":[{"href":"https:\/\/varjasfutofolia.hu\/de\/wp-json\/wp\/v2\/pages"}],"about":[{"href":"https:\/\/varjasfutofolia.hu\/de\/wp-json\/wp\/v2\/types\/page"}],"author":[{"embeddable":true,"href":"https:\/\/varjasfutofolia.hu\/de\/wp-json\/wp\/v2\/users\/1"}],"replies":[{"embeddable":true,"href":"https:\/\/varjasfutofolia.hu\/de\/wp-json\/wp\/v2\/comments?post=9920634"}],"version-history":[{"count":13,"href":"https:\/\/varjasfutofolia.hu\/de\/wp-json\/wp\/v2\/pages\/9920634\/revisions"}],"predecessor-version":[{"id":9923378,"href":"https:\/\/varjasfutofolia.hu\/de\/wp-json\/wp\/v2\/pages\/9920634\/revisions\/9923378"}],"wp:attachment":[{"href":"https:\/\/varjasfutofolia.hu\/de\/wp-json\/wp\/v2\/media?parent=9920634"}],"curies":[{"name":"wp","href":"https:\/\/api.w.org\/{rel}","templated":true}]}}